{"id":107,"date":"2019-12-06T14:44:36","date_gmt":"2019-12-06T13:44:36","guid":{"rendered":"http:\/\/toilesfilantesproductions.com\/?page_id=107"},"modified":"2020-04-11T14:28:06","modified_gmt":"2020-04-11T12:28:06","slug":"la-communaute-detoile","status":"publish","type":"page","link":"https:\/\/toilesfilantesproductions.com\/index.php\/la-communaute-detoile\/","title":{"rendered":"La communaut\u00e9 d&#8217;\u00c9toile"},"content":{"rendered":"\t\t<div data-elementor-type=\"wp-page\" data-elementor-id=\"107\" class=\"elementor elementor-107\" data-elementor-settings=\"[]\">\n\t\t\t\t\t\t<div class=\"elementor-inner\">\n\t\t\t\t\t\t\t<div class=\"elementor-section-wrap\">\n\t\t\t\t\t\t\t<section class=\"elementor-section elementor-top-section elementor-element elementor-element-fcf364e elementor-section-boxed elementor-section-height-default elementor-section-height-default\" data-id=\"fcf364e\" data-element_type=\"section\">\n\t\t\t\t\t\t<div class=\"elementor-container elementor-column-gap-default\">\n\t\t\t\t\t\t\t<div class=\"elementor-row\">\n\t\t\t\t\t<div class=\"elementor-column elementor-col-100 elementor-top-column elementor-element elementor-element-da190e9\" data-id=\"da190e9\" data-element_type=\"column\">\n\t\t\t<div class=\"elementor-column-wrap elementor-element-populated\">\n\t\t\t\t\t\t\t<div class=\"elementor-widget-wrap\">\n\t\t\t\t\t\t<div class=\"elementor-element elementor-element-d73d8d2 elementor-aspect-ratio-169 elementor-widget elementor-widget-video\" data-id=\"d73d8d2\" data-element_type=\"widget\" data-settings=\"{&quot;video_type&quot;:&quot;vimeo&quot;,&quot;aspect_ratio&quot;:&quot;169&quot;}\" data-widget_type=\"video.default\">\n\t\t\t\t<div class=\"elementor-widget-container\">\n\t\t\t\t\t<div class=\"elementor-wrapper elementor-fit-aspect-ratio elementor-open-inline\">\n\t\t\t<iframe class=\"elementor-video-iframe\" allowfullscreen title=\"Lecteur vid\u00e9o vimeo\" src=\"https:\/\/player.vimeo.com\/video\/72221311?color&amp;autopause=0&amp;loop=0&amp;muted=0&amp;title=1&amp;portrait=1&amp;byline=1#t=\"><\/iframe>\t\t<\/div>\n\t\t\t\t<\/div>\n\t\t\t\t<\/div>\n\t\t\t\t\t\t<\/div>\n\t\t\t\t\t<\/div>\n\t\t<\/div>\n\t\t\t\t\t\t\t\t<\/div>\n\t\t\t\t\t<\/div>\n\t\t<\/section>\n\t\t\t\t<section class=\"elementor-section elementor-top-section elementor-element elementor-element-776e052 elementor-section-boxed elementor-section-height-default elementor-section-height-default\" data-id=\"776e052\" data-element_type=\"section\">\n\t\t\t\t\t\t<div class=\"elementor-container elementor-column-gap-default\">\n\t\t\t\t\t\t\t<div class=\"elementor-row\">\n\t\t\t\t\t<div class=\"elementor-column elementor-col-100 elementor-top-column elementor-element elementor-element-0ab2ced\" data-id=\"0ab2ced\" data-element_type=\"column\">\n\t\t\t<div class=\"elementor-column-wrap elementor-element-populated\">\n\t\t\t\t\t\t\t<div class=\"elementor-widget-wrap\">\n\t\t\t\t\t\t<div class=\"elementor-element elementor-element-267840e elementor-widget elementor-widget-text-editor\" data-id=\"267840e\" data-element_type=\"widget\" data-widget_type=\"text-editor.default\">\n\t\t\t\t<div class=\"elementor-widget-container\">\n\t\t\t\t\t<div class=\"elementor-text-editor elementor-clearfix\"><p><span style=\"font-size: 10pt;\">r\u00e9alisation et image : <strong>Camille Arnaud<\/strong> | montage : <strong>Thorsten Kunisch<\/strong> et <strong>Camille Arnaud<\/strong> | prise de son : <strong>Matthieu Quillet<\/strong> | mixage son : <strong>Sylvain Cadars<\/strong> | \u00e9talonnage : <strong>Erpur Sigurdarson<\/strong> et <strong>Sigurdur Hallmar Magnusson<\/strong> | musique originale : <strong>Sylvie Sagot-Duvauroux<\/strong> | avec la voix de <strong>Fred Dubonnet<\/strong> | dur\u00e9e : 43min environ<\/span><\/p><\/div>\n\t\t\t\t<\/div>\n\t\t\t\t<\/div>\n\t\t\t\t\t\t<\/div>\n\t\t\t\t\t<\/div>\n\t\t<\/div>\n\t\t\t\t\t\t\t\t<\/div>\n\t\t\t\t\t<\/div>\n\t\t<\/section>\n\t\t\t\t<section class=\"elementor-section elementor-top-section elementor-element elementor-element-064434f elementor-section-boxed elementor-section-height-default elementor-section-height-default\" data-id=\"064434f\" data-element_type=\"section\">\n\t\t\t\t\t\t<div class=\"elementor-container elementor-column-gap-default\">\n\t\t\t\t\t\t\t<div class=\"elementor-row\">\n\t\t\t\t\t<div class=\"elementor-column elementor-col-100 elementor-top-column elementor-element elementor-element-3cee756\" data-id=\"3cee756\" data-element_type=\"column\">\n\t\t\t<div class=\"elementor-column-wrap elementor-element-populated\">\n\t\t\t\t\t\t\t<div class=\"elementor-widget-wrap\">\n\t\t\t\t\t\t<div class=\"elementor-element elementor-element-1cd8093 elementor-widget elementor-widget-text-editor\" data-id=\"1cd8093\" data-element_type=\"widget\" data-widget_type=\"text-editor.default\">\n\t\t\t\t<div class=\"elementor-widget-container\">\n\t\t\t\t\t<div class=\"elementor-text-editor elementor-clearfix\"><p>Emma\u00fcs, \u00e0 Etoile, h\u00e9berge des hommes, des femmes et des familles qui vivent et travaillent dans la communaut\u00e9. Cinq jours sur sept, le travail principal des compagnons est de collecter et de recycler les objets qu\u2019on leur donne pour les<br \/>revendre ensuite dans leur immense d\u00e9p\u00f4t appel\u00e9 &#8220;bric-\u00e0brac&#8221;. Ils travaillent chaque jour avec dignit\u00e9 \u00e0 la construction de cette microsoci\u00e9t\u00e9. Comment trouvent-ils leur place entre ce monde autonome et celui de l\u2019ext\u00e9rieur ?<br \/>Avec les compagnes et les compagnons de la communaut\u00e9 Emma\u00fcs \u00e0 Etoile.<\/p><\/div>\n\t\t\t\t<\/div>\n\t\t\t\t<\/div>\n\t\t\t\t\t\t<\/div>\n\t\t\t\t\t<\/div>\n\t\t<\/div>\n\t\t\t\t\t\t\t\t<\/div>\n\t\t\t\t\t<\/div>\n\t\t<\/section>\n\t\t\t\t<section class=\"elementor-section elementor-top-section elementor-element elementor-element-08247b0 elementor-section-boxed elementor-section-height-default elementor-section-height-default\" data-id=\"08247b0\" data-element_type=\"section\">\n\t\t\t\t\t\t<div class=\"elementor-container elementor-column-gap-default\">\n\t\t\t\t\t\t\t<div class=\"elementor-row\">\n\t\t\t\t\t<div class=\"elementor-column elementor-col-100 elementor-top-column elementor-element elementor-element-1023849\" data-id=\"1023849\" data-element_type=\"column\">\n\t\t\t<div class=\"elementor-column-wrap elementor-element-populated\">\n\t\t\t\t\t\t\t<div class=\"elementor-widget-wrap\">\n\t\t\t\t\t\t<div class=\"elementor-element elementor-element-40b43a5 elementor-widget elementor-widget-image-gallery\" data-id=\"40b43a5\" data-element_type=\"widget\" data-widget_type=\"image-gallery.default\">\n\t\t\t\t<div class=\"elementor-widget-container\">\n\t\t\t\t\t<div class=\"elementor-image-gallery\">\n\t\t\t<div id='gallery-1' class='gallery galleryid-107 gallery-columns-3 gallery-size-full'><figure class='gallery-item'>\n\t\t\t<div class='gallery-icon landscape'>\n\t\t\t\t<a data-elementor-open-lightbox=\"yes\" data-elementor-lightbox-slideshow=\"40b43a5\" data-elementor-lightbox-title=\"La communaute\u0301 d&#039;E\u0301toile 1\" href='https:\/\/toilesfilantesproductions.com\/wp-content\/uploads\/2019\/12\/La-communaute\u0301-dE\u0301toile-1.jpg'><img loading=\"lazy\" decoding=\"async\" width=\"768\" height=\"576\" src=\"https:\/\/toilesfilantesproductions.com\/wp-content\/uploads\/2019\/12\/La-communaute\u0301-dE\u0301toile-1.jpg\" class=\"attachment-full size-full\" alt=\"\" srcset=\"https:\/\/toilesfilantesproductions.com\/wp-content\/uploads\/2019\/12\/La-communaute\u0301-dE\u0301toile-1.jpg 768w, https:\/\/toilesfilantesproductions.com\/wp-content\/uploads\/2019\/12\/La-communaute\u0301-dE\u0301toile-1-300x225.jpg 300w\" sizes=\"(max-width: 768px) 85vw, 768px\" \/><\/a>\n\t\t\t<\/div><\/figure><figure class='gallery-item'>\n\t\t\t<div class='gallery-icon landscape'>\n\t\t\t\t<a data-elementor-open-lightbox=\"yes\" data-elementor-lightbox-slideshow=\"40b43a5\" data-elementor-lightbox-title=\"La communaute\u0301 d&#039;E\u0301toile 2\" href='https:\/\/toilesfilantesproductions.com\/wp-content\/uploads\/2019\/12\/La-communaute\u0301-dE\u0301toile-2.jpg'><img loading=\"lazy\" decoding=\"async\" width=\"768\" height=\"576\" src=\"https:\/\/toilesfilantesproductions.com\/wp-content\/uploads\/2019\/12\/La-communaute\u0301-dE\u0301toile-2.jpg\" class=\"attachment-full size-full\" alt=\"\" srcset=\"https:\/\/toilesfilantesproductions.com\/wp-content\/uploads\/2019\/12\/La-communaute\u0301-dE\u0301toile-2.jpg 768w, https:\/\/toilesfilantesproductions.com\/wp-content\/uploads\/2019\/12\/La-communaute\u0301-dE\u0301toile-2-300x225.jpg 300w\" sizes=\"(max-width: 768px) 85vw, 768px\" \/><\/a>\n\t\t\t<\/div><\/figure><figure class='gallery-item'>\n\t\t\t<div class='gallery-icon landscape'>\n\t\t\t\t<a data-elementor-open-lightbox=\"yes\" data-elementor-lightbox-slideshow=\"40b43a5\" data-elementor-lightbox-title=\"La communaute\u0301 d&#039;E\u0301toile 3\" href='https:\/\/toilesfilantesproductions.com\/wp-content\/uploads\/2019\/12\/La-communaute\u0301-dE\u0301toile-3-1.jpg'><img loading=\"lazy\" decoding=\"async\" width=\"768\" height=\"576\" src=\"https:\/\/toilesfilantesproductions.com\/wp-content\/uploads\/2019\/12\/La-communaute\u0301-dE\u0301toile-3-1.jpg\" class=\"attachment-full size-full\" alt=\"\" srcset=\"https:\/\/toilesfilantesproductions.com\/wp-content\/uploads\/2019\/12\/La-communaute\u0301-dE\u0301toile-3-1.jpg 768w, https:\/\/toilesfilantesproductions.com\/wp-content\/uploads\/2019\/12\/La-communaute\u0301-dE\u0301toile-3-1-300x225.jpg 300w\" sizes=\"(max-width: 768px) 85vw, 768px\" \/><\/a>\n\t\t\t<\/div><\/figure><figure class='gallery-item'>\n\t\t\t<div class='gallery-icon landscape'>\n\t\t\t\t<a data-elementor-open-lightbox=\"yes\" data-elementor-lightbox-slideshow=\"40b43a5\" data-elementor-lightbox-title=\"La communaute\u0301 d&#039;E\u0301toile 4\" href='https:\/\/toilesfilantesproductions.com\/wp-content\/uploads\/2019\/12\/La-communaute\u0301-dE\u0301toile-4.jpg'><img loading=\"lazy\" decoding=\"async\" width=\"768\" height=\"576\" src=\"https:\/\/toilesfilantesproductions.com\/wp-content\/uploads\/2019\/12\/La-communaute\u0301-dE\u0301toile-4.jpg\" class=\"attachment-full size-full\" alt=\"\" srcset=\"https:\/\/toilesfilantesproductions.com\/wp-content\/uploads\/2019\/12\/La-communaute\u0301-dE\u0301toile-4.jpg 768w, https:\/\/toilesfilantesproductions.com\/wp-content\/uploads\/2019\/12\/La-communaute\u0301-dE\u0301toile-4-300x225.jpg 300w\" sizes=\"(max-width: 768px) 85vw, 768px\" \/><\/a>\n\t\t\t<\/div><\/figure><figure class='gallery-item'>\n\t\t\t<div class='gallery-icon landscape'>\n\t\t\t\t<a data-elementor-open-lightbox=\"yes\" data-elementor-lightbox-slideshow=\"40b43a5\" data-elementor-lightbox-title=\"La communaute\u0301 d&#039;E\u0301toile 5\" href='https:\/\/toilesfilantesproductions.com\/wp-content\/uploads\/2019\/12\/La-communaute\u0301-dE\u0301toile-5.jpg'><img loading=\"lazy\" decoding=\"async\" width=\"711\" height=\"534\" src=\"https:\/\/toilesfilantesproductions.com\/wp-content\/uploads\/2019\/12\/La-communaute\u0301-dE\u0301toile-5.jpg\" class=\"attachment-full size-full\" alt=\"\" srcset=\"https:\/\/toilesfilantesproductions.com\/wp-content\/uploads\/2019\/12\/La-communaute\u0301-dE\u0301toile-5.jpg 711w, https:\/\/toilesfilantesproductions.com\/wp-content\/uploads\/2019\/12\/La-communaute\u0301-dE\u0301toile-5-300x225.jpg 300w\" sizes=\"(max-width: 711px) 85vw, 711px\" \/><\/a>\n\t\t\t<\/div><\/figure>\n\t\t<\/div>\n\t\t<\/div>\n\t\t\t\t<\/div>\n\t\t\t\t<\/div>\n\t\t\t\t\t\t<\/div>\n\t\t\t\t\t<\/div>\n\t\t<\/div>\n\t\t\t\t\t\t\t\t<\/div>\n\t\t\t\t\t<\/div>\n\t\t<\/section>\n\t\t\t\t\t\t<\/div>\n\t\t\t\t\t\t<\/div>\n\t\t\t\t\t<\/div>\n\t\t","protected":false},"excerpt":{"rendered":"<p>https:\/\/vimeo.com\/72221311 r\u00e9alisation et image : Camille Arnaud | montage : Thorsten Kunisch et Camille Arnaud | prise de son : Matthieu Quillet | mixage son : Sylvain Cadars | \u00e9talonnage : Erpur Sigurdarson et Sigurdur Hallmar Magnusson | musique originale : Sylvie Sagot-Duvauroux | avec la voix de Fred Dubonnet | dur\u00e9e : 43min environ &hellip; <a href=\"https:\/\/toilesfilantesproductions.com\/index.php\/la-communaute-detoile\/\" class=\"more-link\">Continuer la lecture<span class=\"screen-reader-text\"> de &laquo;&nbsp;La communaut\u00e9 d&#8217;\u00c9toile&nbsp;&raquo;<\/span><\/a><\/p>\n","protected":false},"author":1,"featured_media":0,"parent":0,"menu_order":0,"comment_status":"closed","ping_status":"closed","template":"","meta":{"footnotes":""},"yoast_head":"<!-- This site is optimized with the Yoast SEO plugin v15.9 - https:\/\/yoast.com\/wordpress\/plugins\/seo\/ -->\n<title>La communaut\u00e9 d&#039;\u00c9toile &mdash; Toiles Filantes Productions<\/title>\n<meta name=\"robots\" content=\"index, follow, max-snippet:-1, max-image-preview:large, max-video-preview:-1\" \/>\n<link rel=\"canonical\" href=\"https:\/\/toilesfilantesproductions.com\/index.php\/la-communaute-detoile\/\" \/>\n<meta property=\"og:locale\" content=\"fr_FR\" \/>\n<meta property=\"og:type\" content=\"article\" \/>\n<meta property=\"og:title\" content=\"La communaut\u00e9 d&#039;\u00c9toile &mdash; Toiles Filantes Productions\" \/>\n<meta property=\"og:description\" content=\"https:\/\/vimeo.com\/72221311 r\u00e9alisation et image : Camille Arnaud | montage : Thorsten Kunisch et Camille Arnaud | prise de son : Matthieu Quillet | mixage son : Sylvain Cadars | \u00e9talonnage : Erpur Sigurdarson et Sigurdur Hallmar Magnusson | musique originale : Sylvie Sagot-Duvauroux | avec la voix de Fred Dubonnet | dur\u00e9e : 43min environ &hellip; Continuer la lecture de &laquo;&nbsp;La communaut\u00e9 d&#8217;\u00c9toile&nbsp;&raquo;\" \/>\n<meta property=\"og:url\" content=\"https:\/\/toilesfilantesproductions.com\/index.php\/la-communaute-detoile\/\" \/>\n<meta property=\"og:site_name\" content=\"Toiles Filantes Productions\" \/>\n<meta property=\"article:modified_time\" content=\"2020-04-11T12:28:06+00:00\" \/>\n<meta property=\"og:image\" content=\"http:\/\/toilesfilantesproductions.com\/wp-content\/uploads\/2019\/12\/La-communaute\u0301-dE\u0301toile-1.jpg\" \/>\n<meta name=\"twitter:card\" content=\"summary_large_image\" \/>\n<meta name=\"twitter:label1\" content=\"Dur\u00e9e de lecture est.\">\n\t<meta name=\"twitter:data1\" content=\"1 minute\">\n<script type=\"application\/ld+json\" class=\"yoast-schema-graph\">{\"@context\":\"https:\/\/schema.org\",\"@graph\":[{\"@type\":\"Organization\",\"@id\":\"https:\/\/toilesfilantesproductions.com\/#organization\",\"name\":\"Toiles Filantes Productions\",\"url\":\"https:\/\/toilesfilantesproductions.com\/\",\"sameAs\":[],\"logo\":{\"@type\":\"ImageObject\",\"@id\":\"https:\/\/toilesfilantesproductions.com\/#logo\",\"inLanguage\":\"fr-FR\",\"url\":\"https:\/\/toilesfilantesproductions.com\/wp-content\/uploads\/2019\/12\/logo-TFP-production-audiovisuelle-drome.png\",\"width\":400,\"height\":218,\"caption\":\"Toiles Filantes Productions\"},\"image\":{\"@id\":\"https:\/\/toilesfilantesproductions.com\/#logo\"}},{\"@type\":\"WebSite\",\"@id\":\"https:\/\/toilesfilantesproductions.com\/#website\",\"url\":\"https:\/\/toilesfilantesproductions.com\/\",\"name\":\"Toiles Filantes Productions\",\"description\":\"Toiles Filantes Productions r\\u00e9unit des professionnels de l&#039;audiovisuel et vous propose des r\\u00e9alisations de clips de promotion, films institutionnels\\u2026\",\"publisher\":{\"@id\":\"https:\/\/toilesfilantesproductions.com\/#organization\"},\"potentialAction\":[{\"@type\":\"SearchAction\",\"target\":\"https:\/\/toilesfilantesproductions.com\/?s={search_term_string}\",\"query-input\":\"required name=search_term_string\"}],\"inLanguage\":\"fr-FR\"},{\"@type\":\"ImageObject\",\"@id\":\"https:\/\/toilesfilantesproductions.com\/index.php\/la-communaute-detoile\/#primaryimage\",\"inLanguage\":\"fr-FR\",\"url\":\"http:\/\/toilesfilantesproductions.com\/wp-content\/uploads\/2019\/12\/La-communaute\\u0301-dE\\u0301toile-1.jpg\"},{\"@type\":\"WebPage\",\"@id\":\"https:\/\/toilesfilantesproductions.com\/index.php\/la-communaute-detoile\/#webpage\",\"url\":\"https:\/\/toilesfilantesproductions.com\/index.php\/la-communaute-detoile\/\",\"name\":\"La communaut\\u00e9 d'\\u00c9toile &mdash; Toiles Filantes Productions\",\"isPartOf\":{\"@id\":\"https:\/\/toilesfilantesproductions.com\/#website\"},\"primaryImageOfPage\":{\"@id\":\"https:\/\/toilesfilantesproductions.com\/index.php\/la-communaute-detoile\/#primaryimage\"},\"datePublished\":\"2019-12-06T13:44:36+00:00\",\"dateModified\":\"2020-04-11T12:28:06+00:00\",\"breadcrumb\":{\"@id\":\"https:\/\/toilesfilantesproductions.com\/index.php\/la-communaute-detoile\/#breadcrumb\"},\"inLanguage\":\"fr-FR\",\"potentialAction\":[{\"@type\":\"ReadAction\",\"target\":[\"https:\/\/toilesfilantesproductions.com\/index.php\/la-communaute-detoile\/\"]}]},{\"@type\":\"BreadcrumbList\",\"@id\":\"https:\/\/toilesfilantesproductions.com\/index.php\/la-communaute-detoile\/#breadcrumb\",\"itemListElement\":[{\"@type\":\"ListItem\",\"position\":1,\"item\":{\"@type\":\"WebPage\",\"@id\":\"https:\/\/toilesfilantesproductions.com\/\",\"url\":\"https:\/\/toilesfilantesproductions.com\/\",\"name\":\"Accueil\"}},{\"@type\":\"ListItem\",\"position\":2,\"item\":{\"@type\":\"WebPage\",\"@id\":\"https:\/\/toilesfilantesproductions.com\/index.php\/la-communaute-detoile\/\",\"url\":\"https:\/\/toilesfilantesproductions.com\/index.php\/la-communaute-detoile\/\",\"name\":\"La communaut\\u00e9 d&#8217;\\u00c9toile\"}}]}]}<\/script>\n<!-- \/ Yoast SEO plugin. -->","_links":{"self":[{"href":"https:\/\/toilesfilantesproductions.com\/index.php\/wp-json\/wp\/v2\/pages\/107"}],"collection":[{"href":"https:\/\/toilesfilantesproductions.com\/index.php\/wp-json\/wp\/v2\/pages"}],"about":[{"href":"https:\/\/toilesfilantesproductions.com\/index.php\/wp-json\/wp\/v2\/types\/page"}],"author":[{"embeddable":true,"href":"https:\/\/toilesfilantesproductions.com\/index.php\/wp-json\/wp\/v2\/users\/1"}],"replies":[{"embeddable":true,"href":"https:\/\/toilesfilantesproductions.com\/index.php\/wp-json\/wp\/v2\/comments?post=107"}],"version-history":[{"count":12,"href":"https:\/\/toilesfilantesproductions.com\/index.php\/wp-json\/wp\/v2\/pages\/107\/revisions"}],"predecessor-version":[{"id":482,"href":"https:\/\/toilesfilantesproductions.com\/index.php\/wp-json\/wp\/v2\/pages\/107\/revisions\/482"}],"wp:attachment":[{"href":"https:\/\/toilesfilantesproductions.com\/index.php\/wp-json\/wp\/v2\/media?parent=107"}],"curies":[{"name":"wp","href":"https:\/\/api.w.org\/{rel}","templated":true}]}}