{"id":13,"date":"2019-12-05T12:29:19","date_gmt":"2019-12-05T11:29:19","guid":{"rendered":"http:\/\/toilesfilantesproductions.com\/?page_id=13"},"modified":"2020-04-11T16:48:41","modified_gmt":"2020-04-11T14:48:41","slug":"equipe","status":"publish","type":"page","link":"https:\/\/toilesfilantesproductions.com\/index.php\/equipe\/","title":{"rendered":"\u00e9quipe"},"content":{"rendered":"\t\t<div data-elementor-type=\"wp-page\" data-elementor-id=\"13\" class=\"elementor elementor-13\" data-elementor-settings=\"[]\">\n\t\t\t\t\t\t<div class=\"elementor-inner\">\n\t\t\t\t\t\t\t<div class=\"elementor-section-wrap\">\n\t\t\t\t\t\t\t<section class=\"elementor-section elementor-top-section elementor-element elementor-element-fbe6745 elementor-section-boxed elementor-section-height-default elementor-section-height-default\" data-id=\"fbe6745\" data-element_type=\"section\">\n\t\t\t\t\t\t<div class=\"elementor-container elementor-column-gap-default\">\n\t\t\t\t\t\t\t<div class=\"elementor-row\">\n\t\t\t\t\t<div class=\"elementor-column elementor-col-100 elementor-top-column elementor-element elementor-element-5ec160b\" data-id=\"5ec160b\" data-element_type=\"column\">\n\t\t\t<div class=\"elementor-column-wrap elementor-element-populated\">\n\t\t\t\t\t\t\t<div class=\"elementor-widget-wrap\">\n\t\t\t\t\t\t<div class=\"elementor-element elementor-element-b3cd664 elementor-widget elementor-widget-text-editor\" data-id=\"b3cd664\" data-element_type=\"widget\" data-widget_type=\"text-editor.default\">\n\t\t\t\t<div class=\"elementor-widget-container\">\n\t\t\t\t\t<div class=\"elementor-text-editor elementor-clearfix\"><p>Toiles Filantes Productions existe depuis l\u2019\u00e9t\u00e9 2006. Bas\u00e9e \u00e0 Crest (26), cette structure de production audiovisuelle a \u00e9t\u00e9 cr\u00e9\u00e9e \u00e0 l\u2019initiative de Camille Arnaud, rejointe d\u00e8s sa fondation par Thorsten Kunisch et Matthieu Quillet.<\/p><\/div>\n\t\t\t\t<\/div>\n\t\t\t\t<\/div>\n\t\t\t\t\t\t<\/div>\n\t\t\t\t\t<\/div>\n\t\t<\/div>\n\t\t\t\t\t\t\t\t<\/div>\n\t\t\t\t\t<\/div>\n\t\t<\/section>\n\t\t\t\t<section class=\"elementor-section elementor-top-section elementor-element elementor-element-1eb8176 elementor-section-boxed elementor-section-height-default elementor-section-height-default\" data-id=\"1eb8176\" data-element_type=\"section\">\n\t\t\t\t\t\t<div class=\"elementor-container elementor-column-gap-default\">\n\t\t\t\t\t\t\t<div class=\"elementor-row\">\n\t\t\t\t\t<div class=\"elementor-column elementor-col-33 elementor-top-column elementor-element elementor-element-9633382\" data-id=\"9633382\" data-element_type=\"column\">\n\t\t\t<div class=\"elementor-column-wrap elementor-element-populated\">\n\t\t\t\t\t\t\t<div class=\"elementor-widget-wrap\">\n\t\t\t\t\t\t<div class=\"elementor-element elementor-element-29c9d35 elementor-widget elementor-widget-image\" data-id=\"29c9d35\" data-element_type=\"widget\" data-widget_type=\"image.default\">\n\t\t\t\t<div class=\"elementor-widget-container\">\n\t\t\t\t\t<div class=\"elementor-image\">\n\t\t\t\t\t\t\t\t\t\t<img loading=\"lazy\" decoding=\"async\" width=\"267\" height=\"400\" src=\"https:\/\/toilesfilantesproductions.com\/wp-content\/uploads\/2019\/12\/camille-b.jpg\" class=\"attachment-large size-large\" alt=\"Camille Arnaud\" srcset=\"https:\/\/toilesfilantesproductions.com\/wp-content\/uploads\/2019\/12\/camille-b.jpg 267w, https:\/\/toilesfilantesproductions.com\/wp-content\/uploads\/2019\/12\/camille-b-200x300.jpg 200w\" sizes=\"(max-width: 267px) 85vw, 267px\" \/>\t\t\t\t\t\t\t\t\t\t\t<\/div>\n\t\t\t\t<\/div>\n\t\t\t\t<\/div>\n\t\t\t\t\t\t<\/div>\n\t\t\t\t\t<\/div>\n\t\t<\/div>\n\t\t\t\t<div class=\"elementor-column elementor-col-66 elementor-top-column elementor-element elementor-element-a344f23\" data-id=\"a344f23\" data-element_type=\"column\">\n\t\t\t<div class=\"elementor-column-wrap elementor-element-populated\">\n\t\t\t\t\t\t\t<div class=\"elementor-widget-wrap\">\n\t\t\t\t\t\t<div class=\"elementor-element elementor-element-a352f85 elementor-widget elementor-widget-text-editor\" data-id=\"a352f85\" data-element_type=\"widget\" data-widget_type=\"text-editor.default\">\n\t\t\t\t<div class=\"elementor-widget-container\">\n\t\t\t\t\t<div class=\"elementor-text-editor elementor-clearfix\"><p><strong>Camille Arnaud<\/strong><\/p><p>Dipl\u00f4m\u00e9e d\u2019une ma\u00eetrise \u00ab Cin\u00e9ma Audio-Visuel \u00bb des universit\u00e9s de Paris 8 et du Dublin Institute of Technology (Irlande), ainsi que du dipl\u00f4me de monteur de l\u2019Institut National de l\u2019Audiovisuel.<br \/>Elle r\u00e9alise, cadre et monte des films documentaires, d\u2019essais et de commande depuis 2002.<br \/>Elle collabore \u00e9galement avec d&#8217;autres r\u00e9alisateurs et artistes sur des cr\u00e9ations visuelles et de la programmation.<\/p><\/div>\n\t\t\t\t<\/div>\n\t\t\t\t<\/div>\n\t\t\t\t\t\t<\/div>\n\t\t\t\t\t<\/div>\n\t\t<\/div>\n\t\t\t\t\t\t\t\t<\/div>\n\t\t\t\t\t<\/div>\n\t\t<\/section>\n\t\t\t\t<section class=\"elementor-section elementor-top-section elementor-element elementor-element-5275e88 elementor-section-boxed elementor-section-height-default elementor-section-height-default\" data-id=\"5275e88\" data-element_type=\"section\">\n\t\t\t\t\t\t<div class=\"elementor-container elementor-column-gap-default\">\n\t\t\t\t\t\t\t<div class=\"elementor-row\">\n\t\t\t\t\t<div class=\"elementor-column elementor-col-33 elementor-top-column elementor-element elementor-element-5d83c16\" data-id=\"5d83c16\" data-element_type=\"column\">\n\t\t\t<div class=\"elementor-column-wrap elementor-element-populated\">\n\t\t\t\t\t\t\t<div class=\"elementor-widget-wrap\">\n\t\t\t\t\t\t<div class=\"elementor-element elementor-element-21ad380 elementor-widget elementor-widget-image\" data-id=\"21ad380\" data-element_type=\"widget\" data-widget_type=\"image.default\">\n\t\t\t\t<div class=\"elementor-widget-container\">\n\t\t\t\t\t<div class=\"elementor-image\">\n\t\t\t\t\t\t\t\t\t\t<img loading=\"lazy\" decoding=\"async\" width=\"267\" height=\"400\" src=\"https:\/\/toilesfilantesproductions.com\/wp-content\/uploads\/2019\/12\/thorsten-b.jpg\" class=\"attachment-large size-large\" alt=\"Thorsten Kunisch\" srcset=\"https:\/\/toilesfilantesproductions.com\/wp-content\/uploads\/2019\/12\/thorsten-b.jpg 267w, https:\/\/toilesfilantesproductions.com\/wp-content\/uploads\/2019\/12\/thorsten-b-200x300.jpg 200w\" sizes=\"(max-width: 267px) 85vw, 267px\" \/>\t\t\t\t\t\t\t\t\t\t\t<\/div>\n\t\t\t\t<\/div>\n\t\t\t\t<\/div>\n\t\t\t\t\t\t<\/div>\n\t\t\t\t\t<\/div>\n\t\t<\/div>\n\t\t\t\t<div class=\"elementor-column elementor-col-66 elementor-top-column elementor-element elementor-element-469bebf\" data-id=\"469bebf\" data-element_type=\"column\">\n\t\t\t<div class=\"elementor-column-wrap elementor-element-populated\">\n\t\t\t\t\t\t\t<div class=\"elementor-widget-wrap\">\n\t\t\t\t\t\t<div class=\"elementor-element elementor-element-a563c62 elementor-widget elementor-widget-text-editor\" data-id=\"a563c62\" data-element_type=\"widget\" data-widget_type=\"text-editor.default\">\n\t\t\t\t<div class=\"elementor-widget-container\">\n\t\t\t\t\t<div class=\"elementor-text-editor elementor-clearfix\"><p><strong>Thorsten Kunisch<\/strong><\/p><p>Dipl\u00f4m\u00e9 d&#8217;un Master &#8220;Culture des M\u00e9dias &#8211; Cin\u00e9ma et T\u00e9l\u00e9vision&#8221; de l\u2019universit\u00e9 de Hambourg et un\u00a0DEUG en P\u00e9dagogie de\u00a0l&#8217;universit\u00e9 de D\u00fcsseldorf, Allemagne.\u00a0En 2013, il a suivi une formation de perfectionnement en cadrage et lumi\u00e8re aux Gobelins, Paris.<br \/>Il r\u00e9alise, cadre et monte des films documentaires ainsi que des clips de promotion et films institutionnels.<br \/>Initiateur de <em>Cr\u00e9er un film ensemble<\/em>, il porte ce projet artistique et \u00e9ducatif depuis 2009.<\/p><\/div>\n\t\t\t\t<\/div>\n\t\t\t\t<\/div>\n\t\t\t\t\t\t<\/div>\n\t\t\t\t\t<\/div>\n\t\t<\/div>\n\t\t\t\t\t\t\t\t<\/div>\n\t\t\t\t\t<\/div>\n\t\t<\/section>\n\t\t\t\t<section class=\"elementor-section elementor-top-section elementor-element elementor-element-58b9e4e elementor-section-boxed elementor-section-height-default elementor-section-height-default\" data-id=\"58b9e4e\" data-element_type=\"section\">\n\t\t\t\t\t\t<div class=\"elementor-container elementor-column-gap-default\">\n\t\t\t\t\t\t\t<div class=\"elementor-row\">\n\t\t\t\t\t<div class=\"elementor-column elementor-col-33 elementor-top-column elementor-element elementor-element-0b290a3\" data-id=\"0b290a3\" data-element_type=\"column\">\n\t\t\t<div class=\"elementor-column-wrap elementor-element-populated\">\n\t\t\t\t\t\t\t<div class=\"elementor-widget-wrap\">\n\t\t\t\t\t\t<div class=\"elementor-element elementor-element-f315f30 elementor-widget elementor-widget-image\" data-id=\"f315f30\" data-element_type=\"widget\" data-widget_type=\"image.default\">\n\t\t\t\t<div class=\"elementor-widget-container\">\n\t\t\t\t\t<div class=\"elementor-image\">\n\t\t\t\t\t\t\t\t\t\t<img loading=\"lazy\" decoding=\"async\" width=\"267\" height=\"400\" src=\"https:\/\/toilesfilantesproductions.com\/wp-content\/uploads\/2019\/12\/matthieu-b.jpg\" class=\"attachment-large size-large\" alt=\"Matthieu Quillet\" srcset=\"https:\/\/toilesfilantesproductions.com\/wp-content\/uploads\/2019\/12\/matthieu-b.jpg 267w, https:\/\/toilesfilantesproductions.com\/wp-content\/uploads\/2019\/12\/matthieu-b-200x300.jpg 200w\" sizes=\"(max-width: 267px) 85vw, 267px\" \/>\t\t\t\t\t\t\t\t\t\t\t<\/div>\n\t\t\t\t<\/div>\n\t\t\t\t<\/div>\n\t\t\t\t\t\t<\/div>\n\t\t\t\t\t<\/div>\n\t\t<\/div>\n\t\t\t\t<div class=\"elementor-column elementor-col-66 elementor-top-column elementor-element elementor-element-6322167\" data-id=\"6322167\" data-element_type=\"column\">\n\t\t\t<div class=\"elementor-column-wrap elementor-element-populated\">\n\t\t\t\t\t\t\t<div class=\"elementor-widget-wrap\">\n\t\t\t\t\t\t<div class=\"elementor-element elementor-element-7282ef4 elementor-widget elementor-widget-text-editor\" data-id=\"7282ef4\" data-element_type=\"widget\" data-widget_type=\"text-editor.default\">\n\t\t\t\t<div class=\"elementor-widget-container\">\n\t\t\t\t\t<div class=\"elementor-text-editor elementor-clearfix\"><p><strong>Matthieu Quillet<\/strong><\/p><p>Non dipl\u00f4m\u00e9 de l&#8217;\u00e9cole INRACI (Bruxelles), il s&#8217;est form\u00e9 en initiant ou participant \u00e0 des projets culturels et cin\u00e9matographiques en Europe, dans le Caucase et en Afrique de l&#8217;Ouest.<br \/>Il r\u00e9alise, cadre et monte des films documentaires et et des captations de concerts et de spectacles vivants.<br \/>Il prom\u00e8ne sa cam\u00e9ra et projette ses films dans des festivals de cin\u00e9ma, des squats de punks et dans des jungles de migrants \u00e0 Calais, en Italie et en Gr\u00e8ce.<\/p><\/div>\n\t\t\t\t<\/div>\n\t\t\t\t<\/div>\n\t\t\t\t\t\t<\/div>\n\t\t\t\t\t<\/div>\n\t\t<\/div>\n\t\t\t\t\t\t\t\t<\/div>\n\t\t\t\t\t<\/div>\n\t\t<\/section>\n\t\t\t\t<section class=\"elementor-section elementor-top-section elementor-element elementor-element-c1d9b07 elementor-section-boxed elementor-section-height-default elementor-section-height-default\" data-id=\"c1d9b07\" data-element_type=\"section\">\n\t\t\t\t\t\t<div class=\"elementor-container elementor-column-gap-default\">\n\t\t\t\t\t\t\t<div class=\"elementor-row\">\n\t\t\t\t\t<div class=\"elementor-column elementor-col-33 elementor-top-column elementor-element elementor-element-180a3d2\" data-id=\"180a3d2\" data-element_type=\"column\">\n\t\t\t<div class=\"elementor-column-wrap elementor-element-populated\">\n\t\t\t\t\t\t\t<div class=\"elementor-widget-wrap\">\n\t\t\t\t\t\t<div class=\"elementor-element elementor-element-7a56dda elementor-widget elementor-widget-image\" data-id=\"7a56dda\" data-element_type=\"widget\" data-widget_type=\"image.default\">\n\t\t\t\t<div class=\"elementor-widget-container\">\n\t\t\t\t\t<div class=\"elementor-image\">\n\t\t\t\t\t\t\t\t\t\t<img loading=\"lazy\" decoding=\"async\" width=\"267\" height=\"400\" src=\"https:\/\/toilesfilantesproductions.com\/wp-content\/uploads\/2019\/12\/laurie-sanquer.jpg\" class=\"attachment-large size-large\" alt=\"\" srcset=\"https:\/\/toilesfilantesproductions.com\/wp-content\/uploads\/2019\/12\/laurie-sanquer.jpg 267w, https:\/\/toilesfilantesproductions.com\/wp-content\/uploads\/2019\/12\/laurie-sanquer-200x300.jpg 200w\" sizes=\"(max-width: 267px) 85vw, 267px\" \/>\t\t\t\t\t\t\t\t\t\t\t<\/div>\n\t\t\t\t<\/div>\n\t\t\t\t<\/div>\n\t\t\t\t\t\t<\/div>\n\t\t\t\t\t<\/div>\n\t\t<\/div>\n\t\t\t\t<div class=\"elementor-column elementor-col-66 elementor-top-column elementor-element elementor-element-84e8982\" data-id=\"84e8982\" data-element_type=\"column\">\n\t\t\t<div class=\"elementor-column-wrap elementor-element-populated\">\n\t\t\t\t\t\t\t<div class=\"elementor-widget-wrap\">\n\t\t\t\t\t\t<div class=\"elementor-element elementor-element-942e892 elementor-widget elementor-widget-text-editor\" data-id=\"942e892\" data-element_type=\"widget\" data-widget_type=\"text-editor.default\">\n\t\t\t\t<div class=\"elementor-widget-container\">\n\t\t\t\t\t<div class=\"elementor-text-editor elementor-clearfix\"><p><strong>Laurie Sanquer<\/strong><\/p><p>Laurie a \u00e9tudi\u00e9 aux Beaux-Arts de Valence puis au Post Dipl\u00f4me de Lyon avec Jean-Pierre Rehm. Elle rejoint Toiles Filantes Productions en 2017, apr\u00e8s avoir r\u00e9alis\u00e9 avec Imagenius <em>Lady Flow, un piano \u00e0 la voile<\/em> et <em>Tamura Shihan, un Budo une pratique de vie<\/em>. Elle r\u00e9alise aussi des teasers pour des compagnies (danse, th\u00e9\u00e2tre et musique) et intervient en r\u00e9gie vid\u00e9o (Millumin, QLab).<\/p><\/div>\n\t\t\t\t<\/div>\n\t\t\t\t<\/div>\n\t\t\t\t\t\t<\/div>\n\t\t\t\t\t<\/div>\n\t\t<\/div>\n\t\t\t\t\t\t\t\t<\/div>\n\t\t\t\t\t<\/div>\n\t\t<\/section>\n\t\t\t\t\t\t<\/div>\n\t\t\t\t\t\t<\/div>\n\t\t\t\t\t<\/div>\n\t\t","protected":false},"excerpt":{"rendered":"<p>Toiles Filantes Productions existe depuis l\u2019\u00e9t\u00e9 2006. Bas\u00e9e \u00e0 Crest (26), cette structure de production audiovisuelle a \u00e9t\u00e9 cr\u00e9\u00e9e \u00e0 l\u2019initiative de Camille Arnaud, rejointe d\u00e8s sa fondation par Thorsten Kunisch et Matthieu Quillet. Camille Arnaud Dipl\u00f4m\u00e9e d\u2019une ma\u00eetrise \u00ab Cin\u00e9ma Audio-Visuel \u00bb des universit\u00e9s de Paris 8 et du Dublin Institute of Technology (Irlande), &hellip; <a href=\"https:\/\/toilesfilantesproductions.com\/index.php\/equipe\/\" class=\"more-link\">Continuer la lecture<span class=\"screen-reader-text\"> de &laquo;&nbsp;\u00e9quipe&nbsp;&raquo;<\/span><\/a><\/p>\n","protected":false},"author":1,"featured_media":0,"parent":0,"menu_order":0,"comment_status":"closed","ping_status":"closed","template":"","meta":{"footnotes":""},"yoast_head":"<!-- This site is optimized with the Yoast SEO plugin v15.9 - https:\/\/yoast.com\/wordpress\/plugins\/seo\/ -->\n<title>\u00e9quipe &mdash; Toiles Filantes Productions<\/title>\n<meta name=\"robots\" content=\"index, follow, max-snippet:-1, max-image-preview:large, max-video-preview:-1\" \/>\n<link rel=\"canonical\" href=\"https:\/\/toilesfilantesproductions.com\/index.php\/equipe\/\" \/>\n<meta property=\"og:locale\" content=\"fr_FR\" \/>\n<meta property=\"og:type\" content=\"article\" \/>\n<meta property=\"og:title\" content=\"\u00e9quipe &mdash; Toiles Filantes Productions\" \/>\n<meta property=\"og:description\" content=\"Toiles Filantes Productions existe depuis l\u2019\u00e9t\u00e9 2006. Bas\u00e9e \u00e0 Crest (26), cette structure de production audiovisuelle a \u00e9t\u00e9 cr\u00e9\u00e9e \u00e0 l\u2019initiative de Camille Arnaud, rejointe d\u00e8s sa fondation par Thorsten Kunisch et Matthieu Quillet. Camille Arnaud Dipl\u00f4m\u00e9e d\u2019une ma\u00eetrise \u00ab Cin\u00e9ma Audio-Visuel \u00bb des universit\u00e9s de Paris 8 et du Dublin Institute of Technology (Irlande), &hellip; Continuer la lecture de &laquo;&nbsp;\u00e9quipe&nbsp;&raquo;\" \/>\n<meta property=\"og:url\" content=\"https:\/\/toilesfilantesproductions.com\/index.php\/equipe\/\" \/>\n<meta property=\"og:site_name\" content=\"Toiles Filantes Productions\" \/>\n<meta property=\"article:modified_time\" content=\"2020-04-11T14:48:41+00:00\" \/>\n<meta property=\"og:image\" content=\"http:\/\/toilesfilantesproductions.com\/wp-content\/uploads\/2019\/12\/camille-b.jpg\" \/>\n<meta name=\"twitter:card\" content=\"summary_large_image\" \/>\n<meta name=\"twitter:label1\" content=\"Dur\u00e9e de lecture est.\">\n\t<meta name=\"twitter:data1\" content=\"2 minutes\">\n<script type=\"application\/ld+json\" class=\"yoast-schema-graph\">{\"@context\":\"https:\/\/schema.org\",\"@graph\":[{\"@type\":\"Organization\",\"@id\":\"https:\/\/toilesfilantesproductions.com\/#organization\",\"name\":\"Toiles Filantes Productions\",\"url\":\"https:\/\/toilesfilantesproductions.com\/\",\"sameAs\":[],\"logo\":{\"@type\":\"ImageObject\",\"@id\":\"https:\/\/toilesfilantesproductions.com\/#logo\",\"inLanguage\":\"fr-FR\",\"url\":\"https:\/\/toilesfilantesproductions.com\/wp-content\/uploads\/2019\/12\/logo-TFP-production-audiovisuelle-drome.png\",\"width\":400,\"height\":218,\"caption\":\"Toiles Filantes Productions\"},\"image\":{\"@id\":\"https:\/\/toilesfilantesproductions.com\/#logo\"}},{\"@type\":\"WebSite\",\"@id\":\"https:\/\/toilesfilantesproductions.com\/#website\",\"url\":\"https:\/\/toilesfilantesproductions.com\/\",\"name\":\"Toiles Filantes Productions\",\"description\":\"Toiles Filantes Productions r\\u00e9unit des professionnels de l&#039;audiovisuel et vous propose des r\\u00e9alisations de clips de promotion, films institutionnels\\u2026\",\"publisher\":{\"@id\":\"https:\/\/toilesfilantesproductions.com\/#organization\"},\"potentialAction\":[{\"@type\":\"SearchAction\",\"target\":\"https:\/\/toilesfilantesproductions.com\/?s={search_term_string}\",\"query-input\":\"required name=search_term_string\"}],\"inLanguage\":\"fr-FR\"},{\"@type\":\"ImageObject\",\"@id\":\"https:\/\/toilesfilantesproductions.com\/index.php\/equipe\/#primaryimage\",\"inLanguage\":\"fr-FR\",\"url\":\"http:\/\/toilesfilantesproductions.com\/wp-content\/uploads\/2019\/12\/camille-b.jpg\"},{\"@type\":\"WebPage\",\"@id\":\"https:\/\/toilesfilantesproductions.com\/index.php\/equipe\/#webpage\",\"url\":\"https:\/\/toilesfilantesproductions.com\/index.php\/equipe\/\",\"name\":\"\\u00e9quipe &mdash; Toiles Filantes Productions\",\"isPartOf\":{\"@id\":\"https:\/\/toilesfilantesproductions.com\/#website\"},\"primaryImageOfPage\":{\"@id\":\"https:\/\/toilesfilantesproductions.com\/index.php\/equipe\/#primaryimage\"},\"datePublished\":\"2019-12-05T11:29:19+00:00\",\"dateModified\":\"2020-04-11T14:48:41+00:00\",\"breadcrumb\":{\"@id\":\"https:\/\/toilesfilantesproductions.com\/index.php\/equipe\/#breadcrumb\"},\"inLanguage\":\"fr-FR\",\"potentialAction\":[{\"@type\":\"ReadAction\",\"target\":[\"https:\/\/toilesfilantesproductions.com\/index.php\/equipe\/\"]}]},{\"@type\":\"BreadcrumbList\",\"@id\":\"https:\/\/toilesfilantesproductions.com\/index.php\/equipe\/#breadcrumb\",\"itemListElement\":[{\"@type\":\"ListItem\",\"position\":1,\"item\":{\"@type\":\"WebPage\",\"@id\":\"https:\/\/toilesfilantesproductions.com\/\",\"url\":\"https:\/\/toilesfilantesproductions.com\/\",\"name\":\"Accueil\"}},{\"@type\":\"ListItem\",\"position\":2,\"item\":{\"@type\":\"WebPage\",\"@id\":\"https:\/\/toilesfilantesproductions.com\/index.php\/equipe\/\",\"url\":\"https:\/\/toilesfilantesproductions.com\/index.php\/equipe\/\",\"name\":\"\\u00e9quipe\"}}]}]}<\/script>\n<!-- \/ Yoast SEO plugin. -->","_links":{"self":[{"href":"https:\/\/toilesfilantesproductions.com\/index.php\/wp-json\/wp\/v2\/pages\/13"}],"collection":[{"href":"https:\/\/toilesfilantesproductions.com\/index.php\/wp-json\/wp\/v2\/pages"}],"about":[{"href":"https:\/\/toilesfilantesproductions.com\/index.php\/wp-json\/wp\/v2\/types\/page"}],"author":[{"embeddable":true,"href":"https:\/\/toilesfilantesproductions.com\/index.php\/wp-json\/wp\/v2\/users\/1"}],"replies":[{"embeddable":true,"href":"https:\/\/toilesfilantesproductions.com\/index.php\/wp-json\/wp\/v2\/comments?post=13"}],"version-history":[{"count":24,"href":"https:\/\/toilesfilantesproductions.com\/index.php\/wp-json\/wp\/v2\/pages\/13\/revisions"}],"predecessor-version":[{"id":522,"href":"https:\/\/toilesfilantesproductions.com\/index.php\/wp-json\/wp\/v2\/pages\/13\/revisions\/522"}],"wp:attachment":[{"href":"https:\/\/toilesfilantesproductions.com\/index.php\/wp-json\/wp\/v2\/media?parent=13"}],"curies":[{"name":"wp","href":"https:\/\/api.w.org\/{rel}","templated":true}]}}