{"id":183,"date":"2019-12-10T05:56:52","date_gmt":"2019-12-10T04:56:52","guid":{"rendered":"http:\/\/toilesfilantesproductions.com\/?page_id=183"},"modified":"2020-04-11T13:44:55","modified_gmt":"2020-04-11T11:44:55","slug":"le-petit-peuple-dho-lui","status":"publish","type":"page","link":"https:\/\/toilesfilantesproductions.com\/index.php\/le-petit-peuple-dho-lui\/","title":{"rendered":"Le petit peuple d\u2019Ho Lui"},"content":{"rendered":"\t\t<div data-elementor-type=\"wp-page\" data-elementor-id=\"183\" class=\"elementor elementor-183\" data-elementor-settings=\"[]\">\n\t\t\t\t\t\t<div class=\"elementor-inner\">\n\t\t\t\t\t\t\t<div class=\"elementor-section-wrap\">\n\t\t\t\t\t\t\t<section class=\"elementor-section elementor-top-section elementor-element elementor-element-ca70ecb elementor-section-boxed elementor-section-height-default elementor-section-height-default\" data-id=\"ca70ecb\" data-element_type=\"section\">\n\t\t\t\t\t\t<div class=\"elementor-container elementor-column-gap-default\">\n\t\t\t\t\t\t\t<div class=\"elementor-row\">\n\t\t\t\t\t<div class=\"elementor-column elementor-col-100 elementor-top-column elementor-element elementor-element-6dd52d7\" data-id=\"6dd52d7\" data-element_type=\"column\">\n\t\t\t<div class=\"elementor-column-wrap elementor-element-populated\">\n\t\t\t\t\t\t\t<div class=\"elementor-widget-wrap\">\n\t\t\t\t\t\t<div class=\"elementor-element elementor-element-e5239b5 elementor-widget elementor-widget-text-editor\" data-id=\"e5239b5\" data-element_type=\"widget\" data-widget_type=\"text-editor.default\">\n\t\t\t\t<div class=\"elementor-widget-container\">\n\t\t\t\t\t<div class=\"elementor-text-editor elementor-clearfix\"><p><span style=\"font-family: Nunito Sans; font-size: 12pt;\">Un <b>pangramme<\/b> (du grec ancien \u03c0\u1fb6\u03c2 \/ p\u00e2s (\u00ab\u00a0tout\u00a0\u00bb) et \u03b3\u03c1\u03ac\u03bc\u03bc\u03b1 \/ gr\u00e1mma (\u00ab\u00a0lettre\u00a0\u00bb)) est une phrase comportant toutes les lettres de l\u2019alphabet.<\/span><\/p><p><span style=\"font-family: Nunito Sans; font-size: 12pt;\">En fran\u00e7ais, un pangramme comporte au moins 26 lettres. Il doit en compter au moins 42 si on compte les lettres accentu\u00e9es et les ligatures (\u00e0, \u00e2, \u00e9, \u00e8, \u00ea, \u00eb, \u00ee, \u00ef, \u00f4, \u00f9, \u00fb, \u00fc, \u00ff, \u00e7, \u00e6 et \u0153). Si l\u2019on peut atteindre la limite th\u00e9orique en recourant massivement aux abr\u00e9viations et aux sigles, le talent consiste \u00e0 construire une phrase coh\u00e9rente la plus courte possible, sans lettres solitaires, ni abr\u00e9viation ou sigle.<\/span><\/p><p><span style=\"font-family: Nunito Sans; font-size: 12pt;\"><i>Portez ce vieux whisky au juge blond qui fume<\/i> est probablement le plus c\u00e9l\u00e8bre pangramme fran\u00e7ais, n\u2019utilisant qu\u2019une seule fois chaque consonne et constituant en outre un alexandrin. En anglais, il s\u2019agit de <i>The quick brown fox jumps over the lazy dog<\/i>.<\/span><\/p><h3 class=\"western\"><span style=\"font-family: Nunito Sans; font-size: 12pt;\">Usage<\/span><\/h3><p><span style=\"font-family: Nunito Sans; font-size: 12pt;\">Une des finalit\u00e9s d\u2019un pangramme est de tester les machines \u00e0 \u00e9crire. On l\u2019utilise aussi en typographie pour faire des tests de fontes de caract\u00e8res. L\u2019usage a perdur\u00e9 en informatique, les programmes d\u2019aper\u00e7u de polices de caract\u00e8res faisant \u00e9galement usage de pangrammes.<br \/>\u00c9quivalents non-latins<\/span><\/p><p><span style=\"font-family: Nunito Sans; font-size: 12pt;\">Les pangrammes ne se limitent pas obligatoirement \u00e0 l\u2019alphabet latin. On peut en composer avec les lettres des alphabets cyrillique, grec, h\u00e9breu, &#8230;<\/span><\/p><p><span style=\"font-family: Nunito Sans; font-size: 12pt;\">Bien que ne correspondant pas exactement \u00e0 la d\u00e9finition du pangramme, l\u2019iroha japonais en est relativement proche dans son concept puisqu\u2019il r\u00e9unit tous les hiraganas en un unique po\u00e8me. Cependant, il s\u2019agit ici d\u2019un texte contenant un syllabaire et non d\u2019une phrase contenant un alphabet.<br \/>Exemples de pangrammes connus<br \/>Sans les lettres accentu\u00e9es<\/span><\/p><p><span style=\"font-family: Nunito Sans; font-size: 12pt;\">Voici d\u2019autres pangrammes. Seules sont retenues les phrases ayant un sens et qui sont correctement accord\u00e9es. Ils sont dits \u00ab\u00a0sans les lettres accentu\u00e9es\u00a0\u00bb car on ne s\u2019y est pas oblig\u00e9 \u00e0 mettre toutes les lettres accentu\u00e9es mais certains en contiennent plusieurs.<\/span><\/p><p><span style=\"font-family: Nunito Sans; font-size: 12pt;\">B\u00e2chez la queue du wagon-taxi avec les pyjamas du fakir. (anonyme) (55 lettres)<br \/>Monsieur Jack, vous dactylographiez bien mieux que votre ami Wolf (s\u2019utilisait dans l\u2019arm\u00e9e suisse pour tester le clavier des t\u00e9l\u00e9scripteurs. Elle n\u2019a pas d\u2019accent car ceux-ci ne pouvaient pas se transmettre) (55)<br \/>Voix ambigu\u00eb d\u2019un c\u0153ur qui, au z\u00e9phyr, pr\u00e9f\u00e8re les jattes de kiwis. (anonyme) (53) (utilis\u00e9e comme phrase de d\u00e9monstration de certaines polices typographiques, dont celles de Windows, \u00e0 partir de la version XP &amp; Blackberry)<br \/>Mon pauvre z\u00e9bu ankylos\u00e9 choque deux fois ton wagon jaune (anonyme) (48)<br \/>Le vif z\u00e9phyr jubile sur les kumquats du clown gracieux. (utilis\u00e9 comme phrase de d\u00e9monstration des polices de caract\u00e8re sous les vieilles versions de Mac OS et dans Papyrus Gold) (46)<br \/>Zut\u00a0! Je crois que le chien Sambuca pr\u00e9f\u00e8re le whisky revigorant au doux porto. (remplace la pr\u00e9c\u00e9dente dans des versions plus r\u00e9centes) (64)<br \/>Voyez le brick g\u00e9ant que j\u2019examine pr\u00e8s du wharf. (utilis\u00e9 par l\u2019UIT1) (39)<br \/>Portez ce vieux whisky au juge blond qui fume (Charles Triouleyre\u00a0?) (37), alexandrin classique n\u2019utilisant qu\u2019une seule fois chaque consonne<br \/>Buvez de ce whisky que le patron juge fameux. (anonyme) (36)<br \/>Grimpez quand ce whisky flatte vos bijoux (Chambaron) (35)<\/span><\/p><p><span style=\"font-family: Nunito Sans; font-size: 12pt;\">On ne peut, par d\u00e9finition, r\u00e9diger de pangramme de moins de vingt-six lettres mais il semblerait qu\u2019on ne puisse cr\u00e9er un pangramme de moins de 30 lettres qu\u2019en rendant la phrase peu intelligible. Les pangrammes de moins de 30 lettres, envahis d\u2019abr\u00e9viations, de noms propres ou de sigles entrent dans cette cat\u00e9gorie ou encore celui-ci\u00a0:<\/span><\/p><p><span style=\"font-family: Nunito Sans; font-size: 12pt;\">Whisky vert\u00a0: jugez cinq fox d\u2019aplomb. (OuLiPo) (29)<\/span><\/p><p><span style=\"font-family: Nunito Sans; font-size: 12pt;\"><b>Georges Perec<\/b> allie pangramme et lipogramme dans La Disparition, roman n\u2019utilisant pas la lettre e2. Il cr\u00e9e ainsi une phrase contenant toutes les lettres de l\u2019alphabet, except\u00e9 le e\u00a0:<\/span><\/p><p><span style=\"font-family: Nunito Sans; font-size: 12pt;\"><i>Portons dix bons whiskys \u00e0 l\u2019avocat goujat qui fumait au zoo.<\/i> (Georges Perec) (51)<\/span><\/p><p><span style=\"font-family: Nunito Sans; font-size: 12pt;\">Avec les lettres accentu\u00e9es<\/span><\/p><p><span style=\"font-family: Nunito Sans; font-size: 12pt;\">Ces pangrammes sont dits \u00ab\u00a0avec les lettres accentu\u00e9es\u00a0\u00bb car on s\u2019est oblig\u00e9 \u00e0 les y mettre toutes \u2014 y adjoignant le \u00e7 \u2014 \u00e0 savoir donc\u00a0: \u00e0, \u00e2, \u00e9, \u00e8, \u00ea, \u00eb, \u00ee, \u00ef, \u00f4, \u00f9, \u00fb, \u00fc, \u00e7. Le cas des ligatures que sont \u0153 et \u00e6 est un peu particulier\u00a0: certains pangrammes les ignorent, d\u2019autres les incluent. Le y tr\u00e9ma \u00ff est un cas similaire3,4.<\/span><\/p><p><span style=\"font-family: Nunito Sans; font-size: 12pt;\"><i>Portez ce vieux whisky au juge blond qui fume sur son \u00eele int\u00e9rieure, \u00e0 c\u00f4t\u00e9 de l\u2019alc\u00f4ve ovo\u00efde<\/i>, o\u00f9 <i>les b\u00fbches se consument dans l\u2019\u00e2tre, ce qui lui permet de penser \u00e0 la c\u00e6nog\u00e9n\u00e8se de l\u2019\u00eatre dont il est question dans la cause ambigu\u00eb entendue \u00e0 Mo\u00ff, dans un capharna\u00fcm qui, pense-t-il, diminue \u00e7\u00e0 et l\u00e0 la qualit\u00e9 de son \u0153uvre.<\/i><br \/><i>D\u00e8s No\u00ebl o\u00f9 un z\u00e9phyr ha\u00ef me v\u00eat de gla\u00e7ons w\u00fcrmiens je d\u00eene d\u2019exquis r\u00f4tis de b\u0153uf au kir \u00e0 l\u2019a\u00ff d\u2019\u00e2ge m\u00fbr &amp; c\u00e6tera<\/i>\u00a0! (contient les 42 caract\u00e8res de la langue fran\u00e7aise) (Gilles Esposito-Far\u00e8se)<\/span><\/p><\/div>\n\t\t\t\t<\/div>\n\t\t\t\t<\/div>\n\t\t\t\t\t\t<\/div>\n\t\t\t\t\t<\/div>\n\t\t<\/div>\n\t\t\t\t\t\t\t\t<\/div>\n\t\t\t\t\t<\/div>\n\t\t<\/section>\n\t\t\t\t<section class=\"elementor-section elementor-top-section elementor-element elementor-element-e136d84 elementor-section-boxed elementor-section-height-default elementor-section-height-default\" data-id=\"e136d84\" data-element_type=\"section\">\n\t\t\t\t\t\t<div class=\"elementor-container elementor-column-gap-default\">\n\t\t\t\t\t\t\t<div class=\"elementor-row\">\n\t\t\t\t\t<div class=\"elementor-column elementor-col-100 elementor-top-column elementor-element elementor-element-1bdcafb\" data-id=\"1bdcafb\" data-element_type=\"column\">\n\t\t\t<div class=\"elementor-column-wrap elementor-element-populated\">\n\t\t\t\t\t\t\t<div class=\"elementor-widget-wrap\">\n\t\t\t\t\t\t<div class=\"elementor-element elementor-element-1ee766e elementor-widget elementor-widget-image-gallery\" data-id=\"1ee766e\" data-element_type=\"widget\" data-widget_type=\"image-gallery.default\">\n\t\t\t\t<div class=\"elementor-widget-container\">\n\t\t\t\t\t<div class=\"elementor-image-gallery\">\n\t\t\t<div id='gallery-1' class='gallery galleryid-183 gallery-columns-3 gallery-size-full'><figure class='gallery-item'>\n\t\t\t<div class='gallery-icon landscape'>\n\t\t\t\t<a data-elementor-open-lightbox=\"yes\" data-elementor-lightbox-slideshow=\"1ee766e\" data-elementor-lightbox-title=\"Exif_JPEG_PICTURE\" href='https:\/\/toilesfilantesproductions.com\/wp-content\/uploads\/2020\/04\/Le-petit-peuple-1.jpg'><img loading=\"lazy\" decoding=\"async\" width=\"1440\" height=\"1080\" src=\"https:\/\/toilesfilantesproductions.com\/wp-content\/uploads\/2020\/04\/Le-petit-peuple-1.jpg\" class=\"attachment-full size-full\" alt=\"\" aria-describedby=\"gallery-1-453\" srcset=\"https:\/\/toilesfilantesproductions.com\/wp-content\/uploads\/2020\/04\/Le-petit-peuple-1.jpg 1440w, https:\/\/toilesfilantesproductions.com\/wp-content\/uploads\/2020\/04\/Le-petit-peuple-1-300x225.jpg 300w, https:\/\/toilesfilantesproductions.com\/wp-content\/uploads\/2020\/04\/Le-petit-peuple-1-1024x768.jpg 1024w, https:\/\/toilesfilantesproductions.com\/wp-content\/uploads\/2020\/04\/Le-petit-peuple-1-768x576.jpg 768w, https:\/\/toilesfilantesproductions.com\/wp-content\/uploads\/2020\/04\/Le-petit-peuple-1-1200x900.jpg 1200w\" sizes=\"(max-width: 709px) 85vw, (max-width: 909px) 67vw, (max-width: 1362px) 62vw, 840px\" \/><\/a>\n\t\t\t<\/div>\n\t\t\t\t<figcaption class='wp-caption-text gallery-caption' id='gallery-1-453'>\n\t\t\t\tExif_JPEG_PICTURE\n\t\t\t\t<\/figcaption><\/figure><figure class='gallery-item'>\n\t\t\t<div class='gallery-icon landscape'>\n\t\t\t\t<a data-elementor-open-lightbox=\"yes\" data-elementor-lightbox-slideshow=\"1ee766e\" data-elementor-lightbox-title=\"Exif_JPEG_PICTURE\" href='https:\/\/toilesfilantesproductions.com\/wp-content\/uploads\/2020\/04\/Le-petit-peuple-2.jpg'><img loading=\"lazy\" decoding=\"async\" width=\"1440\" height=\"1080\" src=\"https:\/\/toilesfilantesproductions.com\/wp-content\/uploads\/2020\/04\/Le-petit-peuple-2.jpg\" class=\"attachment-full size-full\" alt=\"\" aria-describedby=\"gallery-1-454\" srcset=\"https:\/\/toilesfilantesproductions.com\/wp-content\/uploads\/2020\/04\/Le-petit-peuple-2.jpg 1440w, https:\/\/toilesfilantesproductions.com\/wp-content\/uploads\/2020\/04\/Le-petit-peuple-2-300x225.jpg 300w, https:\/\/toilesfilantesproductions.com\/wp-content\/uploads\/2020\/04\/Le-petit-peuple-2-1024x768.jpg 1024w, https:\/\/toilesfilantesproductions.com\/wp-content\/uploads\/2020\/04\/Le-petit-peuple-2-768x576.jpg 768w, https:\/\/toilesfilantesproductions.com\/wp-content\/uploads\/2020\/04\/Le-petit-peuple-2-1200x900.jpg 1200w\" sizes=\"(max-width: 709px) 85vw, (max-width: 909px) 67vw, (max-width: 1362px) 62vw, 840px\" \/><\/a>\n\t\t\t<\/div>\n\t\t\t\t<figcaption class='wp-caption-text gallery-caption' id='gallery-1-454'>\n\t\t\t\tExif_JPEG_PICTURE\n\t\t\t\t<\/figcaption><\/figure><figure class='gallery-item'>\n\t\t\t<div class='gallery-icon landscape'>\n\t\t\t\t<a data-elementor-open-lightbox=\"yes\" data-elementor-lightbox-slideshow=\"1ee766e\" data-elementor-lightbox-title=\"Exif_JPEG_PICTURE\" href='https:\/\/toilesfilantesproductions.com\/wp-content\/uploads\/2020\/04\/Le-petit-peuple-3.jpg'><img loading=\"lazy\" decoding=\"async\" width=\"1440\" height=\"1080\" src=\"https:\/\/toilesfilantesproductions.com\/wp-content\/uploads\/2020\/04\/Le-petit-peuple-3.jpg\" class=\"attachment-full size-full\" alt=\"\" aria-describedby=\"gallery-1-455\" srcset=\"https:\/\/toilesfilantesproductions.com\/wp-content\/uploads\/2020\/04\/Le-petit-peuple-3.jpg 1440w, https:\/\/toilesfilantesproductions.com\/wp-content\/uploads\/2020\/04\/Le-petit-peuple-3-300x225.jpg 300w, https:\/\/toilesfilantesproductions.com\/wp-content\/uploads\/2020\/04\/Le-petit-peuple-3-1024x768.jpg 1024w, https:\/\/toilesfilantesproductions.com\/wp-content\/uploads\/2020\/04\/Le-petit-peuple-3-768x576.jpg 768w, https:\/\/toilesfilantesproductions.com\/wp-content\/uploads\/2020\/04\/Le-petit-peuple-3-1200x900.jpg 1200w\" sizes=\"(max-width: 709px) 85vw, (max-width: 909px) 67vw, (max-width: 1362px) 62vw, 840px\" \/><\/a>\n\t\t\t<\/div>\n\t\t\t\t<figcaption class='wp-caption-text gallery-caption' id='gallery-1-455'>\n\t\t\t\tExif_JPEG_PICTURE\n\t\t\t\t<\/figcaption><\/figure><figure class='gallery-item'>\n\t\t\t<div class='gallery-icon landscape'>\n\t\t\t\t<a data-elementor-open-lightbox=\"yes\" data-elementor-lightbox-slideshow=\"1ee766e\" data-elementor-lightbox-title=\"Exif_JPEG_PICTURE\" href='https:\/\/toilesfilantesproductions.com\/wp-content\/uploads\/2020\/04\/Le-petit-peuple-4.jpg'><img loading=\"lazy\" decoding=\"async\" width=\"1440\" height=\"1080\" src=\"https:\/\/toilesfilantesproductions.com\/wp-content\/uploads\/2020\/04\/Le-petit-peuple-4.jpg\" class=\"attachment-full size-full\" alt=\"\" aria-describedby=\"gallery-1-456\" srcset=\"https:\/\/toilesfilantesproductions.com\/wp-content\/uploads\/2020\/04\/Le-petit-peuple-4.jpg 1440w, https:\/\/toilesfilantesproductions.com\/wp-content\/uploads\/2020\/04\/Le-petit-peuple-4-300x225.jpg 300w, https:\/\/toilesfilantesproductions.com\/wp-content\/uploads\/2020\/04\/Le-petit-peuple-4-1024x768.jpg 1024w, https:\/\/toilesfilantesproductions.com\/wp-content\/uploads\/2020\/04\/Le-petit-peuple-4-768x576.jpg 768w, https:\/\/toilesfilantesproductions.com\/wp-content\/uploads\/2020\/04\/Le-petit-peuple-4-1200x900.jpg 1200w\" sizes=\"(max-width: 709px) 85vw, (max-width: 909px) 67vw, (max-width: 1362px) 62vw, 840px\" \/><\/a>\n\t\t\t<\/div>\n\t\t\t\t<figcaption class='wp-caption-text gallery-caption' id='gallery-1-456'>\n\t\t\t\tExif_JPEG_PICTURE\n\t\t\t\t<\/figcaption><\/figure><figure class='gallery-item'>\n\t\t\t<div class='gallery-icon landscape'>\n\t\t\t\t<a data-elementor-open-lightbox=\"yes\" data-elementor-lightbox-slideshow=\"1ee766e\" data-elementor-lightbox-title=\"Exif_JPEG_PICTURE\" href='https:\/\/toilesfilantesproductions.com\/wp-content\/uploads\/2020\/04\/Le-petit-peuple-5.jpg'><img loading=\"lazy\" decoding=\"async\" width=\"1440\" height=\"1080\" src=\"https:\/\/toilesfilantesproductions.com\/wp-content\/uploads\/2020\/04\/Le-petit-peuple-5.jpg\" class=\"attachment-full size-full\" alt=\"\" aria-describedby=\"gallery-1-457\" srcset=\"https:\/\/toilesfilantesproductions.com\/wp-content\/uploads\/2020\/04\/Le-petit-peuple-5.jpg 1440w, https:\/\/toilesfilantesproductions.com\/wp-content\/uploads\/2020\/04\/Le-petit-peuple-5-300x225.jpg 300w, https:\/\/toilesfilantesproductions.com\/wp-content\/uploads\/2020\/04\/Le-petit-peuple-5-1024x768.jpg 1024w, https:\/\/toilesfilantesproductions.com\/wp-content\/uploads\/2020\/04\/Le-petit-peuple-5-768x576.jpg 768w, https:\/\/toilesfilantesproductions.com\/wp-content\/uploads\/2020\/04\/Le-petit-peuple-5-1200x900.jpg 1200w\" sizes=\"(max-width: 709px) 85vw, (max-width: 909px) 67vw, (max-width: 1362px) 62vw, 840px\" \/><\/a>\n\t\t\t<\/div>\n\t\t\t\t<figcaption class='wp-caption-text gallery-caption' id='gallery-1-457'>\n\t\t\t\tExif_JPEG_PICTURE\n\t\t\t\t<\/figcaption><\/figure>\n\t\t<\/div>\n\t\t<\/div>\n\t\t\t\t<\/div>\n\t\t\t\t<\/div>\n\t\t\t\t\t\t<\/div>\n\t\t\t\t\t<\/div>\n\t\t<\/div>\n\t\t\t\t\t\t\t\t<\/div>\n\t\t\t\t\t<\/div>\n\t\t<\/section>\n\t\t\t\t\t\t<\/div>\n\t\t\t\t\t\t<\/div>\n\t\t\t\t\t<\/div>\n\t\t","protected":false},"excerpt":{"rendered":"<p>Un pangramme (du grec ancien \u03c0\u1fb6\u03c2 \/ p\u00e2s (\u00ab\u00a0tout\u00a0\u00bb) et \u03b3\u03c1\u03ac\u03bc\u03bc\u03b1 \/ gr\u00e1mma (\u00ab\u00a0lettre\u00a0\u00bb)) est une phrase comportant toutes les lettres de l\u2019alphabet. En fran\u00e7ais, un pangramme comporte au moins 26 lettres. Il doit en compter au moins 42 si on compte les lettres accentu\u00e9es et les ligatures (\u00e0, \u00e2, \u00e9, \u00e8, \u00ea, \u00eb, \u00ee, &hellip; <a href=\"https:\/\/toilesfilantesproductions.com\/index.php\/le-petit-peuple-dho-lui\/\" class=\"more-link\">Continuer la lecture<span class=\"screen-reader-text\"> de &laquo;&nbsp;Le petit peuple d\u2019Ho Lui&nbsp;&raquo;<\/span><\/a><\/p>\n","protected":false},"author":1,"featured_media":0,"parent":0,"menu_order":0,"comment_status":"closed","ping_status":"closed","template":"","meta":{"footnotes":""},"yoast_head":"<!-- This site is optimized with the Yoast SEO plugin v15.9 - https:\/\/yoast.com\/wordpress\/plugins\/seo\/ -->\n<title>Le petit peuple d\u2019Ho Lui &mdash; Toiles Filantes Productions<\/title>\n<meta name=\"robots\" content=\"index, follow, max-snippet:-1, max-image-preview:large, max-video-preview:-1\" \/>\n<link rel=\"canonical\" href=\"https:\/\/toilesfilantesproductions.com\/index.php\/le-petit-peuple-dho-lui\/\" \/>\n<meta property=\"og:locale\" content=\"fr_FR\" \/>\n<meta property=\"og:type\" content=\"article\" \/>\n<meta property=\"og:title\" content=\"Le petit peuple d\u2019Ho Lui &mdash; Toiles Filantes Productions\" \/>\n<meta property=\"og:description\" content=\"Un pangramme (du grec ancien \u03c0\u1fb6\u03c2 \/ p\u00e2s (\u00ab\u00a0tout\u00a0\u00bb) et \u03b3\u03c1\u03ac\u03bc\u03bc\u03b1 \/ gr\u00e1mma (\u00ab\u00a0lettre\u00a0\u00bb)) est une phrase comportant toutes les lettres de l\u2019alphabet. En fran\u00e7ais, un pangramme comporte au moins 26 lettres. Il doit en compter au moins 42 si on compte les lettres accentu\u00e9es et les ligatures (\u00e0, \u00e2, \u00e9, \u00e8, \u00ea, \u00eb, \u00ee, &hellip; Continuer la lecture de &laquo;&nbsp;Le petit peuple d\u2019Ho Lui&nbsp;&raquo;\" \/>\n<meta property=\"og:url\" content=\"https:\/\/toilesfilantesproductions.com\/index.php\/le-petit-peuple-dho-lui\/\" \/>\n<meta property=\"og:site_name\" content=\"Toiles Filantes Productions\" \/>\n<meta property=\"article:modified_time\" content=\"2020-04-11T11:44:55+00:00\" \/>\n<meta property=\"og:image\" content=\"http:\/\/toilesfilantesproductions.com\/wp-content\/uploads\/2020\/04\/Le-petit-peuple-1.jpg\" \/>\n<meta name=\"twitter:card\" content=\"summary_large_image\" \/>\n<meta name=\"twitter:label1\" content=\"Dur\u00e9e de lecture est.\">\n\t<meta name=\"twitter:data1\" content=\"4 minutes\">\n<script type=\"application\/ld+json\" class=\"yoast-schema-graph\">{\"@context\":\"https:\/\/schema.org\",\"@graph\":[{\"@type\":\"Organization\",\"@id\":\"https:\/\/toilesfilantesproductions.com\/#organization\",\"name\":\"Toiles Filantes Productions\",\"url\":\"https:\/\/toilesfilantesproductions.com\/\",\"sameAs\":[],\"logo\":{\"@type\":\"ImageObject\",\"@id\":\"https:\/\/toilesfilantesproductions.com\/#logo\",\"inLanguage\":\"fr-FR\",\"url\":\"https:\/\/toilesfilantesproductions.com\/wp-content\/uploads\/2019\/12\/logo-TFP-production-audiovisuelle-drome.png\",\"width\":400,\"height\":218,\"caption\":\"Toiles Filantes Productions\"},\"image\":{\"@id\":\"https:\/\/toilesfilantesproductions.com\/#logo\"}},{\"@type\":\"WebSite\",\"@id\":\"https:\/\/toilesfilantesproductions.com\/#website\",\"url\":\"https:\/\/toilesfilantesproductions.com\/\",\"name\":\"Toiles Filantes Productions\",\"description\":\"Toiles Filantes Productions r\\u00e9unit des professionnels de l&#039;audiovisuel et vous propose des r\\u00e9alisations de clips de promotion, films institutionnels\\u2026\",\"publisher\":{\"@id\":\"https:\/\/toilesfilantesproductions.com\/#organization\"},\"potentialAction\":[{\"@type\":\"SearchAction\",\"target\":\"https:\/\/toilesfilantesproductions.com\/?s={search_term_string}\",\"query-input\":\"required name=search_term_string\"}],\"inLanguage\":\"fr-FR\"},{\"@type\":\"ImageObject\",\"@id\":\"https:\/\/toilesfilantesproductions.com\/index.php\/le-petit-peuple-dho-lui\/#primaryimage\",\"inLanguage\":\"fr-FR\",\"url\":\"http:\/\/toilesfilantesproductions.com\/wp-content\/uploads\/2020\/04\/Le-petit-peuple-1.jpg\"},{\"@type\":\"WebPage\",\"@id\":\"https:\/\/toilesfilantesproductions.com\/index.php\/le-petit-peuple-dho-lui\/#webpage\",\"url\":\"https:\/\/toilesfilantesproductions.com\/index.php\/le-petit-peuple-dho-lui\/\",\"name\":\"Le petit peuple d\\u2019Ho Lui &mdash; Toiles Filantes Productions\",\"isPartOf\":{\"@id\":\"https:\/\/toilesfilantesproductions.com\/#website\"},\"primaryImageOfPage\":{\"@id\":\"https:\/\/toilesfilantesproductions.com\/index.php\/le-petit-peuple-dho-lui\/#primaryimage\"},\"datePublished\":\"2019-12-10T04:56:52+00:00\",\"dateModified\":\"2020-04-11T11:44:55+00:00\",\"breadcrumb\":{\"@id\":\"https:\/\/toilesfilantesproductions.com\/index.php\/le-petit-peuple-dho-lui\/#breadcrumb\"},\"inLanguage\":\"fr-FR\",\"potentialAction\":[{\"@type\":\"ReadAction\",\"target\":[\"https:\/\/toilesfilantesproductions.com\/index.php\/le-petit-peuple-dho-lui\/\"]}]},{\"@type\":\"BreadcrumbList\",\"@id\":\"https:\/\/toilesfilantesproductions.com\/index.php\/le-petit-peuple-dho-lui\/#breadcrumb\",\"itemListElement\":[{\"@type\":\"ListItem\",\"position\":1,\"item\":{\"@type\":\"WebPage\",\"@id\":\"https:\/\/toilesfilantesproductions.com\/\",\"url\":\"https:\/\/toilesfilantesproductions.com\/\",\"name\":\"Accueil\"}},{\"@type\":\"ListItem\",\"position\":2,\"item\":{\"@type\":\"WebPage\",\"@id\":\"https:\/\/toilesfilantesproductions.com\/index.php\/le-petit-peuple-dho-lui\/\",\"url\":\"https:\/\/toilesfilantesproductions.com\/index.php\/le-petit-peuple-dho-lui\/\",\"name\":\"Le petit peuple d\\u2019Ho Lui\"}}]}]}<\/script>\n<!-- \/ Yoast SEO plugin. -->","_links":{"self":[{"href":"https:\/\/toilesfilantesproductions.com\/index.php\/wp-json\/wp\/v2\/pages\/183"}],"collection":[{"href":"https:\/\/toilesfilantesproductions.com\/index.php\/wp-json\/wp\/v2\/pages"}],"about":[{"href":"https:\/\/toilesfilantesproductions.com\/index.php\/wp-json\/wp\/v2\/types\/page"}],"author":[{"embeddable":true,"href":"https:\/\/toilesfilantesproductions.com\/index.php\/wp-json\/wp\/v2\/users\/1"}],"replies":[{"embeddable":true,"href":"https:\/\/toilesfilantesproductions.com\/index.php\/wp-json\/wp\/v2\/comments?post=183"}],"version-history":[{"count":3,"href":"https:\/\/toilesfilantesproductions.com\/index.php\/wp-json\/wp\/v2\/pages\/183\/revisions"}],"predecessor-version":[{"id":459,"href":"https:\/\/toilesfilantesproductions.com\/index.php\/wp-json\/wp\/v2\/pages\/183\/revisions\/459"}],"wp:attachment":[{"href":"https:\/\/toilesfilantesproductions.com\/index.php\/wp-json\/wp\/v2\/media?parent=183"}],"curies":[{"name":"wp","href":"https:\/\/api.w.org\/{rel}","templated":true}]}}