{"id":309,"date":"2019-12-13T21:27:16","date_gmt":"2019-12-13T20:27:16","guid":{"rendered":"http:\/\/toilesfilantesproductions.com\/?page_id=309"},"modified":"2020-04-11T13:55:23","modified_gmt":"2020-04-11T11:55:23","slug":"voyage-tout-compris","status":"publish","type":"page","link":"https:\/\/toilesfilantesproductions.com\/index.php\/voyage-tout-compris\/","title":{"rendered":"Voyage tout compris"},"content":{"rendered":"\t\t<div data-elementor-type=\"wp-page\" data-elementor-id=\"309\" class=\"elementor elementor-309\" data-elementor-settings=\"[]\">\n\t\t\t\t\t\t<div class=\"elementor-inner\">\n\t\t\t\t\t\t\t<div class=\"elementor-section-wrap\">\n\t\t\t\t\t\t\t<section class=\"elementor-section elementor-top-section elementor-element elementor-element-a655143 elementor-section-boxed elementor-section-height-default elementor-section-height-default\" data-id=\"a655143\" data-element_type=\"section\">\n\t\t\t\t\t\t<div class=\"elementor-container elementor-column-gap-default\">\n\t\t\t\t\t\t\t<div class=\"elementor-row\">\n\t\t\t\t\t<div class=\"elementor-column elementor-col-100 elementor-top-column elementor-element elementor-element-1a9004e\" data-id=\"1a9004e\" data-element_type=\"column\">\n\t\t\t<div class=\"elementor-column-wrap elementor-element-populated\">\n\t\t\t\t\t\t\t<div class=\"elementor-widget-wrap\">\n\t\t\t\t\t\t<div class=\"elementor-element elementor-element-f680fbe elementor-aspect-ratio-169 elementor-widget elementor-widget-video\" data-id=\"f680fbe\" data-element_type=\"widget\" data-settings=\"{&quot;video_type&quot;:&quot;vimeo&quot;,&quot;aspect_ratio&quot;:&quot;169&quot;}\" data-widget_type=\"video.default\">\n\t\t\t\t<div class=\"elementor-widget-container\">\n\t\t\t\t\t<div class=\"elementor-wrapper elementor-fit-aspect-ratio elementor-open-inline\">\n\t\t\t<iframe class=\"elementor-video-iframe\" allowfullscreen title=\"Lecteur vid\u00e9o vimeo\" src=\"https:\/\/player.vimeo.com\/video\/117944765?color&amp;autopause=0&amp;loop=0&amp;muted=0&amp;title=1&amp;portrait=1&amp;byline=1#t=\"><\/iframe>\t\t<\/div>\n\t\t\t\t<\/div>\n\t\t\t\t<\/div>\n\t\t\t\t\t\t<\/div>\n\t\t\t\t\t<\/div>\n\t\t<\/div>\n\t\t\t\t\t\t\t\t<\/div>\n\t\t\t\t\t<\/div>\n\t\t<\/section>\n\t\t\t\t<section class=\"elementor-section elementor-top-section elementor-element elementor-element-0bb3138 elementor-section-boxed elementor-section-height-default elementor-section-height-default\" data-id=\"0bb3138\" data-element_type=\"section\">\n\t\t\t\t\t\t<div class=\"elementor-container elementor-column-gap-default\">\n\t\t\t\t\t\t\t<div class=\"elementor-row\">\n\t\t\t\t\t<div class=\"elementor-column elementor-col-100 elementor-top-column elementor-element elementor-element-2a384d9\" data-id=\"2a384d9\" data-element_type=\"column\">\n\t\t\t<div class=\"elementor-column-wrap elementor-element-populated\">\n\t\t\t\t\t\t\t<div class=\"elementor-widget-wrap\">\n\t\t\t\t\t\t<div class=\"elementor-element elementor-element-b39d28a elementor-widget elementor-widget-text-editor\" data-id=\"b39d28a\" data-element_type=\"widget\" data-widget_type=\"text-editor.default\">\n\t\t\t\t<div class=\"elementor-widget-container\">\n\t\t\t\t\t<div class=\"elementor-text-editor elementor-clearfix\"><p><span style=\"font-size: 10pt;\">r\u00e9alisation et image : <strong>Thorsten Kunisch\u2028<\/strong> | montage : <strong>Thorsten Kunisch<\/strong> et <strong>Camille Arnaud\u2028<\/strong> | prise de son : <strong>Matthieu Quillet\u2028<\/strong> | mixage son : <strong>Thorsten Kunisch<\/strong>\u2028 | \u00e9talonnage : <strong>Sigurdur Hallmar Magnusson<\/strong>\u2028 | musique originale : <strong>Pfender Boddenberg<\/strong> | 2012 | 70min<\/span><\/p><p>En mars 2012, 18 \u00e9l\u00e8ves du coll\u00e8ge Lapassat \u00e0 Romans-sur-Is\u00e8re ont pu explorer les coulisses du cin\u00e9ma en r\u00e9alisant un film de fiction. Le film documentaire retrace l\u2019exp\u00e9rience v\u00e9cue par ces \u00e9l\u00e8ves et leurs intervenants professionnels. Une exp\u00e9rience cin\u00e9matographique, humaine et pleine de vie (adolescente)\u00a0!<br \/>Encadr\u00e9s par 7 intervenants professionnels, ces jeunes ont form\u00e9 une \u00e9quipe de tournage et r\u00e9alis\u00e9 un film de fiction avec du mat\u00e9riel audiovisuel professionnel.\u2028Inventer une histoire, rep\u00e9rer des lieux, r\u00e9p\u00e9ter les sc\u00e8nes, trouver le bon cadre&#8230; ne pas s\u2019\u00e9nerver et se faire comprendre&#8230; l\u2019objectif ambitieux du projet a \u00e9t\u00e9 de donner un maximum d\u2019autonomie aux adolescents pour qu\u2019ils mettent en \u0153uvre leur propre court-m\u00e9trage.\u2028Le documentaire retrace l\u2019exp\u00e9rience v\u00e9cue par ces \u00e9l\u00e8ves et leurs intervenants. Une exp\u00e9rience cin\u00e9matographique, humaine et pleine de vie (adolescente).<br \/>Le DVD contient le court-m\u00e9trage FLASHBACK (15min 30s), le documentaire VOYAGE TOUT COMPRIS (70min) et le clip \u00c9QUIPE DE TOURNAGE (1min 30s).<\/p><\/div>\n\t\t\t\t<\/div>\n\t\t\t\t<\/div>\n\t\t\t\t\t\t<\/div>\n\t\t\t\t\t<\/div>\n\t\t<\/div>\n\t\t\t\t\t\t\t\t<\/div>\n\t\t\t\t\t<\/div>\n\t\t<\/section>\n\t\t\t\t<section class=\"elementor-section elementor-top-section elementor-element elementor-element-030313d elementor-section-boxed elementor-section-height-default elementor-section-height-default\" data-id=\"030313d\" data-element_type=\"section\">\n\t\t\t\t\t\t<div class=\"elementor-container elementor-column-gap-default\">\n\t\t\t\t\t\t\t<div class=\"elementor-row\">\n\t\t\t\t\t<div class=\"elementor-column elementor-col-100 elementor-top-column elementor-element elementor-element-05bb63b\" data-id=\"05bb63b\" data-element_type=\"column\">\n\t\t\t<div class=\"elementor-column-wrap elementor-element-populated\">\n\t\t\t\t\t\t\t<div class=\"elementor-widget-wrap\">\n\t\t\t\t\t\t<div class=\"elementor-element elementor-element-1fa20fb elementor-widget elementor-widget-image-gallery\" data-id=\"1fa20fb\" data-element_type=\"widget\" data-widget_type=\"image-gallery.default\">\n\t\t\t\t<div class=\"elementor-widget-container\">\n\t\t\t\t\t<div class=\"elementor-image-gallery\">\n\t\t\t<div id='gallery-1' class='gallery galleryid-309 gallery-columns-3 gallery-size-full'><figure class='gallery-item'>\n\t\t\t<div class='gallery-icon landscape'>\n\t\t\t\t<a data-elementor-open-lightbox=\"yes\" data-elementor-lightbox-slideshow=\"1fa20fb\" data-elementor-lightbox-title=\"image Voyage tout compris 01\" href='https:\/\/toilesfilantesproductions.com\/wp-content\/uploads\/2020\/04\/image-Voyage-tout-compris-01.jpg'><img loading=\"lazy\" decoding=\"async\" width=\"637\" height=\"361\" src=\"https:\/\/toilesfilantesproductions.com\/wp-content\/uploads\/2020\/04\/image-Voyage-tout-compris-01.jpg\" class=\"attachment-full size-full\" alt=\"\" srcset=\"https:\/\/toilesfilantesproductions.com\/wp-content\/uploads\/2020\/04\/image-Voyage-tout-compris-01.jpg 637w, https:\/\/toilesfilantesproductions.com\/wp-content\/uploads\/2020\/04\/image-Voyage-tout-compris-01-300x170.jpg 300w\" sizes=\"(max-width: 637px) 85vw, 637px\" \/><\/a>\n\t\t\t<\/div><\/figure><figure class='gallery-item'>\n\t\t\t<div class='gallery-icon landscape'>\n\t\t\t\t<a data-elementor-open-lightbox=\"yes\" data-elementor-lightbox-slideshow=\"1fa20fb\" data-elementor-lightbox-title=\"image Voyage tout compris 02\" href='https:\/\/toilesfilantesproductions.com\/wp-content\/uploads\/2020\/04\/image-Voyage-tout-compris-02.jpg'><img loading=\"lazy\" decoding=\"async\" width=\"637\" height=\"360\" src=\"https:\/\/toilesfilantesproductions.com\/wp-content\/uploads\/2020\/04\/image-Voyage-tout-compris-02.jpg\" class=\"attachment-full size-full\" alt=\"\" srcset=\"https:\/\/toilesfilantesproductions.com\/wp-content\/uploads\/2020\/04\/image-Voyage-tout-compris-02.jpg 637w, https:\/\/toilesfilantesproductions.com\/wp-content\/uploads\/2020\/04\/image-Voyage-tout-compris-02-300x170.jpg 300w\" sizes=\"(max-width: 637px) 85vw, 637px\" \/><\/a>\n\t\t\t<\/div><\/figure><figure class='gallery-item'>\n\t\t\t<div class='gallery-icon landscape'>\n\t\t\t\t<a data-elementor-open-lightbox=\"yes\" data-elementor-lightbox-slideshow=\"1fa20fb\" data-elementor-lightbox-title=\"image Voyage tout compris 03\" href='https:\/\/toilesfilantesproductions.com\/wp-content\/uploads\/2020\/04\/image-Voyage-tout-compris-03.jpg'><img loading=\"lazy\" decoding=\"async\" width=\"639\" height=\"359\" src=\"https:\/\/toilesfilantesproductions.com\/wp-content\/uploads\/2020\/04\/image-Voyage-tout-compris-03.jpg\" class=\"attachment-full size-full\" alt=\"\" srcset=\"https:\/\/toilesfilantesproductions.com\/wp-content\/uploads\/2020\/04\/image-Voyage-tout-compris-03.jpg 639w, https:\/\/toilesfilantesproductions.com\/wp-content\/uploads\/2020\/04\/image-Voyage-tout-compris-03-300x169.jpg 300w\" sizes=\"(max-width: 639px) 85vw, 639px\" \/><\/a>\n\t\t\t<\/div><\/figure><figure class='gallery-item'>\n\t\t\t<div class='gallery-icon landscape'>\n\t\t\t\t<a data-elementor-open-lightbox=\"yes\" data-elementor-lightbox-slideshow=\"1fa20fb\" data-elementor-lightbox-title=\"image Voyage tout compris 04\" href='https:\/\/toilesfilantesproductions.com\/wp-content\/uploads\/2020\/04\/image-Voyage-tout-compris-04.jpg'><img loading=\"lazy\" decoding=\"async\" width=\"637\" height=\"357\" src=\"https:\/\/toilesfilantesproductions.com\/wp-content\/uploads\/2020\/04\/image-Voyage-tout-compris-04.jpg\" class=\"attachment-full size-full\" alt=\"\" srcset=\"https:\/\/toilesfilantesproductions.com\/wp-content\/uploads\/2020\/04\/image-Voyage-tout-compris-04.jpg 637w, https:\/\/toilesfilantesproductions.com\/wp-content\/uploads\/2020\/04\/image-Voyage-tout-compris-04-300x168.jpg 300w\" sizes=\"(max-width: 637px) 85vw, 637px\" \/><\/a>\n\t\t\t<\/div><\/figure><figure class='gallery-item'>\n\t\t\t<div class='gallery-icon landscape'>\n\t\t\t\t<a data-elementor-open-lightbox=\"yes\" data-elementor-lightbox-slideshow=\"1fa20fb\" data-elementor-lightbox-title=\"image Voyage tout compris 05\" href='https:\/\/toilesfilantesproductions.com\/wp-content\/uploads\/2020\/04\/image-Voyage-tout-compris-05.jpg'><img loading=\"lazy\" decoding=\"async\" width=\"637\" height=\"355\" src=\"https:\/\/toilesfilantesproductions.com\/wp-content\/uploads\/2020\/04\/image-Voyage-tout-compris-05.jpg\" class=\"attachment-full size-full\" alt=\"\" srcset=\"https:\/\/toilesfilantesproductions.com\/wp-content\/uploads\/2020\/04\/image-Voyage-tout-compris-05.jpg 637w, https:\/\/toilesfilantesproductions.com\/wp-content\/uploads\/2020\/04\/image-Voyage-tout-compris-05-300x167.jpg 300w\" sizes=\"(max-width: 637px) 85vw, 637px\" \/><\/a>\n\t\t\t<\/div><\/figure><figure class='gallery-item'>\n\t\t\t<div class='gallery-icon landscape'>\n\t\t\t\t<a data-elementor-open-lightbox=\"yes\" data-elementor-lightbox-slideshow=\"1fa20fb\" data-elementor-lightbox-title=\"image Voyage tout compris 06\" href='https:\/\/toilesfilantesproductions.com\/wp-content\/uploads\/2020\/04\/image-Voyage-tout-compris-06.jpg'><img loading=\"lazy\" decoding=\"async\" width=\"640\" height=\"360\" src=\"https:\/\/toilesfilantesproductions.com\/wp-content\/uploads\/2020\/04\/image-Voyage-tout-compris-06.jpg\" class=\"attachment-full size-full\" alt=\"\" srcset=\"https:\/\/toilesfilantesproductions.com\/wp-content\/uploads\/2020\/04\/image-Voyage-tout-compris-06.jpg 640w, https:\/\/toilesfilantesproductions.com\/wp-content\/uploads\/2020\/04\/image-Voyage-tout-compris-06-300x169.jpg 300w\" sizes=\"(max-width: 640px) 85vw, 640px\" \/><\/a>\n\t\t\t<\/div><\/figure><figure class='gallery-item'>\n\t\t\t<div class='gallery-icon landscape'>\n\t\t\t\t<a data-elementor-open-lightbox=\"yes\" data-elementor-lightbox-slideshow=\"1fa20fb\" data-elementor-lightbox-title=\"image Voyage tout compris 07\" href='https:\/\/toilesfilantesproductions.com\/wp-content\/uploads\/2020\/04\/image-Voyage-tout-compris-07.jpg'><img loading=\"lazy\" decoding=\"async\" width=\"639\" height=\"360\" src=\"https:\/\/toilesfilantesproductions.com\/wp-content\/uploads\/2020\/04\/image-Voyage-tout-compris-07.jpg\" class=\"attachment-full size-full\" alt=\"\" srcset=\"https:\/\/toilesfilantesproductions.com\/wp-content\/uploads\/2020\/04\/image-Voyage-tout-compris-07.jpg 639w, https:\/\/toilesfilantesproductions.com\/wp-content\/uploads\/2020\/04\/image-Voyage-tout-compris-07-300x169.jpg 300w\" sizes=\"(max-width: 639px) 85vw, 639px\" \/><\/a>\n\t\t\t<\/div><\/figure>\n\t\t<\/div>\n\t\t<\/div>\n\t\t\t\t<\/div>\n\t\t\t\t<\/div>\n\t\t\t\t\t\t<\/div>\n\t\t\t\t\t<\/div>\n\t\t<\/div>\n\t\t\t\t\t\t\t\t<\/div>\n\t\t\t\t\t<\/div>\n\t\t<\/section>\n\t\t\t\t\t\t<\/div>\n\t\t\t\t\t\t<\/div>\n\t\t\t\t\t<\/div>\n\t\t","protected":false},"excerpt":{"rendered":"<p>https:\/\/vimeo.com\/117944765 r\u00e9alisation et image : Thorsten Kunisch\u2028 | montage : Thorsten Kunisch et Camille Arnaud\u2028 | prise de son : Matthieu Quillet\u2028 | mixage son : Thorsten Kunisch\u2028 | \u00e9talonnage : Sigurdur Hallmar Magnusson\u2028 | musique originale : Pfender Boddenberg | 2012 | 70min En mars 2012, 18 \u00e9l\u00e8ves du coll\u00e8ge Lapassat \u00e0 Romans-sur-Is\u00e8re ont &hellip; <a href=\"https:\/\/toilesfilantesproductions.com\/index.php\/voyage-tout-compris\/\" class=\"more-link\">Continuer la lecture<span class=\"screen-reader-text\"> de &laquo;&nbsp;Voyage tout compris&nbsp;&raquo;<\/span><\/a><\/p>\n","protected":false},"author":1,"featured_media":0,"parent":0,"menu_order":0,"comment_status":"closed","ping_status":"closed","template":"","meta":{"footnotes":""},"yoast_head":"<!-- This site is optimized with the Yoast SEO plugin v15.9 - https:\/\/yoast.com\/wordpress\/plugins\/seo\/ -->\n<title>Voyage tout compris &mdash; Toiles Filantes Productions<\/title>\n<meta name=\"robots\" content=\"index, follow, max-snippet:-1, max-image-preview:large, max-video-preview:-1\" \/>\n<link rel=\"canonical\" href=\"https:\/\/toilesfilantesproductions.com\/index.php\/voyage-tout-compris\/\" \/>\n<meta property=\"og:locale\" content=\"fr_FR\" \/>\n<meta property=\"og:type\" content=\"article\" \/>\n<meta property=\"og:title\" content=\"Voyage tout compris &mdash; Toiles Filantes Productions\" \/>\n<meta property=\"og:description\" content=\"https:\/\/vimeo.com\/117944765 r\u00e9alisation et image : Thorsten Kunisch\u2028 | montage : Thorsten Kunisch et Camille Arnaud\u2028 | prise de son : Matthieu Quillet\u2028 | mixage son : Thorsten Kunisch\u2028 | \u00e9talonnage : Sigurdur Hallmar Magnusson\u2028 | musique originale : Pfender Boddenberg | 2012 | 70min En mars 2012, 18 \u00e9l\u00e8ves du coll\u00e8ge Lapassat \u00e0 Romans-sur-Is\u00e8re ont &hellip; Continuer la lecture de &laquo;&nbsp;Voyage tout compris&nbsp;&raquo;\" \/>\n<meta property=\"og:url\" content=\"https:\/\/toilesfilantesproductions.com\/index.php\/voyage-tout-compris\/\" \/>\n<meta property=\"og:site_name\" content=\"Toiles Filantes Productions\" \/>\n<meta property=\"article:modified_time\" content=\"2020-04-11T11:55:23+00:00\" \/>\n<meta property=\"og:image\" content=\"http:\/\/toilesfilantesproductions.com\/wp-content\/uploads\/2020\/04\/image-Voyage-tout-compris-01.jpg\" \/>\n<meta name=\"twitter:card\" content=\"summary_large_image\" \/>\n<meta name=\"twitter:label1\" content=\"Dur\u00e9e de lecture est.\">\n\t<meta name=\"twitter:data1\" content=\"1 minute\">\n<script type=\"application\/ld+json\" class=\"yoast-schema-graph\">{\"@context\":\"https:\/\/schema.org\",\"@graph\":[{\"@type\":\"Organization\",\"@id\":\"https:\/\/toilesfilantesproductions.com\/#organization\",\"name\":\"Toiles Filantes Productions\",\"url\":\"https:\/\/toilesfilantesproductions.com\/\",\"sameAs\":[],\"logo\":{\"@type\":\"ImageObject\",\"@id\":\"https:\/\/toilesfilantesproductions.com\/#logo\",\"inLanguage\":\"fr-FR\",\"url\":\"https:\/\/toilesfilantesproductions.com\/wp-content\/uploads\/2019\/12\/logo-TFP-production-audiovisuelle-drome.png\",\"width\":400,\"height\":218,\"caption\":\"Toiles Filantes Productions\"},\"image\":{\"@id\":\"https:\/\/toilesfilantesproductions.com\/#logo\"}},{\"@type\":\"WebSite\",\"@id\":\"https:\/\/toilesfilantesproductions.com\/#website\",\"url\":\"https:\/\/toilesfilantesproductions.com\/\",\"name\":\"Toiles Filantes Productions\",\"description\":\"Toiles Filantes Productions r\\u00e9unit des professionnels de l&#039;audiovisuel et vous propose des r\\u00e9alisations de clips de promotion, films institutionnels\\u2026\",\"publisher\":{\"@id\":\"https:\/\/toilesfilantesproductions.com\/#organization\"},\"potentialAction\":[{\"@type\":\"SearchAction\",\"target\":\"https:\/\/toilesfilantesproductions.com\/?s={search_term_string}\",\"query-input\":\"required name=search_term_string\"}],\"inLanguage\":\"fr-FR\"},{\"@type\":\"ImageObject\",\"@id\":\"https:\/\/toilesfilantesproductions.com\/index.php\/voyage-tout-compris\/#primaryimage\",\"inLanguage\":\"fr-FR\",\"url\":\"http:\/\/toilesfilantesproductions.com\/wp-content\/uploads\/2020\/04\/image-Voyage-tout-compris-01.jpg\"},{\"@type\":\"WebPage\",\"@id\":\"https:\/\/toilesfilantesproductions.com\/index.php\/voyage-tout-compris\/#webpage\",\"url\":\"https:\/\/toilesfilantesproductions.com\/index.php\/voyage-tout-compris\/\",\"name\":\"Voyage tout compris &mdash; Toiles Filantes Productions\",\"isPartOf\":{\"@id\":\"https:\/\/toilesfilantesproductions.com\/#website\"},\"primaryImageOfPage\":{\"@id\":\"https:\/\/toilesfilantesproductions.com\/index.php\/voyage-tout-compris\/#primaryimage\"},\"datePublished\":\"2019-12-13T20:27:16+00:00\",\"dateModified\":\"2020-04-11T11:55:23+00:00\",\"breadcrumb\":{\"@id\":\"https:\/\/toilesfilantesproductions.com\/index.php\/voyage-tout-compris\/#breadcrumb\"},\"inLanguage\":\"fr-FR\",\"potentialAction\":[{\"@type\":\"ReadAction\",\"target\":[\"https:\/\/toilesfilantesproductions.com\/index.php\/voyage-tout-compris\/\"]}]},{\"@type\":\"BreadcrumbList\",\"@id\":\"https:\/\/toilesfilantesproductions.com\/index.php\/voyage-tout-compris\/#breadcrumb\",\"itemListElement\":[{\"@type\":\"ListItem\",\"position\":1,\"item\":{\"@type\":\"WebPage\",\"@id\":\"https:\/\/toilesfilantesproductions.com\/\",\"url\":\"https:\/\/toilesfilantesproductions.com\/\",\"name\":\"Accueil\"}},{\"@type\":\"ListItem\",\"position\":2,\"item\":{\"@type\":\"WebPage\",\"@id\":\"https:\/\/toilesfilantesproductions.com\/index.php\/voyage-tout-compris\/\",\"url\":\"https:\/\/toilesfilantesproductions.com\/index.php\/voyage-tout-compris\/\",\"name\":\"Voyage tout compris\"}}]}]}<\/script>\n<!-- \/ Yoast SEO plugin. -->","_links":{"self":[{"href":"https:\/\/toilesfilantesproductions.com\/index.php\/wp-json\/wp\/v2\/pages\/309"}],"collection":[{"href":"https:\/\/toilesfilantesproductions.com\/index.php\/wp-json\/wp\/v2\/pages"}],"about":[{"href":"https:\/\/toilesfilantesproductions.com\/index.php\/wp-json\/wp\/v2\/types\/page"}],"author":[{"embeddable":true,"href":"https:\/\/toilesfilantesproductions.com\/index.php\/wp-json\/wp\/v2\/users\/1"}],"replies":[{"embeddable":true,"href":"https:\/\/toilesfilantesproductions.com\/index.php\/wp-json\/wp\/v2\/comments?post=309"}],"version-history":[{"count":4,"href":"https:\/\/toilesfilantesproductions.com\/index.php\/wp-json\/wp\/v2\/pages\/309\/revisions"}],"predecessor-version":[{"id":470,"href":"https:\/\/toilesfilantesproductions.com\/index.php\/wp-json\/wp\/v2\/pages\/309\/revisions\/470"}],"wp:attachment":[{"href":"https:\/\/toilesfilantesproductions.com\/index.php\/wp-json\/wp\/v2\/media?parent=309"}],"curies":[{"name":"wp","href":"https:\/\/api.w.org\/{rel}","templated":true}]}}