{"id":41,"date":"2019-12-05T14:26:50","date_gmt":"2019-12-05T13:26:50","guid":{"rendered":"http:\/\/toilesfilantesproductions.com\/?page_id=41"},"modified":"2020-04-11T11:20:35","modified_gmt":"2020-04-11T09:20:35","slug":"documentaires","status":"publish","type":"page","link":"https:\/\/toilesfilantesproductions.com\/index.php\/documentaires\/","title":{"rendered":"documentaires"},"content":{"rendered":"\t\t<div data-elementor-type=\"wp-page\" data-elementor-id=\"41\" class=\"elementor elementor-41\" data-elementor-settings=\"[]\">\n\t\t\t\t\t\t<div class=\"elementor-inner\">\n\t\t\t\t\t\t\t<div class=\"elementor-section-wrap\">\n\t\t\t\t\t\t\t<section class=\"elementor-section elementor-top-section elementor-element elementor-element-4810bc2 elementor-section-boxed elementor-section-height-default elementor-section-height-default\" data-id=\"4810bc2\" data-element_type=\"section\">\n\t\t\t\t\t\t<div class=\"elementor-container elementor-column-gap-default\">\n\t\t\t\t\t\t\t<div class=\"elementor-row\">\n\t\t\t\t\t<div class=\"elementor-column elementor-col-50 elementor-top-column elementor-element elementor-element-da7b0fc\" data-id=\"da7b0fc\" data-element_type=\"column\">\n\t\t\t<div class=\"elementor-column-wrap elementor-element-populated\">\n\t\t\t\t\t\t\t<div class=\"elementor-widget-wrap\">\n\t\t\t\t\t\t<div class=\"elementor-element elementor-element-79b10d1 elementor-widget elementor-widget-image\" data-id=\"79b10d1\" data-element_type=\"widget\" data-widget_type=\"image.default\">\n\t\t\t\t<div class=\"elementor-widget-container\">\n\t\t\t\t\t<div class=\"elementor-image\">\n\t\t\t\t\t\t\t\t\t\t\t<a href=\"http:\/\/toilesfilantesproductions.com\/index.php\/attendre-ou-provoquer\/\">\n\t\t\t\t\t\t\t<img loading=\"lazy\" decoding=\"async\" width=\"840\" height=\"472\" src=\"https:\/\/toilesfilantesproductions.com\/wp-content\/uploads\/2020\/04\/Image-A-ou-P-01-vignette-daccroche-1024x575.jpg\" class=\"attachment-large size-large\" alt=\"\" srcset=\"https:\/\/toilesfilantesproductions.com\/wp-content\/uploads\/2020\/04\/Image-A-ou-P-01-vignette-daccroche-1024x575.jpg 1024w, https:\/\/toilesfilantesproductions.com\/wp-content\/uploads\/2020\/04\/Image-A-ou-P-01-vignette-daccroche-300x169.jpg 300w, https:\/\/toilesfilantesproductions.com\/wp-content\/uploads\/2020\/04\/Image-A-ou-P-01-vignette-daccroche-768x431.jpg 768w, https:\/\/toilesfilantesproductions.com\/wp-content\/uploads\/2020\/04\/Image-A-ou-P-01-vignette-daccroche-1536x863.jpg 1536w, https:\/\/toilesfilantesproductions.com\/wp-content\/uploads\/2020\/04\/Image-A-ou-P-01-vignette-daccroche-2048x1150.jpg 2048w, https:\/\/toilesfilantesproductions.com\/wp-content\/uploads\/2020\/04\/Image-A-ou-P-01-vignette-daccroche-1200x674.jpg 1200w\" sizes=\"(max-width: 709px) 85vw, (max-width: 909px) 67vw, (max-width: 1362px) 62vw, 840px\" \/>\t\t\t\t\t\t\t\t<\/a>\n\t\t\t\t\t\t\t\t\t\t\t<\/div>\n\t\t\t\t<\/div>\n\t\t\t\t<\/div>\n\t\t\t\t<div class=\"elementor-element elementor-element-884e9b6 elementor-widget elementor-widget-text-editor\" data-id=\"884e9b6\" data-element_type=\"widget\" data-widget_type=\"text-editor.default\">\n\t\t\t\t<div class=\"elementor-widget-container\">\n\t\t\t\t\t<div class=\"elementor-text-editor elementor-clearfix\"><p><strong>Attendre ou provoquer<\/strong><\/p><\/div>\n\t\t\t\t<\/div>\n\t\t\t\t<\/div>\n\t\t\t\t\t\t<\/div>\n\t\t\t\t\t<\/div>\n\t\t<\/div>\n\t\t\t\t<div class=\"elementor-column elementor-col-50 elementor-top-column elementor-element elementor-element-f9a7634\" data-id=\"f9a7634\" data-element_type=\"column\">\n\t\t\t<div class=\"elementor-column-wrap elementor-element-populated\">\n\t\t\t\t\t\t\t<div class=\"elementor-widget-wrap\">\n\t\t\t\t\t\t<div class=\"elementor-element elementor-element-bc41dd6 elementor-widget elementor-widget-image\" data-id=\"bc41dd6\" data-element_type=\"widget\" data-widget_type=\"image.default\">\n\t\t\t\t<div class=\"elementor-widget-container\">\n\t\t\t\t\t<div class=\"elementor-image\">\n\t\t\t\t\t\t\t\t\t\t\t<a href=\"http:\/\/toilesfilantesproductions.com\/index.php\/pied-de-biche\/\">\n\t\t\t\t\t\t\t<img loading=\"lazy\" decoding=\"async\" width=\"600\" height=\"334\" src=\"https:\/\/toilesfilantesproductions.com\/wp-content\/uploads\/2019\/12\/image-PDB-vignette-daccroche.jpg\" class=\"attachment-large size-large\" alt=\"\" srcset=\"https:\/\/toilesfilantesproductions.com\/wp-content\/uploads\/2019\/12\/image-PDB-vignette-daccroche.jpg 600w, https:\/\/toilesfilantesproductions.com\/wp-content\/uploads\/2019\/12\/image-PDB-vignette-daccroche-300x167.jpg 300w\" sizes=\"(max-width: 600px) 85vw, 600px\" \/>\t\t\t\t\t\t\t\t<\/a>\n\t\t\t\t\t\t\t\t\t\t\t<\/div>\n\t\t\t\t<\/div>\n\t\t\t\t<\/div>\n\t\t\t\t<div class=\"elementor-element elementor-element-400ef3f elementor-widget elementor-widget-text-editor\" data-id=\"400ef3f\" data-element_type=\"widget\" data-widget_type=\"text-editor.default\">\n\t\t\t\t<div class=\"elementor-widget-container\">\n\t\t\t\t\t<div class=\"elementor-text-editor elementor-clearfix\"><p><strong>Pied de biche<\/strong><\/p><\/div>\n\t\t\t\t<\/div>\n\t\t\t\t<\/div>\n\t\t\t\t\t\t<\/div>\n\t\t\t\t\t<\/div>\n\t\t<\/div>\n\t\t\t\t\t\t\t\t<\/div>\n\t\t\t\t\t<\/div>\n\t\t<\/section>\n\t\t\t\t<section class=\"elementor-section elementor-top-section elementor-element elementor-element-8b06e0f elementor-section-boxed elementor-section-height-default elementor-section-height-default\" data-id=\"8b06e0f\" data-element_type=\"section\">\n\t\t\t\t\t\t<div class=\"elementor-container elementor-column-gap-default\">\n\t\t\t\t\t\t\t<div class=\"elementor-row\">\n\t\t\t\t\t<div class=\"elementor-column elementor-col-50 elementor-top-column elementor-element elementor-element-9e26849\" data-id=\"9e26849\" data-element_type=\"column\">\n\t\t\t<div class=\"elementor-column-wrap elementor-element-populated\">\n\t\t\t\t\t\t\t<div class=\"elementor-widget-wrap\">\n\t\t\t\t\t\t<div class=\"elementor-element elementor-element-f154961 elementor-widget elementor-widget-image\" data-id=\"f154961\" data-element_type=\"widget\" data-widget_type=\"image.default\">\n\t\t\t\t<div class=\"elementor-widget-container\">\n\t\t\t\t\t<div class=\"elementor-image\">\n\t\t\t\t\t\t\t\t\t\t\t<a href=\"http:\/\/toilesfilantesproductions.com\/index.php\/le-petit-peuple-dho-lui\/\">\n\t\t\t\t\t\t\t<img loading=\"lazy\" decoding=\"async\" width=\"840\" height=\"467\" src=\"https:\/\/toilesfilantesproductions.com\/wp-content\/uploads\/2020\/04\/Le-petit-peuple-vignette-daccroche-1024x569.jpg\" class=\"attachment-large size-large\" alt=\"\" srcset=\"https:\/\/toilesfilantesproductions.com\/wp-content\/uploads\/2020\/04\/Le-petit-peuple-vignette-daccroche-1024x569.jpg 1024w, https:\/\/toilesfilantesproductions.com\/wp-content\/uploads\/2020\/04\/Le-petit-peuple-vignette-daccroche-300x167.jpg 300w, https:\/\/toilesfilantesproductions.com\/wp-content\/uploads\/2020\/04\/Le-petit-peuple-vignette-daccroche-768x427.jpg 768w, https:\/\/toilesfilantesproductions.com\/wp-content\/uploads\/2020\/04\/Le-petit-peuple-vignette-daccroche-1200x666.jpg 1200w, https:\/\/toilesfilantesproductions.com\/wp-content\/uploads\/2020\/04\/Le-petit-peuple-vignette-daccroche.jpg 1417w\" sizes=\"(max-width: 709px) 85vw, (max-width: 909px) 67vw, (max-width: 1362px) 62vw, 840px\" \/>\t\t\t\t\t\t\t\t<\/a>\n\t\t\t\t\t\t\t\t\t\t\t<\/div>\n\t\t\t\t<\/div>\n\t\t\t\t<\/div>\n\t\t\t\t<div class=\"elementor-element elementor-element-4fbe185 elementor-widget elementor-widget-text-editor\" data-id=\"4fbe185\" data-element_type=\"widget\" data-widget_type=\"text-editor.default\">\n\t\t\t\t<div class=\"elementor-widget-container\">\n\t\t\t\t\t<div class=\"elementor-text-editor elementor-clearfix\"><p><strong>Le petit peuple d&#8217;Ho Lui<\/strong><\/p><\/div>\n\t\t\t\t<\/div>\n\t\t\t\t<\/div>\n\t\t\t\t\t\t<\/div>\n\t\t\t\t\t<\/div>\n\t\t<\/div>\n\t\t\t\t<div class=\"elementor-column elementor-col-50 elementor-top-column elementor-element elementor-element-66e7dfb\" data-id=\"66e7dfb\" data-element_type=\"column\">\n\t\t\t<div class=\"elementor-column-wrap elementor-element-populated\">\n\t\t\t\t\t\t\t<div class=\"elementor-widget-wrap\">\n\t\t\t\t\t\t<div class=\"elementor-element elementor-element-2c648d5 elementor-widget elementor-widget-image\" data-id=\"2c648d5\" data-element_type=\"widget\" data-widget_type=\"image.default\">\n\t\t\t\t<div class=\"elementor-widget-container\">\n\t\t\t\t\t<div class=\"elementor-image\">\n\t\t\t\t\t\t\t\t\t\t\t<a href=\"http:\/\/toilesfilantesproductions.com\/index.php\/voyage-tout-compris\/\">\n\t\t\t\t\t\t\t<img decoding=\"async\" src=\"http:\/\/toilesfilantesproductions.com\/wp-content\/uploads\/2020\/04\/image-Voyage-tout-compris-00-vignette-daccroche.jpg\" title=\"\" alt=\"\" \/>\t\t\t\t\t\t\t\t<\/a>\n\t\t\t\t\t\t\t\t\t\t\t<\/div>\n\t\t\t\t<\/div>\n\t\t\t\t<\/div>\n\t\t\t\t<div class=\"elementor-element elementor-element-5085926 elementor-widget elementor-widget-text-editor\" data-id=\"5085926\" data-element_type=\"widget\" data-widget_type=\"text-editor.default\">\n\t\t\t\t<div class=\"elementor-widget-container\">\n\t\t\t\t\t<div class=\"elementor-text-editor elementor-clearfix\"><p><strong>Voyage tout compris<\/strong><\/p><\/div>\n\t\t\t\t<\/div>\n\t\t\t\t<\/div>\n\t\t\t\t\t\t<\/div>\n\t\t\t\t\t<\/div>\n\t\t<\/div>\n\t\t\t\t\t\t\t\t<\/div>\n\t\t\t\t\t<\/div>\n\t\t<\/section>\n\t\t\t\t<section class=\"elementor-section elementor-top-section elementor-element elementor-element-331c4d2 elementor-section-boxed elementor-section-height-default elementor-section-height-default\" data-id=\"331c4d2\" data-element_type=\"section\">\n\t\t\t\t\t\t<div class=\"elementor-container elementor-column-gap-default\">\n\t\t\t\t\t\t\t<div class=\"elementor-row\">\n\t\t\t\t\t<div class=\"elementor-column elementor-col-50 elementor-top-column elementor-element elementor-element-09c56d1\" data-id=\"09c56d1\" data-element_type=\"column\">\n\t\t\t<div class=\"elementor-column-wrap elementor-element-populated\">\n\t\t\t\t\t\t\t<div class=\"elementor-widget-wrap\">\n\t\t\t\t\t\t<div class=\"elementor-element elementor-element-92bf969 elementor-widget elementor-widget-image\" data-id=\"92bf969\" data-element_type=\"widget\" data-widget_type=\"image.default\">\n\t\t\t\t<div class=\"elementor-widget-container\">\n\t\t\t\t\t<div class=\"elementor-image\">\n\t\t\t\t\t\t\t\t\t\t\t<a href=\"http:\/\/toilesfilantesproductions.com\/index.php\/ce-sont-des-hommes\/\">\n\t\t\t\t\t\t\t<img loading=\"lazy\" decoding=\"async\" width=\"840\" height=\"467\" src=\"https:\/\/toilesfilantesproductions.com\/wp-content\/uploads\/2020\/04\/Image-CSDH-00-vignette-daccroche-02-1024x569.jpg\" class=\"attachment-large size-large\" alt=\"\" srcset=\"https:\/\/toilesfilantesproductions.com\/wp-content\/uploads\/2020\/04\/Image-CSDH-00-vignette-daccroche-02-1024x569.jpg 1024w, https:\/\/toilesfilantesproductions.com\/wp-content\/uploads\/2020\/04\/Image-CSDH-00-vignette-daccroche-02-300x167.jpg 300w, https:\/\/toilesfilantesproductions.com\/wp-content\/uploads\/2020\/04\/Image-CSDH-00-vignette-daccroche-02-768x427.jpg 768w, https:\/\/toilesfilantesproductions.com\/wp-content\/uploads\/2020\/04\/Image-CSDH-00-vignette-daccroche-02-1200x666.jpg 1200w, https:\/\/toilesfilantesproductions.com\/wp-content\/uploads\/2020\/04\/Image-CSDH-00-vignette-daccroche-02.jpg 1417w\" sizes=\"(max-width: 709px) 85vw, (max-width: 909px) 67vw, (max-width: 1362px) 62vw, 840px\" \/>\t\t\t\t\t\t\t\t<\/a>\n\t\t\t\t\t\t\t\t\t\t\t<\/div>\n\t\t\t\t<\/div>\n\t\t\t\t<\/div>\n\t\t\t\t<div class=\"elementor-element elementor-element-47cd713 elementor-widget elementor-widget-text-editor\" data-id=\"47cd713\" data-element_type=\"widget\" data-widget_type=\"text-editor.default\">\n\t\t\t\t<div class=\"elementor-widget-container\">\n\t\t\t\t\t<div class=\"elementor-text-editor elementor-clearfix\"><p><strong>Ce sont des hommes<\/strong><\/p><\/div>\n\t\t\t\t<\/div>\n\t\t\t\t<\/div>\n\t\t\t\t\t\t<\/div>\n\t\t\t\t\t<\/div>\n\t\t<\/div>\n\t\t\t\t<div class=\"elementor-column elementor-col-50 elementor-top-column elementor-element elementor-element-abc2223\" data-id=\"abc2223\" data-element_type=\"column\">\n\t\t\t<div class=\"elementor-column-wrap elementor-element-populated\">\n\t\t\t\t\t\t\t<div class=\"elementor-widget-wrap\">\n\t\t\t\t\t\t<div class=\"elementor-element elementor-element-422958f elementor-widget elementor-widget-image\" data-id=\"422958f\" data-element_type=\"widget\" data-widget_type=\"image.default\">\n\t\t\t\t<div class=\"elementor-widget-container\">\n\t\t\t\t\t<div class=\"elementor-image\">\n\t\t\t\t\t\t\t\t\t\t\t<a href=\"http:\/\/toilesfilantesproductions.com\/index.php\/corveables\/\">\n\t\t\t\t\t\t\t<img loading=\"lazy\" decoding=\"async\" width=\"840\" height=\"467\" src=\"https:\/\/toilesfilantesproductions.com\/wp-content\/uploads\/2020\/04\/image-CORVE\u0301ABLES-02-vignette-daccroche-1024x569.jpg\" class=\"attachment-large size-large\" alt=\"\" srcset=\"https:\/\/toilesfilantesproductions.com\/wp-content\/uploads\/2020\/04\/image-CORVE\u0301ABLES-02-vignette-daccroche-1024x569.jpg 1024w, https:\/\/toilesfilantesproductions.com\/wp-content\/uploads\/2020\/04\/image-CORVE\u0301ABLES-02-vignette-daccroche-300x167.jpg 300w, https:\/\/toilesfilantesproductions.com\/wp-content\/uploads\/2020\/04\/image-CORVE\u0301ABLES-02-vignette-daccroche-768x427.jpg 768w, https:\/\/toilesfilantesproductions.com\/wp-content\/uploads\/2020\/04\/image-CORVE\u0301ABLES-02-vignette-daccroche-1200x666.jpg 1200w, https:\/\/toilesfilantesproductions.com\/wp-content\/uploads\/2020\/04\/image-CORVE\u0301ABLES-02-vignette-daccroche.jpg 1417w\" sizes=\"(max-width: 709px) 85vw, (max-width: 909px) 67vw, (max-width: 1362px) 62vw, 840px\" \/>\t\t\t\t\t\t\t\t<\/a>\n\t\t\t\t\t\t\t\t\t\t\t<\/div>\n\t\t\t\t<\/div>\n\t\t\t\t<\/div>\n\t\t\t\t<div class=\"elementor-element elementor-element-25e1429 elementor-widget elementor-widget-text-editor\" data-id=\"25e1429\" data-element_type=\"widget\" data-widget_type=\"text-editor.default\">\n\t\t\t\t<div class=\"elementor-widget-container\">\n\t\t\t\t\t<div class=\"elementor-text-editor elementor-clearfix\"><p><strong>Corv\u00e9ables<\/strong><\/p><\/div>\n\t\t\t\t<\/div>\n\t\t\t\t<\/div>\n\t\t\t\t\t\t<\/div>\n\t\t\t\t\t<\/div>\n\t\t<\/div>\n\t\t\t\t\t\t\t\t<\/div>\n\t\t\t\t\t<\/div>\n\t\t<\/section>\n\t\t\t\t<section class=\"elementor-section elementor-top-section elementor-element elementor-element-dfc3358 elementor-section-boxed elementor-section-height-default elementor-section-height-default\" data-id=\"dfc3358\" data-element_type=\"section\">\n\t\t\t\t\t\t<div class=\"elementor-container elementor-column-gap-default\">\n\t\t\t\t\t\t\t<div class=\"elementor-row\">\n\t\t\t\t\t<div class=\"elementor-column elementor-col-50 elementor-top-column elementor-element elementor-element-edf4c74\" data-id=\"edf4c74\" data-element_type=\"column\">\n\t\t\t<div class=\"elementor-column-wrap elementor-element-populated\">\n\t\t\t\t\t\t\t<div class=\"elementor-widget-wrap\">\n\t\t\t\t\t\t<div class=\"elementor-element elementor-element-54e08e5 elementor-widget elementor-widget-image\" data-id=\"54e08e5\" data-element_type=\"widget\" data-widget_type=\"image.default\">\n\t\t\t\t<div class=\"elementor-widget-container\">\n\t\t\t\t\t<div class=\"elementor-image\">\n\t\t\t\t\t\t\t\t\t\t\t<a href=\"http:\/\/toilesfilantesproductions.com\/index.php\/chahut\/\">\n\t\t\t\t\t\t\t<img loading=\"lazy\" decoding=\"async\" width=\"600\" height=\"450\" src=\"https:\/\/toilesfilantesproductions.com\/wp-content\/uploads\/2019\/12\/CHAHUT-1-vignette-daccroche.jpg\" class=\"attachment-large size-large\" alt=\"\" srcset=\"https:\/\/toilesfilantesproductions.com\/wp-content\/uploads\/2019\/12\/CHAHUT-1-vignette-daccroche.jpg 600w, https:\/\/toilesfilantesproductions.com\/wp-content\/uploads\/2019\/12\/CHAHUT-1-vignette-daccroche-300x225.jpg 300w\" sizes=\"(max-width: 600px) 85vw, 600px\" \/>\t\t\t\t\t\t\t\t<\/a>\n\t\t\t\t\t\t\t\t\t\t\t<\/div>\n\t\t\t\t<\/div>\n\t\t\t\t<\/div>\n\t\t\t\t<div class=\"elementor-element elementor-element-c990afd elementor-widget elementor-widget-text-editor\" data-id=\"c990afd\" data-element_type=\"widget\" data-widget_type=\"text-editor.default\">\n\t\t\t\t<div class=\"elementor-widget-container\">\n\t\t\t\t\t<div class=\"elementor-text-editor elementor-clearfix\"><p><strong>Chahut !<\/strong><\/p><\/div>\n\t\t\t\t<\/div>\n\t\t\t\t<\/div>\n\t\t\t\t\t\t<\/div>\n\t\t\t\t\t<\/div>\n\t\t<\/div>\n\t\t\t\t<div class=\"elementor-column elementor-col-50 elementor-top-column elementor-element elementor-element-2c8b7cc\" data-id=\"2c8b7cc\" data-element_type=\"column\">\n\t\t\t<div class=\"elementor-column-wrap elementor-element-populated\">\n\t\t\t\t\t\t\t<div class=\"elementor-widget-wrap\">\n\t\t\t\t\t\t<div class=\"elementor-element elementor-element-6dc4996 elementor-widget elementor-widget-image\" data-id=\"6dc4996\" data-element_type=\"widget\" data-widget_type=\"image.default\">\n\t\t\t\t<div class=\"elementor-widget-container\">\n\t\t\t\t\t<div class=\"elementor-image\">\n\t\t\t\t\t\t\t\t\t\t\t<a href=\"http:\/\/toilesfilantesproductions.com\/index.php\/la-communaute-detoile\/\">\n\t\t\t\t\t\t\t<img loading=\"lazy\" decoding=\"async\" width=\"768\" height=\"576\" src=\"https:\/\/toilesfilantesproductions.com\/wp-content\/uploads\/2019\/12\/La-communaute\u0301-dE\u0301toile-3.jpg\" class=\"attachment-large size-large\" alt=\"\" srcset=\"https:\/\/toilesfilantesproductions.com\/wp-content\/uploads\/2019\/12\/La-communaute\u0301-dE\u0301toile-3.jpg 768w, https:\/\/toilesfilantesproductions.com\/wp-content\/uploads\/2019\/12\/La-communaute\u0301-dE\u0301toile-3-300x225.jpg 300w\" sizes=\"(max-width: 768px) 85vw, 768px\" \/>\t\t\t\t\t\t\t\t<\/a>\n\t\t\t\t\t\t\t\t\t\t\t<\/div>\n\t\t\t\t<\/div>\n\t\t\t\t<\/div>\n\t\t\t\t<div class=\"elementor-element elementor-element-1355c9a elementor-widget elementor-widget-text-editor\" data-id=\"1355c9a\" data-element_type=\"widget\" data-widget_type=\"text-editor.default\">\n\t\t\t\t<div class=\"elementor-widget-container\">\n\t\t\t\t\t<div class=\"elementor-text-editor elementor-clearfix\"><p><strong>La communaut\u00e9 d&#8217;\u00c9toile<\/strong><\/p><\/div>\n\t\t\t\t<\/div>\n\t\t\t\t<\/div>\n\t\t\t\t\t\t<\/div>\n\t\t\t\t\t<\/div>\n\t\t<\/div>\n\t\t\t\t\t\t\t\t<\/div>\n\t\t\t\t\t<\/div>\n\t\t<\/section>\n\t\t\t\t\t\t<\/div>\n\t\t\t\t\t\t<\/div>\n\t\t\t\t\t<\/div>\n\t\t","protected":false},"excerpt":{"rendered":"<p>Attendre ou provoquer Pied de biche Le petit peuple d&#8217;Ho Lui Voyage tout compris Ce sont des hommes Corv\u00e9ables Chahut ! La communaut\u00e9 d&#8217;\u00c9toile<\/p>\n","protected":false},"author":1,"featured_media":0,"parent":0,"menu_order":0,"comment_status":"closed","ping_status":"closed","template":"","meta":{"footnotes":""},"yoast_head":"<!-- This site is optimized with the Yoast SEO plugin v15.9 - https:\/\/yoast.com\/wordpress\/plugins\/seo\/ -->\n<title>documentaires &mdash; Toiles Filantes Productions<\/title>\n<meta name=\"robots\" content=\"index, follow, max-snippet:-1, max-image-preview:large, max-video-preview:-1\" \/>\n<link rel=\"canonical\" href=\"https:\/\/toilesfilantesproductions.com\/index.php\/documentaires\/\" \/>\n<meta property=\"og:locale\" content=\"fr_FR\" \/>\n<meta property=\"og:type\" content=\"article\" \/>\n<meta property=\"og:title\" content=\"documentaires &mdash; Toiles Filantes Productions\" \/>\n<meta property=\"og:description\" content=\"Attendre ou provoquer Pied de biche Le petit peuple d&#8217;Ho Lui Voyage tout compris Ce sont des hommes Corv\u00e9ables Chahut ! La communaut\u00e9 d&#8217;\u00c9toile\" \/>\n<meta property=\"og:url\" content=\"https:\/\/toilesfilantesproductions.com\/index.php\/documentaires\/\" \/>\n<meta property=\"og:site_name\" content=\"Toiles Filantes Productions\" \/>\n<meta property=\"article:modified_time\" content=\"2020-04-11T09:20:35+00:00\" \/>\n<meta property=\"og:image\" content=\"http:\/\/toilesfilantesproductions.com\/wp-content\/uploads\/2020\/04\/Image-A-ou-P-01-vignette-daccroche-1024x575.jpg\" \/>\n<meta name=\"twitter:card\" content=\"summary_large_image\" \/>\n<script type=\"application\/ld+json\" class=\"yoast-schema-graph\">{\"@context\":\"https:\/\/schema.org\",\"@graph\":[{\"@type\":\"Organization\",\"@id\":\"https:\/\/toilesfilantesproductions.com\/#organization\",\"name\":\"Toiles Filantes Productions\",\"url\":\"https:\/\/toilesfilantesproductions.com\/\",\"sameAs\":[],\"logo\":{\"@type\":\"ImageObject\",\"@id\":\"https:\/\/toilesfilantesproductions.com\/#logo\",\"inLanguage\":\"fr-FR\",\"url\":\"https:\/\/toilesfilantesproductions.com\/wp-content\/uploads\/2019\/12\/logo-TFP-production-audiovisuelle-drome.png\",\"width\":400,\"height\":218,\"caption\":\"Toiles Filantes Productions\"},\"image\":{\"@id\":\"https:\/\/toilesfilantesproductions.com\/#logo\"}},{\"@type\":\"WebSite\",\"@id\":\"https:\/\/toilesfilantesproductions.com\/#website\",\"url\":\"https:\/\/toilesfilantesproductions.com\/\",\"name\":\"Toiles Filantes Productions\",\"description\":\"Toiles Filantes Productions r\\u00e9unit des professionnels de l&#039;audiovisuel et vous propose des r\\u00e9alisations de clips de promotion, films institutionnels\\u2026\",\"publisher\":{\"@id\":\"https:\/\/toilesfilantesproductions.com\/#organization\"},\"potentialAction\":[{\"@type\":\"SearchAction\",\"target\":\"https:\/\/toilesfilantesproductions.com\/?s={search_term_string}\",\"query-input\":\"required name=search_term_string\"}],\"inLanguage\":\"fr-FR\"},{\"@type\":\"ImageObject\",\"@id\":\"https:\/\/toilesfilantesproductions.com\/index.php\/documentaires\/#primaryimage\",\"inLanguage\":\"fr-FR\",\"url\":\"http:\/\/toilesfilantesproductions.com\/wp-content\/uploads\/2020\/04\/Image-A-ou-P-01-vignette-daccroche-1024x575.jpg\"},{\"@type\":\"WebPage\",\"@id\":\"https:\/\/toilesfilantesproductions.com\/index.php\/documentaires\/#webpage\",\"url\":\"https:\/\/toilesfilantesproductions.com\/index.php\/documentaires\/\",\"name\":\"documentaires &mdash; Toiles Filantes Productions\",\"isPartOf\":{\"@id\":\"https:\/\/toilesfilantesproductions.com\/#website\"},\"primaryImageOfPage\":{\"@id\":\"https:\/\/toilesfilantesproductions.com\/index.php\/documentaires\/#primaryimage\"},\"datePublished\":\"2019-12-05T13:26:50+00:00\",\"dateModified\":\"2020-04-11T09:20:35+00:00\",\"breadcrumb\":{\"@id\":\"https:\/\/toilesfilantesproductions.com\/index.php\/documentaires\/#breadcrumb\"},\"inLanguage\":\"fr-FR\",\"potentialAction\":[{\"@type\":\"ReadAction\",\"target\":[\"https:\/\/toilesfilantesproductions.com\/index.php\/documentaires\/\"]}]},{\"@type\":\"BreadcrumbList\",\"@id\":\"https:\/\/toilesfilantesproductions.com\/index.php\/documentaires\/#breadcrumb\",\"itemListElement\":[{\"@type\":\"ListItem\",\"position\":1,\"item\":{\"@type\":\"WebPage\",\"@id\":\"https:\/\/toilesfilantesproductions.com\/\",\"url\":\"https:\/\/toilesfilantesproductions.com\/\",\"name\":\"Accueil\"}},{\"@type\":\"ListItem\",\"position\":2,\"item\":{\"@type\":\"WebPage\",\"@id\":\"https:\/\/toilesfilantesproductions.com\/index.php\/documentaires\/\",\"url\":\"https:\/\/toilesfilantesproductions.com\/index.php\/documentaires\/\",\"name\":\"documentaires\"}}]}]}<\/script>\n<!-- \/ Yoast SEO plugin. -->","_links":{"self":[{"href":"https:\/\/toilesfilantesproductions.com\/index.php\/wp-json\/wp\/v2\/pages\/41"}],"collection":[{"href":"https:\/\/toilesfilantesproductions.com\/index.php\/wp-json\/wp\/v2\/pages"}],"about":[{"href":"https:\/\/toilesfilantesproductions.com\/index.php\/wp-json\/wp\/v2\/types\/page"}],"author":[{"embeddable":true,"href":"https:\/\/toilesfilantesproductions.com\/index.php\/wp-json\/wp\/v2\/users\/1"}],"replies":[{"embeddable":true,"href":"https:\/\/toilesfilantesproductions.com\/index.php\/wp-json\/wp\/v2\/comments?post=41"}],"version-history":[{"count":36,"href":"https:\/\/toilesfilantesproductions.com\/index.php\/wp-json\/wp\/v2\/pages\/41\/revisions"}],"predecessor-version":[{"id":441,"href":"https:\/\/toilesfilantesproductions.com\/index.php\/wp-json\/wp\/v2\/pages\/41\/revisions\/441"}],"wp:attachment":[{"href":"https:\/\/toilesfilantesproductions.com\/index.php\/wp-json\/wp\/v2\/media?parent=41"}],"curies":[{"name":"wp","href":"https:\/\/api.w.org\/{rel}","templated":true}]}}