{"id":424,"date":"2020-04-11T11:02:51","date_gmt":"2020-04-11T09:02:51","guid":{"rendered":"http:\/\/toilesfilantesproductions.com\/?page_id=424"},"modified":"2020-04-11T11:13:59","modified_gmt":"2020-04-11T09:13:59","slug":"attendre-ou-provoquer","status":"publish","type":"page","link":"https:\/\/toilesfilantesproductions.com\/index.php\/attendre-ou-provoquer\/","title":{"rendered":"Attendre ou provoquer"},"content":{"rendered":"\t\t<div data-elementor-type=\"wp-page\" data-elementor-id=\"424\" class=\"elementor elementor-424\" data-elementor-settings=\"[]\">\n\t\t\t\t\t\t<div class=\"elementor-inner\">\n\t\t\t\t\t\t\t<div class=\"elementor-section-wrap\">\n\t\t\t\t\t\t\t<section class=\"elementor-section elementor-top-section elementor-element elementor-element-0fe40ca elementor-section-boxed elementor-section-height-default elementor-section-height-default\" data-id=\"0fe40ca\" data-element_type=\"section\">\n\t\t\t\t\t\t<div class=\"elementor-container elementor-column-gap-default\">\n\t\t\t\t\t\t\t<div class=\"elementor-row\">\n\t\t\t\t\t<div class=\"elementor-column elementor-col-100 elementor-top-column elementor-element elementor-element-f6193c3\" data-id=\"f6193c3\" data-element_type=\"column\">\n\t\t\t<div class=\"elementor-column-wrap elementor-element-populated\">\n\t\t\t\t\t\t\t<div class=\"elementor-widget-wrap\">\n\t\t\t\t\t\t<div class=\"elementor-element elementor-element-3e6a24b elementor-aspect-ratio-169 elementor-widget elementor-widget-video\" data-id=\"3e6a24b\" data-element_type=\"widget\" data-settings=\"{&quot;video_type&quot;:&quot;vimeo&quot;,&quot;aspect_ratio&quot;:&quot;169&quot;}\" data-widget_type=\"video.default\">\n\t\t\t\t<div class=\"elementor-widget-container\">\n\t\t\t\t\t<div class=\"elementor-wrapper elementor-fit-aspect-ratio elementor-open-inline\">\n\t\t\t<iframe class=\"elementor-video-iframe\" allowfullscreen title=\"Lecteur vid\u00e9o vimeo\" src=\"https:\/\/player.vimeo.com\/video\/297490221?color&amp;autopause=0&amp;loop=0&amp;muted=0&amp;title=1&amp;portrait=1&amp;byline=1#t=\"><\/iframe>\t\t<\/div>\n\t\t\t\t<\/div>\n\t\t\t\t<\/div>\n\t\t\t\t\t\t<\/div>\n\t\t\t\t\t<\/div>\n\t\t<\/div>\n\t\t\t\t\t\t\t\t<\/div>\n\t\t\t\t\t<\/div>\n\t\t<\/section>\n\t\t\t\t<section class=\"elementor-section elementor-top-section elementor-element elementor-element-d40fdf8 elementor-section-boxed elementor-section-height-default elementor-section-height-default\" data-id=\"d40fdf8\" data-element_type=\"section\">\n\t\t\t\t\t\t<div class=\"elementor-container elementor-column-gap-default\">\n\t\t\t\t\t\t\t<div class=\"elementor-row\">\n\t\t\t\t\t<div class=\"elementor-column elementor-col-100 elementor-top-column elementor-element elementor-element-e5cacb9\" data-id=\"e5cacb9\" data-element_type=\"column\">\n\t\t\t<div class=\"elementor-column-wrap elementor-element-populated\">\n\t\t\t\t\t\t\t<div class=\"elementor-widget-wrap\">\n\t\t\t\t\t\t<div class=\"elementor-element elementor-element-9ad551a elementor-widget elementor-widget-text-editor\" data-id=\"9ad551a\" data-element_type=\"widget\" data-widget_type=\"text-editor.default\">\n\t\t\t\t<div class=\"elementor-widget-container\">\n\t\t\t\t\t<div class=\"elementor-text-editor elementor-clearfix\"><p><span style=\"font-size: 10pt;\">r\u00e9alisation, image, son et montage : <strong>Julie Romeuf<\/strong>, <strong>Matthieu Quillet<\/strong> | 2018 | 15min<\/span><\/p><p>Lettre film\u00e9e \u00e0 partir du texte \u00ab\u00a0Chroniques du pied de biche \u2013 Quelques \u00e9clats de vie par effraction\u00a0\u00bb, t\u00e9moignage subversif, offensif mais aussi autocritique sur une exp\u00e9rience de vie de 15 ans (et plus) en squats.<\/p><p><span style=\"font-size: 10pt;\">Attendre ou provoquer a \u00e9t\u00e9 projet\u00e9 en m\u00eame temps que toutes les diffusions de Pied de biche et lors de ces \u00e9v\u00e8nements\u00a0:<\/span><br \/><span style=\"font-size: 10pt;\">&#8211; Get Free Film Fest Los Angeles&#8217; Premiere Libertarian Film Festival (5 juin 2019)<\/span><br \/><span style=\"font-size: 10pt;\">&#8211; Festival des rencontres du film documentaire de Saint Jean du Gard. \u00ab Luttes et r\u00e9sistances \u00bb (24 mars 2018)<\/span><br \/><span style=\"font-size: 10pt;\">&#8211; Festival de films hors normes \u00ab Les Inattendus \u00bb \u00e0 Lyon (f\u00e9vrier 2020)<\/span><\/p><\/div>\n\t\t\t\t<\/div>\n\t\t\t\t<\/div>\n\t\t\t\t\t\t<\/div>\n\t\t\t\t\t<\/div>\n\t\t<\/div>\n\t\t\t\t\t\t\t\t<\/div>\n\t\t\t\t\t<\/div>\n\t\t<\/section>\n\t\t\t\t<section class=\"elementor-section elementor-top-section elementor-element elementor-element-263f35b elementor-section-boxed elementor-section-height-default elementor-section-height-default\" data-id=\"263f35b\" data-element_type=\"section\">\n\t\t\t\t\t\t<div class=\"elementor-container elementor-column-gap-default\">\n\t\t\t\t\t\t\t<div class=\"elementor-row\">\n\t\t\t\t\t<div class=\"elementor-column elementor-col-100 elementor-top-column elementor-element elementor-element-9283397\" data-id=\"9283397\" data-element_type=\"column\">\n\t\t\t<div class=\"elementor-column-wrap elementor-element-populated\">\n\t\t\t\t\t\t\t<div class=\"elementor-widget-wrap\">\n\t\t\t\t\t\t<div class=\"elementor-element elementor-element-48501f1 elementor-widget elementor-widget-image-gallery\" data-id=\"48501f1\" data-element_type=\"widget\" data-widget_type=\"image-gallery.default\">\n\t\t\t\t<div class=\"elementor-widget-container\">\n\t\t\t\t\t<div class=\"elementor-image-gallery\">\n\t\t\t<div id='gallery-1' class='gallery galleryid-424 gallery-columns-3 gallery-size-full'><figure class='gallery-item'>\n\t\t\t<div class='gallery-icon landscape'>\n\t\t\t\t<a data-elementor-open-lightbox=\"yes\" data-elementor-lightbox-slideshow=\"48501f1\" data-elementor-lightbox-title=\"Image A ou P 02\" href='https:\/\/toilesfilantesproductions.com\/wp-content\/uploads\/2020\/04\/Image-A-ou-P-02.jpg'><img loading=\"lazy\" decoding=\"async\" width=\"2400\" height=\"1340\" src=\"https:\/\/toilesfilantesproductions.com\/wp-content\/uploads\/2020\/04\/Image-A-ou-P-02.jpg\" class=\"attachment-full size-full\" alt=\"\" srcset=\"https:\/\/toilesfilantesproductions.com\/wp-content\/uploads\/2020\/04\/Image-A-ou-P-02.jpg 2400w, https:\/\/toilesfilantesproductions.com\/wp-content\/uploads\/2020\/04\/Image-A-ou-P-02-300x168.jpg 300w, https:\/\/toilesfilantesproductions.com\/wp-content\/uploads\/2020\/04\/Image-A-ou-P-02-1024x572.jpg 1024w, https:\/\/toilesfilantesproductions.com\/wp-content\/uploads\/2020\/04\/Image-A-ou-P-02-768x429.jpg 768w, https:\/\/toilesfilantesproductions.com\/wp-content\/uploads\/2020\/04\/Image-A-ou-P-02-1536x858.jpg 1536w, https:\/\/toilesfilantesproductions.com\/wp-content\/uploads\/2020\/04\/Image-A-ou-P-02-2048x1143.jpg 2048w, https:\/\/toilesfilantesproductions.com\/wp-content\/uploads\/2020\/04\/Image-A-ou-P-02-1200x670.jpg 1200w\" sizes=\"(max-width: 709px) 85vw, (max-width: 909px) 67vw, (max-width: 1362px) 62vw, 840px\" \/><\/a>\n\t\t\t<\/div><\/figure><figure class='gallery-item'>\n\t\t\t<div class='gallery-icon landscape'>\n\t\t\t\t<a data-elementor-open-lightbox=\"yes\" data-elementor-lightbox-slideshow=\"48501f1\" data-elementor-lightbox-title=\"Image A ou P 03\" href='https:\/\/toilesfilantesproductions.com\/wp-content\/uploads\/2020\/04\/Image-A-ou-P-03.jpg'><img loading=\"lazy\" decoding=\"async\" width=\"2400\" height=\"1346\" src=\"https:\/\/toilesfilantesproductions.com\/wp-content\/uploads\/2020\/04\/Image-A-ou-P-03.jpg\" class=\"attachment-full size-full\" alt=\"\" srcset=\"https:\/\/toilesfilantesproductions.com\/wp-content\/uploads\/2020\/04\/Image-A-ou-P-03.jpg 2400w, https:\/\/toilesfilantesproductions.com\/wp-content\/uploads\/2020\/04\/Image-A-ou-P-03-300x168.jpg 300w, https:\/\/toilesfilantesproductions.com\/wp-content\/uploads\/2020\/04\/Image-A-ou-P-03-1024x574.jpg 1024w, https:\/\/toilesfilantesproductions.com\/wp-content\/uploads\/2020\/04\/Image-A-ou-P-03-768x431.jpg 768w, https:\/\/toilesfilantesproductions.com\/wp-content\/uploads\/2020\/04\/Image-A-ou-P-03-1536x861.jpg 1536w, https:\/\/toilesfilantesproductions.com\/wp-content\/uploads\/2020\/04\/Image-A-ou-P-03-2048x1149.jpg 2048w, https:\/\/toilesfilantesproductions.com\/wp-content\/uploads\/2020\/04\/Image-A-ou-P-03-1200x673.jpg 1200w\" sizes=\"(max-width: 709px) 85vw, (max-width: 909px) 67vw, (max-width: 1362px) 62vw, 840px\" \/><\/a>\n\t\t\t<\/div><\/figure><figure class='gallery-item'>\n\t\t\t<div class='gallery-icon landscape'>\n\t\t\t\t<a data-elementor-open-lightbox=\"yes\" data-elementor-lightbox-slideshow=\"48501f1\" data-elementor-lightbox-title=\"Image A ou P 04\" href='https:\/\/toilesfilantesproductions.com\/wp-content\/uploads\/2020\/04\/Image-A-ou-P-04.jpg'><img loading=\"lazy\" decoding=\"async\" width=\"2400\" height=\"1345\" src=\"https:\/\/toilesfilantesproductions.com\/wp-content\/uploads\/2020\/04\/Image-A-ou-P-04.jpg\" class=\"attachment-full size-full\" alt=\"\" srcset=\"https:\/\/toilesfilantesproductions.com\/wp-content\/uploads\/2020\/04\/Image-A-ou-P-04.jpg 2400w, https:\/\/toilesfilantesproductions.com\/wp-content\/uploads\/2020\/04\/Image-A-ou-P-04-300x168.jpg 300w, https:\/\/toilesfilantesproductions.com\/wp-content\/uploads\/2020\/04\/Image-A-ou-P-04-1024x574.jpg 1024w, https:\/\/toilesfilantesproductions.com\/wp-content\/uploads\/2020\/04\/Image-A-ou-P-04-768x430.jpg 768w, https:\/\/toilesfilantesproductions.com\/wp-content\/uploads\/2020\/04\/Image-A-ou-P-04-1536x861.jpg 1536w, https:\/\/toilesfilantesproductions.com\/wp-content\/uploads\/2020\/04\/Image-A-ou-P-04-2048x1148.jpg 2048w, https:\/\/toilesfilantesproductions.com\/wp-content\/uploads\/2020\/04\/Image-A-ou-P-04-1200x673.jpg 1200w\" sizes=\"(max-width: 709px) 85vw, (max-width: 909px) 67vw, (max-width: 1362px) 62vw, 840px\" \/><\/a>\n\t\t\t<\/div><\/figure><figure class='gallery-item'>\n\t\t\t<div class='gallery-icon landscape'>\n\t\t\t\t<a data-elementor-open-lightbox=\"yes\" data-elementor-lightbox-slideshow=\"48501f1\" data-elementor-lightbox-title=\"Image A ou P 05\" href='https:\/\/toilesfilantesproductions.com\/wp-content\/uploads\/2020\/04\/Image-A-ou-P-05.jpg'><img loading=\"lazy\" decoding=\"async\" width=\"2400\" height=\"1343\" src=\"https:\/\/toilesfilantesproductions.com\/wp-content\/uploads\/2020\/04\/Image-A-ou-P-05.jpg\" class=\"attachment-full size-full\" alt=\"\" srcset=\"https:\/\/toilesfilantesproductions.com\/wp-content\/uploads\/2020\/04\/Image-A-ou-P-05.jpg 2400w, https:\/\/toilesfilantesproductions.com\/wp-content\/uploads\/2020\/04\/Image-A-ou-P-05-300x168.jpg 300w, https:\/\/toilesfilantesproductions.com\/wp-content\/uploads\/2020\/04\/Image-A-ou-P-05-1024x573.jpg 1024w, https:\/\/toilesfilantesproductions.com\/wp-content\/uploads\/2020\/04\/Image-A-ou-P-05-768x430.jpg 768w, https:\/\/toilesfilantesproductions.com\/wp-content\/uploads\/2020\/04\/Image-A-ou-P-05-1536x860.jpg 1536w, https:\/\/toilesfilantesproductions.com\/wp-content\/uploads\/2020\/04\/Image-A-ou-P-05-2048x1146.jpg 2048w, https:\/\/toilesfilantesproductions.com\/wp-content\/uploads\/2020\/04\/Image-A-ou-P-05-1200x672.jpg 1200w\" sizes=\"(max-width: 709px) 85vw, (max-width: 909px) 67vw, (max-width: 1362px) 62vw, 840px\" \/><\/a>\n\t\t\t<\/div><\/figure><figure class='gallery-item'>\n\t\t\t<div class='gallery-icon landscape'>\n\t\t\t\t<a data-elementor-open-lightbox=\"yes\" data-elementor-lightbox-slideshow=\"48501f1\" data-elementor-lightbox-title=\"Image A ou P 06\" href='https:\/\/toilesfilantesproductions.com\/wp-content\/uploads\/2020\/04\/Image-A-ou-P-06.jpg'><img loading=\"lazy\" decoding=\"async\" width=\"2400\" height=\"1346\" src=\"https:\/\/toilesfilantesproductions.com\/wp-content\/uploads\/2020\/04\/Image-A-ou-P-06.jpg\" class=\"attachment-full size-full\" alt=\"\" srcset=\"https:\/\/toilesfilantesproductions.com\/wp-content\/uploads\/2020\/04\/Image-A-ou-P-06.jpg 2400w, https:\/\/toilesfilantesproductions.com\/wp-content\/uploads\/2020\/04\/Image-A-ou-P-06-300x168.jpg 300w, https:\/\/toilesfilantesproductions.com\/wp-content\/uploads\/2020\/04\/Image-A-ou-P-06-1024x574.jpg 1024w, https:\/\/toilesfilantesproductions.com\/wp-content\/uploads\/2020\/04\/Image-A-ou-P-06-768x431.jpg 768w, https:\/\/toilesfilantesproductions.com\/wp-content\/uploads\/2020\/04\/Image-A-ou-P-06-1536x861.jpg 1536w, https:\/\/toilesfilantesproductions.com\/wp-content\/uploads\/2020\/04\/Image-A-ou-P-06-2048x1149.jpg 2048w, https:\/\/toilesfilantesproductions.com\/wp-content\/uploads\/2020\/04\/Image-A-ou-P-06-1200x673.jpg 1200w\" sizes=\"(max-width: 709px) 85vw, (max-width: 909px) 67vw, (max-width: 1362px) 62vw, 840px\" \/><\/a>\n\t\t\t<\/div><\/figure><figure class='gallery-item'>\n\t\t\t<div class='gallery-icon landscape'>\n\t\t\t\t<a data-elementor-open-lightbox=\"yes\" data-elementor-lightbox-slideshow=\"48501f1\" data-elementor-lightbox-title=\"Image A ou P 07\" href='https:\/\/toilesfilantesproductions.com\/wp-content\/uploads\/2020\/04\/Image-A-ou-P-07.jpg'><img loading=\"lazy\" decoding=\"async\" width=\"2400\" height=\"1348\" src=\"https:\/\/toilesfilantesproductions.com\/wp-content\/uploads\/2020\/04\/Image-A-ou-P-07.jpg\" class=\"attachment-full size-full\" alt=\"\" srcset=\"https:\/\/toilesfilantesproductions.com\/wp-content\/uploads\/2020\/04\/Image-A-ou-P-07.jpg 2400w, https:\/\/toilesfilantesproductions.com\/wp-content\/uploads\/2020\/04\/Image-A-ou-P-07-300x169.jpg 300w, https:\/\/toilesfilantesproductions.com\/wp-content\/uploads\/2020\/04\/Image-A-ou-P-07-1024x575.jpg 1024w, https:\/\/toilesfilantesproductions.com\/wp-content\/uploads\/2020\/04\/Image-A-ou-P-07-768x431.jpg 768w, https:\/\/toilesfilantesproductions.com\/wp-content\/uploads\/2020\/04\/Image-A-ou-P-07-1536x863.jpg 1536w, https:\/\/toilesfilantesproductions.com\/wp-content\/uploads\/2020\/04\/Image-A-ou-P-07-2048x1150.jpg 2048w, https:\/\/toilesfilantesproductions.com\/wp-content\/uploads\/2020\/04\/Image-A-ou-P-07-1200x674.jpg 1200w\" sizes=\"(max-width: 709px) 85vw, (max-width: 909px) 67vw, (max-width: 1362px) 62vw, 840px\" \/><\/a>\n\t\t\t<\/div><\/figure><figure class='gallery-item'>\n\t\t\t<div class='gallery-icon landscape'>\n\t\t\t\t<a data-elementor-open-lightbox=\"yes\" data-elementor-lightbox-slideshow=\"48501f1\" data-elementor-lightbox-title=\"Image A ou P 08\" href='https:\/\/toilesfilantesproductions.com\/wp-content\/uploads\/2020\/04\/Image-A-ou-P-08.jpg'><img loading=\"lazy\" decoding=\"async\" width=\"2400\" height=\"1350\" src=\"https:\/\/toilesfilantesproductions.com\/wp-content\/uploads\/2020\/04\/Image-A-ou-P-08.jpg\" class=\"attachment-full size-full\" alt=\"\" srcset=\"https:\/\/toilesfilantesproductions.com\/wp-content\/uploads\/2020\/04\/Image-A-ou-P-08.jpg 2400w, https:\/\/toilesfilantesproductions.com\/wp-content\/uploads\/2020\/04\/Image-A-ou-P-08-300x169.jpg 300w, https:\/\/toilesfilantesproductions.com\/wp-content\/uploads\/2020\/04\/Image-A-ou-P-08-1024x576.jpg 1024w, https:\/\/toilesfilantesproductions.com\/wp-content\/uploads\/2020\/04\/Image-A-ou-P-08-768x432.jpg 768w, https:\/\/toilesfilantesproductions.com\/wp-content\/uploads\/2020\/04\/Image-A-ou-P-08-1536x864.jpg 1536w, https:\/\/toilesfilantesproductions.com\/wp-content\/uploads\/2020\/04\/Image-A-ou-P-08-2048x1152.jpg 2048w, https:\/\/toilesfilantesproductions.com\/wp-content\/uploads\/2020\/04\/Image-A-ou-P-08-1200x675.jpg 1200w\" sizes=\"(max-width: 709px) 85vw, (max-width: 909px) 67vw, (max-width: 1362px) 62vw, 840px\" \/><\/a>\n\t\t\t<\/div><\/figure><figure class='gallery-item'>\n\t\t\t<div class='gallery-icon landscape'>\n\t\t\t\t<a data-elementor-open-lightbox=\"yes\" data-elementor-lightbox-slideshow=\"48501f1\" data-elementor-lightbox-title=\"Image A ou P 09\" href='https:\/\/toilesfilantesproductions.com\/wp-content\/uploads\/2020\/04\/Image-A-ou-P-09.png'><img loading=\"lazy\" decoding=\"async\" width=\"4000\" height=\"2231\" src=\"https:\/\/toilesfilantesproductions.com\/wp-content\/uploads\/2020\/04\/Image-A-ou-P-09.png\" class=\"attachment-full size-full\" alt=\"\" srcset=\"https:\/\/toilesfilantesproductions.com\/wp-content\/uploads\/2020\/04\/Image-A-ou-P-09.png 4000w, https:\/\/toilesfilantesproductions.com\/wp-content\/uploads\/2020\/04\/Image-A-ou-P-09-300x167.png 300w, https:\/\/toilesfilantesproductions.com\/wp-content\/uploads\/2020\/04\/Image-A-ou-P-09-1024x571.png 1024w, https:\/\/toilesfilantesproductions.com\/wp-content\/uploads\/2020\/04\/Image-A-ou-P-09-768x428.png 768w, https:\/\/toilesfilantesproductions.com\/wp-content\/uploads\/2020\/04\/Image-A-ou-P-09-1536x857.png 1536w, https:\/\/toilesfilantesproductions.com\/wp-content\/uploads\/2020\/04\/Image-A-ou-P-09-2048x1142.png 2048w, https:\/\/toilesfilantesproductions.com\/wp-content\/uploads\/2020\/04\/Image-A-ou-P-09-1200x669.png 1200w\" sizes=\"(max-width: 709px) 85vw, (max-width: 909px) 67vw, (max-width: 1362px) 62vw, 840px\" \/><\/a>\n\t\t\t<\/div><\/figure><figure class='gallery-item'>\n\t\t\t<div class='gallery-icon landscape'>\n\t\t\t\t<a data-elementor-open-lightbox=\"yes\" data-elementor-lightbox-slideshow=\"48501f1\" data-elementor-lightbox-title=\"Image A ou P 10\" href='https:\/\/toilesfilantesproductions.com\/wp-content\/uploads\/2020\/04\/Image-A-ou-P-10.jpg'><img loading=\"lazy\" decoding=\"async\" width=\"2362\" height=\"1321\" src=\"https:\/\/toilesfilantesproductions.com\/wp-content\/uploads\/2020\/04\/Image-A-ou-P-10.jpg\" class=\"attachment-full size-full\" alt=\"\" srcset=\"https:\/\/toilesfilantesproductions.com\/wp-content\/uploads\/2020\/04\/Image-A-ou-P-10.jpg 2362w, https:\/\/toilesfilantesproductions.com\/wp-content\/uploads\/2020\/04\/Image-A-ou-P-10-300x168.jpg 300w, https:\/\/toilesfilantesproductions.com\/wp-content\/uploads\/2020\/04\/Image-A-ou-P-10-1024x573.jpg 1024w, https:\/\/toilesfilantesproductions.com\/wp-content\/uploads\/2020\/04\/Image-A-ou-P-10-768x430.jpg 768w, https:\/\/toilesfilantesproductions.com\/wp-content\/uploads\/2020\/04\/Image-A-ou-P-10-1536x859.jpg 1536w, https:\/\/toilesfilantesproductions.com\/wp-content\/uploads\/2020\/04\/Image-A-ou-P-10-2048x1145.jpg 2048w, https:\/\/toilesfilantesproductions.com\/wp-content\/uploads\/2020\/04\/Image-A-ou-P-10-1200x671.jpg 1200w\" sizes=\"(max-width: 709px) 85vw, (max-width: 909px) 67vw, (max-width: 1362px) 62vw, 840px\" \/><\/a>\n\t\t\t<\/div><\/figure>\n\t\t<\/div>\n\t\t<\/div>\n\t\t\t\t<\/div>\n\t\t\t\t<\/div>\n\t\t\t\t\t\t<\/div>\n\t\t\t\t\t<\/div>\n\t\t<\/div>\n\t\t\t\t\t\t\t\t<\/div>\n\t\t\t\t\t<\/div>\n\t\t<\/section>\n\t\t\t\t\t\t<\/div>\n\t\t\t\t\t\t<\/div>\n\t\t\t\t\t<\/div>\n\t\t","protected":false},"excerpt":{"rendered":"<p>https:\/\/vimeo.com\/297490221 r\u00e9alisation, image, son et montage : Julie Romeuf, Matthieu Quillet | 2018 | 15min Lettre film\u00e9e \u00e0 partir du texte \u00ab\u00a0Chroniques du pied de biche \u2013 Quelques \u00e9clats de vie par effraction\u00a0\u00bb, t\u00e9moignage subversif, offensif mais aussi autocritique sur une exp\u00e9rience de vie de 15 ans (et plus) en squats. Attendre ou provoquer a &hellip; <a href=\"https:\/\/toilesfilantesproductions.com\/index.php\/attendre-ou-provoquer\/\" class=\"more-link\">Continuer la lecture<span class=\"screen-reader-text\"> de &laquo;&nbsp;Attendre ou provoquer&nbsp;&raquo;<\/span><\/a><\/p>\n","protected":false},"author":1,"featured_media":0,"parent":0,"menu_order":0,"comment_status":"closed","ping_status":"closed","template":"","meta":{"footnotes":""},"yoast_head":"<!-- This site is optimized with the Yoast SEO plugin v15.9 - https:\/\/yoast.com\/wordpress\/plugins\/seo\/ -->\n<title>Attendre ou provoquer &mdash; Toiles Filantes Productions<\/title>\n<meta name=\"robots\" content=\"index, follow, max-snippet:-1, max-image-preview:large, max-video-preview:-1\" \/>\n<link rel=\"canonical\" href=\"https:\/\/toilesfilantesproductions.com\/index.php\/attendre-ou-provoquer\/\" \/>\n<meta property=\"og:locale\" content=\"fr_FR\" \/>\n<meta property=\"og:type\" content=\"article\" \/>\n<meta property=\"og:title\" content=\"Attendre ou provoquer &mdash; Toiles Filantes Productions\" \/>\n<meta property=\"og:description\" content=\"https:\/\/vimeo.com\/297490221 r\u00e9alisation, image, son et montage : Julie Romeuf, Matthieu Quillet | 2018 | 15min Lettre film\u00e9e \u00e0 partir du texte \u00ab\u00a0Chroniques du pied de biche \u2013 Quelques \u00e9clats de vie par effraction\u00a0\u00bb, t\u00e9moignage subversif, offensif mais aussi autocritique sur une exp\u00e9rience de vie de 15 ans (et plus) en squats. Attendre ou provoquer a &hellip; Continuer la lecture de &laquo;&nbsp;Attendre ou provoquer&nbsp;&raquo;\" \/>\n<meta property=\"og:url\" content=\"https:\/\/toilesfilantesproductions.com\/index.php\/attendre-ou-provoquer\/\" \/>\n<meta property=\"og:site_name\" content=\"Toiles Filantes Productions\" \/>\n<meta property=\"article:modified_time\" content=\"2020-04-11T09:13:59+00:00\" \/>\n<meta property=\"og:image\" content=\"http:\/\/toilesfilantesproductions.com\/wp-content\/uploads\/2020\/04\/Image-A-ou-P-02.jpg\" \/>\n<meta name=\"twitter:card\" content=\"summary_large_image\" \/>\n<meta name=\"twitter:label1\" content=\"Dur\u00e9e de lecture est.\">\n\t<meta name=\"twitter:data1\" content=\"1 minute\">\n<script type=\"application\/ld+json\" class=\"yoast-schema-graph\">{\"@context\":\"https:\/\/schema.org\",\"@graph\":[{\"@type\":\"Organization\",\"@id\":\"https:\/\/toilesfilantesproductions.com\/#organization\",\"name\":\"Toiles Filantes Productions\",\"url\":\"https:\/\/toilesfilantesproductions.com\/\",\"sameAs\":[],\"logo\":{\"@type\":\"ImageObject\",\"@id\":\"https:\/\/toilesfilantesproductions.com\/#logo\",\"inLanguage\":\"fr-FR\",\"url\":\"https:\/\/toilesfilantesproductions.com\/wp-content\/uploads\/2019\/12\/logo-TFP-production-audiovisuelle-drome.png\",\"width\":400,\"height\":218,\"caption\":\"Toiles Filantes Productions\"},\"image\":{\"@id\":\"https:\/\/toilesfilantesproductions.com\/#logo\"}},{\"@type\":\"WebSite\",\"@id\":\"https:\/\/toilesfilantesproductions.com\/#website\",\"url\":\"https:\/\/toilesfilantesproductions.com\/\",\"name\":\"Toiles Filantes Productions\",\"description\":\"Toiles Filantes Productions r\\u00e9unit des professionnels de l&#039;audiovisuel et vous propose des r\\u00e9alisations de clips de promotion, films institutionnels\\u2026\",\"publisher\":{\"@id\":\"https:\/\/toilesfilantesproductions.com\/#organization\"},\"potentialAction\":[{\"@type\":\"SearchAction\",\"target\":\"https:\/\/toilesfilantesproductions.com\/?s={search_term_string}\",\"query-input\":\"required name=search_term_string\"}],\"inLanguage\":\"fr-FR\"},{\"@type\":\"ImageObject\",\"@id\":\"https:\/\/toilesfilantesproductions.com\/index.php\/attendre-ou-provoquer\/#primaryimage\",\"inLanguage\":\"fr-FR\",\"url\":\"http:\/\/toilesfilantesproductions.com\/wp-content\/uploads\/2020\/04\/Image-A-ou-P-02.jpg\"},{\"@type\":\"WebPage\",\"@id\":\"https:\/\/toilesfilantesproductions.com\/index.php\/attendre-ou-provoquer\/#webpage\",\"url\":\"https:\/\/toilesfilantesproductions.com\/index.php\/attendre-ou-provoquer\/\",\"name\":\"Attendre ou provoquer &mdash; Toiles Filantes Productions\",\"isPartOf\":{\"@id\":\"https:\/\/toilesfilantesproductions.com\/#website\"},\"primaryImageOfPage\":{\"@id\":\"https:\/\/toilesfilantesproductions.com\/index.php\/attendre-ou-provoquer\/#primaryimage\"},\"datePublished\":\"2020-04-11T09:02:51+00:00\",\"dateModified\":\"2020-04-11T09:13:59+00:00\",\"breadcrumb\":{\"@id\":\"https:\/\/toilesfilantesproductions.com\/index.php\/attendre-ou-provoquer\/#breadcrumb\"},\"inLanguage\":\"fr-FR\",\"potentialAction\":[{\"@type\":\"ReadAction\",\"target\":[\"https:\/\/toilesfilantesproductions.com\/index.php\/attendre-ou-provoquer\/\"]}]},{\"@type\":\"BreadcrumbList\",\"@id\":\"https:\/\/toilesfilantesproductions.com\/index.php\/attendre-ou-provoquer\/#breadcrumb\",\"itemListElement\":[{\"@type\":\"ListItem\",\"position\":1,\"item\":{\"@type\":\"WebPage\",\"@id\":\"https:\/\/toilesfilantesproductions.com\/\",\"url\":\"https:\/\/toilesfilantesproductions.com\/\",\"name\":\"Accueil\"}},{\"@type\":\"ListItem\",\"position\":2,\"item\":{\"@type\":\"WebPage\",\"@id\":\"https:\/\/toilesfilantesproductions.com\/index.php\/attendre-ou-provoquer\/\",\"url\":\"https:\/\/toilesfilantesproductions.com\/index.php\/attendre-ou-provoquer\/\",\"name\":\"Attendre ou provoquer\"}}]}]}<\/script>\n<!-- \/ Yoast SEO plugin. -->","_links":{"self":[{"href":"https:\/\/toilesfilantesproductions.com\/index.php\/wp-json\/wp\/v2\/pages\/424"}],"collection":[{"href":"https:\/\/toilesfilantesproductions.com\/index.php\/wp-json\/wp\/v2\/pages"}],"about":[{"href":"https:\/\/toilesfilantesproductions.com\/index.php\/wp-json\/wp\/v2\/types\/page"}],"author":[{"embeddable":true,"href":"https:\/\/toilesfilantesproductions.com\/index.php\/wp-json\/wp\/v2\/users\/1"}],"replies":[{"embeddable":true,"href":"https:\/\/toilesfilantesproductions.com\/index.php\/wp-json\/wp\/v2\/comments?post=424"}],"version-history":[{"count":5,"href":"https:\/\/toilesfilantesproductions.com\/index.php\/wp-json\/wp\/v2\/pages\/424\/revisions"}],"predecessor-version":[{"id":440,"href":"https:\/\/toilesfilantesproductions.com\/index.php\/wp-json\/wp\/v2\/pages\/424\/revisions\/440"}],"wp:attachment":[{"href":"https:\/\/toilesfilantesproductions.com\/index.php\/wp-json\/wp\/v2\/media?parent=424"}],"curies":[{"name":"wp","href":"https:\/\/api.w.org\/{rel}","templated":true}]}}