{"id":5,"date":"2019-12-05T12:27:16","date_gmt":"2019-12-05T11:27:16","guid":{"rendered":"http:\/\/toilesfilantesproductions.com\/?page_id=5"},"modified":"2020-05-27T17:15:30","modified_gmt":"2020-05-27T15:15:30","slug":"presentation","status":"publish","type":"page","link":"https:\/\/toilesfilantesproductions.com\/","title":{"rendered":"pr\u00e9sentation"},"content":{"rendered":"\t\t<div data-elementor-type=\"wp-page\" data-elementor-id=\"5\" class=\"elementor elementor-5\" data-elementor-settings=\"[]\">\n\t\t\t\t\t\t<div class=\"elementor-inner\">\n\t\t\t\t\t\t\t<div class=\"elementor-section-wrap\">\n\t\t\t\t\t\t\t<section class=\"elementor-section elementor-top-section elementor-element elementor-element-92a82ee elementor-section-boxed elementor-section-height-default elementor-section-height-default\" data-id=\"92a82ee\" data-element_type=\"section\">\n\t\t\t\t\t\t<div class=\"elementor-container elementor-column-gap-default\">\n\t\t\t\t\t\t\t<div class=\"elementor-row\">\n\t\t\t\t\t<div class=\"elementor-column elementor-col-100 elementor-top-column elementor-element elementor-element-b51fe49\" data-id=\"b51fe49\" data-element_type=\"column\">\n\t\t\t<div class=\"elementor-column-wrap elementor-element-populated\">\n\t\t\t\t\t\t\t<div class=\"elementor-widget-wrap\">\n\t\t\t\t\t\t<div class=\"elementor-element elementor-element-29d3eee elementor-widget elementor-widget-text-editor\" data-id=\"29d3eee\" data-element_type=\"widget\" data-widget_type=\"text-editor.default\">\n\t\t\t\t<div class=\"elementor-widget-container\">\n\t\t\t\t\t<div class=\"elementor-text-editor elementor-clearfix\"><p>Depuis 2006, Toiles Filantes Productions r\u00e9unit au sein d\u2019une structure associative des professionnels de l\u2019audiovisuel pour proposer des r\u00e9alisations vid\u00e9o de documentaires, captations, et films de commandes.<br \/>Suite aux exp\u00e9riences que nous avons accumul\u00e9es, nous r\u00e9alisons nos films en \u00e9troite collaboration avec les sujets que nous filmons : il s\u2019agit de coller au mieux \u00e0 l\u2019univers, aux envies des compagnies, entreprises et particuliers que nous \u00ab mettons en images \u00bb tout en proposant un regard libre et original sur leur travail.<br \/>Nous proposons \u00e9galement nos services pour des retransmissions en direct sur grand \u00e9cran de concerts, conf\u00e9rences avec captation en multi-cam\u00e9ra et r\u00e9gie directe (service en cours d\u2019\u00e9laboration).<\/p><\/div>\n\t\t\t\t<\/div>\n\t\t\t\t<\/div>\n\t\t\t\t\t\t<\/div>\n\t\t\t\t\t<\/div>\n\t\t<\/div>\n\t\t\t\t\t\t\t\t<\/div>\n\t\t\t\t\t<\/div>\n\t\t<\/section>\n\t\t\t\t<section class=\"elementor-section elementor-top-section elementor-element elementor-element-ae4f802 elementor-section-boxed elementor-section-height-default elementor-section-height-default\" data-id=\"ae4f802\" data-element_type=\"section\">\n\t\t\t\t\t\t<div class=\"elementor-container elementor-column-gap-default\">\n\t\t\t\t\t\t\t<div class=\"elementor-row\">\n\t\t\t\t\t<div class=\"elementor-column elementor-col-100 elementor-top-column elementor-element elementor-element-300c4f6\" data-id=\"300c4f6\" data-element_type=\"column\">\n\t\t\t<div class=\"elementor-column-wrap elementor-element-populated\">\n\t\t\t\t\t\t\t<div class=\"elementor-widget-wrap\">\n\t\t\t\t\t\t<div class=\"elementor-element elementor-element-311fa9b elementor-arrows-position-inside elementor-pagination-position-outside elementor-widget elementor-widget-image-carousel\" data-id=\"311fa9b\" data-element_type=\"widget\" data-settings=\"{&quot;slides_to_show&quot;:&quot;2&quot;,&quot;autoplay_speed&quot;:8000,&quot;navigation&quot;:&quot;both&quot;,&quot;autoplay&quot;:&quot;yes&quot;,&quot;pause_on_hover&quot;:&quot;yes&quot;,&quot;pause_on_interaction&quot;:&quot;yes&quot;,&quot;infinite&quot;:&quot;yes&quot;,&quot;speed&quot;:500}\" data-widget_type=\"image-carousel.default\">\n\t\t\t\t<div class=\"elementor-widget-container\">\n\t\t\t\t\t<div class=\"elementor-image-carousel-wrapper swiper-container\" dir=\"ltr\">\n\t\t\t<div class=\"elementor-image-carousel swiper-wrapper\">\n\t\t\t\t<div class=\"swiper-slide\"><figure class=\"swiper-slide-inner\"><img decoding=\"async\" class=\"swiper-slide-image\" src=\"https:\/\/toilesfilantesproductions.com\/wp-content\/uploads\/2020\/04\/11-lise-enfant11.jpg\" alt=\"11 lise-enfant11\" \/><\/figure><\/div><div class=\"swiper-slide\"><figure class=\"swiper-slide-inner\"><img decoding=\"async\" class=\"swiper-slide-image\" src=\"https:\/\/toilesfilantesproductions.com\/wp-content\/uploads\/2019\/12\/tempora-scaled.jpg\" alt=\"tempora\" \/><\/figure><\/div><div class=\"swiper-slide\"><figure class=\"swiper-slide-inner\"><img decoding=\"async\" class=\"swiper-slide-image\" src=\"\" alt=\"\" \/><\/figure><\/div><div class=\"swiper-slide\"><figure class=\"swiper-slide-inner\"><img decoding=\"async\" class=\"swiper-slide-image\" src=\"https:\/\/toilesfilantesproductions.com\/wp-content\/uploads\/2020\/04\/01-Grand-bal-des-cousins.jpg\" alt=\"01 Grand bal des cousins\" \/><\/figure><\/div><div class=\"swiper-slide\"><figure class=\"swiper-slide-inner\"><img decoding=\"async\" class=\"swiper-slide-image\" src=\"https:\/\/toilesfilantesproductions.com\/wp-content\/uploads\/2019\/12\/tempsdanse-5-scaled.jpg\" alt=\"tempsdanse-5\" \/><\/figure><\/div><div class=\"swiper-slide\"><figure class=\"swiper-slide-inner\"><img decoding=\"async\" class=\"swiper-slide-image\" src=\"https:\/\/toilesfilantesproductions.com\/wp-content\/uploads\/2019\/12\/arthur-scaled-e1575953605580.jpg\" alt=\"arthur\" \/><\/figure><\/div><div class=\"swiper-slide\"><figure class=\"swiper-slide-inner\"><img decoding=\"async\" class=\"swiper-slide-image\" src=\"https:\/\/toilesfilantesproductions.com\/wp-content\/uploads\/2019\/12\/presqueduo.jpg\" alt=\"presqueduo\" \/><\/figure><\/div><div class=\"swiper-slide\"><figure class=\"swiper-slide-inner\"><img decoding=\"async\" class=\"swiper-slide-image\" src=\"https:\/\/toilesfilantesproductions.com\/wp-content\/uploads\/2019\/12\/college-classes_4e_3e_05-e0000.jpg\" alt=\"college-classes_4e_3e_05-e0000\" \/><\/figure><\/div><div class=\"swiper-slide\"><figure class=\"swiper-slide-inner\"><img decoding=\"async\" class=\"swiper-slide-image\" src=\"https:\/\/toilesfilantesproductions.com\/wp-content\/uploads\/2019\/12\/cap_maintenance_mpj_01-fa993.jpg\" alt=\"cap_maintenance_mpj_01-fa993\" \/><\/figure><\/div><div class=\"swiper-slide\"><figure class=\"swiper-slide-inner\"><img decoding=\"async\" class=\"swiper-slide-image\" src=\"https:\/\/toilesfilantesproductions.com\/wp-content\/uploads\/2019\/12\/cendre3-scaled.jpg\" alt=\"cendre3\" \/><\/figure><\/div><div class=\"swiper-slide\"><figure class=\"swiper-slide-inner\"><img decoding=\"async\" class=\"swiper-slide-image\" src=\"https:\/\/toilesfilantesproductions.com\/wp-content\/uploads\/2020\/04\/07-Les-e\u0301co-he\u0301bergeurs-de-la-Biovalle\u0301e.jpg\" alt=\"07 Les e\u0301co-he\u0301bergeurs de la Biovalle\u0301e\" \/><\/figure><\/div><div class=\"swiper-slide\"><figure class=\"swiper-slide-inner\"><img decoding=\"async\" class=\"swiper-slide-image\" src=\"https:\/\/toilesfilantesproductions.com\/wp-content\/uploads\/2020\/04\/10-MURe\u0300NE.jpg\" alt=\"10 MURe\u0300NE\" \/><\/figure><\/div><div class=\"swiper-slide\"><figure class=\"swiper-slide-inner\"><img decoding=\"async\" class=\"swiper-slide-image\" src=\"https:\/\/toilesfilantesproductions.com\/wp-content\/uploads\/2019\/12\/screenshot_bio16-083cb.jpg\" alt=\"screenshot_bio16-083cb\" \/><\/figure><\/div><div class=\"swiper-slide\"><figure class=\"swiper-slide-inner\"><img decoding=\"async\" class=\"swiper-slide-image\" src=\"https:\/\/toilesfilantesproductions.com\/wp-content\/uploads\/2020\/04\/06-Carnaval-de-Livron.jpg\" alt=\"06 Carnaval de Livron\" \/><\/figure><\/div><div class=\"swiper-slide\"><figure class=\"swiper-slide-inner\"><img decoding=\"async\" class=\"swiper-slide-image\" src=\"https:\/\/toilesfilantesproductions.com\/wp-content\/uploads\/2020\/04\/05-Rencontre-Collectif-VRAC.jpg\" alt=\"05 Rencontre - Collectif VRAC\" \/><\/figure><\/div><div class=\"swiper-slide\"><figure class=\"swiper-slide-inner\"><img decoding=\"async\" class=\"swiper-slide-image\" src=\"https:\/\/toilesfilantesproductions.com\/wp-content\/uploads\/2020\/04\/02-123-Soleil-artistes-a\u0300-lhopital.jpg\" alt=\"02 123 Soleil artistes a\u0300 l&#039;hopital\" \/><\/figure><\/div><div class=\"swiper-slide\"><figure class=\"swiper-slide-inner\"><img decoding=\"async\" class=\"swiper-slide-image\" src=\"https:\/\/toilesfilantesproductions.com\/wp-content\/uploads\/2020\/04\/image-Voyage-tout-compris-03.jpg\" alt=\"image Voyage tout compris 03\" \/><\/figure><\/div><div class=\"swiper-slide\"><figure class=\"swiper-slide-inner\"><img decoding=\"async\" class=\"swiper-slide-image\" src=\"https:\/\/toilesfilantesproductions.com\/wp-content\/uploads\/2019\/12\/image-PDB-03.jpg\" alt=\"image-PDB-03\" \/><\/figure><\/div><div class=\"swiper-slide\"><figure class=\"swiper-slide-inner\"><img decoding=\"async\" class=\"swiper-slide-image\" src=\"https:\/\/toilesfilantesproductions.com\/wp-content\/uploads\/2020\/04\/14-Grand-Chahut-Ensemble.jpg\" alt=\"14 Grand Chahut Ensemble\" \/><\/figure><\/div><div class=\"swiper-slide\"><figure class=\"swiper-slide-inner\"><img decoding=\"async\" class=\"swiper-slide-image\" src=\"https:\/\/toilesfilantesproductions.com\/wp-content\/uploads\/2020\/04\/Image-A-ou-P-10.jpg\" alt=\"Image A ou P 10\" \/><\/figure><\/div><div class=\"swiper-slide\"><figure class=\"swiper-slide-inner\"><img decoding=\"async\" class=\"swiper-slide-image\" src=\"https:\/\/toilesfilantesproductions.com\/wp-content\/uploads\/2020\/04\/16-presqueduo.jpg\" alt=\"16 presqueduo\" \/><\/figure><\/div><div class=\"swiper-slide\"><figure class=\"swiper-slide-inner\"><img decoding=\"async\" class=\"swiper-slide-image\" src=\"https:\/\/toilesfilantesproductions.com\/wp-content\/uploads\/2019\/12\/image-PDB-11.jpg\" alt=\"image-PDB-11\" \/><\/figure><\/div><div class=\"swiper-slide\"><figure class=\"swiper-slide-inner\"><img decoding=\"async\" class=\"swiper-slide-image\" src=\"https:\/\/toilesfilantesproductions.com\/wp-content\/uploads\/2020\/04\/image-Voyage-tout-compris-01.jpg\" alt=\"image Voyage tout compris 01\" \/><\/figure><\/div><div class=\"swiper-slide\"><figure class=\"swiper-slide-inner\"><img decoding=\"async\" class=\"swiper-slide-image\" src=\"https:\/\/toilesfilantesproductions.com\/wp-content\/uploads\/2020\/04\/Image-A-ou-P-09.png\" alt=\"Image A ou P 09\" \/><\/figure><\/div><div class=\"swiper-slide\"><figure class=\"swiper-slide-inner\"><img decoding=\"async\" class=\"swiper-slide-image\" src=\"https:\/\/toilesfilantesproductions.com\/wp-content\/uploads\/2020\/04\/07-Mes-de\u0301me\u0301nagements.jpg\" alt=\"07 Mes de\u0301me\u0301nagements\" \/><\/figure><\/div><div class=\"swiper-slide\"><figure class=\"swiper-slide-inner\"><img decoding=\"async\" class=\"swiper-slide-image\" src=\"https:\/\/toilesfilantesproductions.com\/wp-content\/uploads\/2020\/04\/02-lionel_malric_solo_227_09.58-ed5a9.jpg\" alt=\"02 lionel_malric_solo_227_09.58-ed5a9\" \/><\/figure><\/div><div class=\"swiper-slide\"><figure class=\"swiper-slide-inner\"><img decoding=\"async\" class=\"swiper-slide-image\" src=\"https:\/\/toilesfilantesproductions.com\/wp-content\/uploads\/2019\/12\/image-CORVE\u0301ABLES-03.jpg\" alt=\"image-CORVE\u0301ABLES-03\" \/><\/figure><\/div>\t\t\t<\/div>\n\t\t\t\t\t\t\t\t\t\t\t\t<div class=\"swiper-pagination\"><\/div>\n\t\t\t\t\t\t\t\t\t\t\t\t\t<div class=\"elementor-swiper-button elementor-swiper-button-prev\">\n\t\t\t\t\t\t<i class=\"eicon-chevron-left\" aria-hidden=\"true\"><\/i>\n\t\t\t\t\t\t<span class=\"elementor-screen-only\">Pr\u00e9c\u00e9dent<\/span>\n\t\t\t\t\t<\/div>\n\t\t\t\t\t<div class=\"elementor-swiper-button elementor-swiper-button-next\">\n\t\t\t\t\t\t<i class=\"eicon-chevron-right\" aria-hidden=\"true\"><\/i>\n\t\t\t\t\t\t<span class=\"elementor-screen-only\">Suivant<\/span>\n\t\t\t\t\t<\/div>\n\t\t\t\t\t\t\t\t\t<\/div>\n\t\t\t\t<\/div>\n\t\t\t\t<\/div>\n\t\t\t\t\t\t<\/div>\n\t\t\t\t\t<\/div>\n\t\t<\/div>\n\t\t\t\t\t\t\t\t<\/div>\n\t\t\t\t\t<\/div>\n\t\t<\/section>\n\t\t\t\t\t\t<\/div>\n\t\t\t\t\t\t<\/div>\n\t\t\t\t\t<\/div>\n\t\t","protected":false},"excerpt":{"rendered":"<p>Depuis 2006, Toiles Filantes Productions r\u00e9unit au sein d\u2019une structure associative des professionnels de l\u2019audiovisuel pour proposer des r\u00e9alisations vid\u00e9o de documentaires, captations, et films de commandes.Suite aux exp\u00e9riences que nous avons accumul\u00e9es, nous r\u00e9alisons nos films en \u00e9troite collaboration avec les sujets que nous filmons : il s\u2019agit de coller au mieux \u00e0 l\u2019univers, &hellip; <a href=\"https:\/\/toilesfilantesproductions.com\/\" class=\"more-link\">Continuer la lecture<span class=\"screen-reader-text\"> de &laquo;&nbsp;pr\u00e9sentation&nbsp;&raquo;<\/span><\/a><\/p>\n","protected":false},"author":1,"featured_media":0,"parent":0,"menu_order":0,"comment_status":"closed","ping_status":"closed","template":"","meta":{"footnotes":""},"yoast_head":"<!-- This site is optimized with the Yoast SEO plugin v15.9 - https:\/\/yoast.com\/wordpress\/plugins\/seo\/ -->\n<title>pr\u00e9sentation &mdash; Toiles Filantes Productions<\/title>\n<meta name=\"robots\" content=\"index, follow, max-snippet:-1, max-image-preview:large, max-video-preview:-1\" \/>\n<link rel=\"canonical\" href=\"https:\/\/toilesfilantesproductions.com\/\" \/>\n<meta property=\"og:locale\" content=\"fr_FR\" \/>\n<meta property=\"og:type\" content=\"article\" \/>\n<meta property=\"og:title\" content=\"pr\u00e9sentation &mdash; Toiles Filantes Productions\" \/>\n<meta property=\"og:description\" content=\"Depuis 2006, Toiles Filantes Productions r\u00e9unit au sein d\u2019une structure associative des professionnels de l\u2019audiovisuel pour proposer des r\u00e9alisations vid\u00e9o de documentaires, captations, et films de commandes.Suite aux exp\u00e9riences que nous avons accumul\u00e9es, nous r\u00e9alisons nos films en \u00e9troite collaboration avec les sujets que nous filmons : il s\u2019agit de coller au mieux \u00e0 l\u2019univers, &hellip; Continuer la lecture de &laquo;&nbsp;pr\u00e9sentation&nbsp;&raquo;\" \/>\n<meta property=\"og:url\" content=\"https:\/\/toilesfilantesproductions.com\/\" \/>\n<meta property=\"og:site_name\" content=\"Toiles Filantes Productions\" \/>\n<meta property=\"article:modified_time\" content=\"2020-05-27T15:15:30+00:00\" \/>\n<meta property=\"og:image\" content=\"https:\/\/toilesfilantesproductions.com\/wp-content\/uploads\/2020\/04\/11-lise-enfant11.jpg\" \/>\n<meta name=\"twitter:card\" content=\"summary_large_image\" \/>\n<meta name=\"twitter:label1\" content=\"Dur\u00e9e de lecture est.\">\n\t<meta name=\"twitter:data1\" content=\"1 minute\">\n<script type=\"application\/ld+json\" class=\"yoast-schema-graph\">{\"@context\":\"https:\/\/schema.org\",\"@graph\":[{\"@type\":\"Organization\",\"@id\":\"https:\/\/toilesfilantesproductions.com\/#organization\",\"name\":\"Toiles Filantes Productions\",\"url\":\"https:\/\/toilesfilantesproductions.com\/\",\"sameAs\":[],\"logo\":{\"@type\":\"ImageObject\",\"@id\":\"https:\/\/toilesfilantesproductions.com\/#logo\",\"inLanguage\":\"fr-FR\",\"url\":\"https:\/\/toilesfilantesproductions.com\/wp-content\/uploads\/2019\/12\/logo-TFP-production-audiovisuelle-drome.png\",\"width\":400,\"height\":218,\"caption\":\"Toiles Filantes Productions\"},\"image\":{\"@id\":\"https:\/\/toilesfilantesproductions.com\/#logo\"}},{\"@type\":\"WebSite\",\"@id\":\"https:\/\/toilesfilantesproductions.com\/#website\",\"url\":\"https:\/\/toilesfilantesproductions.com\/\",\"name\":\"Toiles Filantes Productions\",\"description\":\"Toiles Filantes Productions r\\u00e9unit des professionnels de l&#039;audiovisuel et vous propose des r\\u00e9alisations de clips de promotion, films institutionnels\\u2026\",\"publisher\":{\"@id\":\"https:\/\/toilesfilantesproductions.com\/#organization\"},\"potentialAction\":[{\"@type\":\"SearchAction\",\"target\":\"https:\/\/toilesfilantesproductions.com\/?s={search_term_string}\",\"query-input\":\"required name=search_term_string\"}],\"inLanguage\":\"fr-FR\"},{\"@type\":\"ImageObject\",\"@id\":\"https:\/\/toilesfilantesproductions.com\/#primaryimage\",\"inLanguage\":\"fr-FR\",\"url\":\"https:\/\/toilesfilantesproductions.com\/wp-content\/uploads\/2020\/04\/11-lise-enfant11.jpg\"},{\"@type\":\"WebPage\",\"@id\":\"https:\/\/toilesfilantesproductions.com\/#webpage\",\"url\":\"https:\/\/toilesfilantesproductions.com\/\",\"name\":\"pr\\u00e9sentation &mdash; Toiles Filantes Productions\",\"isPartOf\":{\"@id\":\"https:\/\/toilesfilantesproductions.com\/#website\"},\"primaryImageOfPage\":{\"@id\":\"https:\/\/toilesfilantesproductions.com\/#primaryimage\"},\"datePublished\":\"2019-12-05T11:27:16+00:00\",\"dateModified\":\"2020-05-27T15:15:30+00:00\",\"breadcrumb\":{\"@id\":\"https:\/\/toilesfilantesproductions.com\/#breadcrumb\"},\"inLanguage\":\"fr-FR\",\"potentialAction\":[{\"@type\":\"ReadAction\",\"target\":[\"https:\/\/toilesfilantesproductions.com\/\"]}]},{\"@type\":\"BreadcrumbList\",\"@id\":\"https:\/\/toilesfilantesproductions.com\/#breadcrumb\",\"itemListElement\":[{\"@type\":\"ListItem\",\"position\":1,\"item\":{\"@type\":\"WebPage\",\"@id\":\"https:\/\/toilesfilantesproductions.com\/\",\"url\":\"https:\/\/toilesfilantesproductions.com\/\",\"name\":\"Accueil\"}},{\"@type\":\"ListItem\",\"position\":2,\"item\":{\"@type\":\"WebPage\",\"@id\":\"https:\/\/toilesfilantesproductions.com\/\",\"url\":\"https:\/\/toilesfilantesproductions.com\/\",\"name\":\"pr\\u00e9sentation\"}}]}]}<\/script>\n<!-- \/ Yoast SEO plugin. -->","_links":{"self":[{"href":"https:\/\/toilesfilantesproductions.com\/index.php\/wp-json\/wp\/v2\/pages\/5"}],"collection":[{"href":"https:\/\/toilesfilantesproductions.com\/index.php\/wp-json\/wp\/v2\/pages"}],"about":[{"href":"https:\/\/toilesfilantesproductions.com\/index.php\/wp-json\/wp\/v2\/types\/page"}],"author":[{"embeddable":true,"href":"https:\/\/toilesfilantesproductions.com\/index.php\/wp-json\/wp\/v2\/users\/1"}],"replies":[{"embeddable":true,"href":"https:\/\/toilesfilantesproductions.com\/index.php\/wp-json\/wp\/v2\/comments?post=5"}],"version-history":[{"count":22,"href":"https:\/\/toilesfilantesproductions.com\/index.php\/wp-json\/wp\/v2\/pages\/5\/revisions"}],"predecessor-version":[{"id":557,"href":"https:\/\/toilesfilantesproductions.com\/index.php\/wp-json\/wp\/v2\/pages\/5\/revisions\/557"}],"wp:attachment":[{"href":"https:\/\/toilesfilantesproductions.com\/index.php\/wp-json\/wp\/v2\/media?parent=5"}],"curies":[{"name":"wp","href":"https:\/\/api.w.org\/{rel}","templated":true}]}}