{"id":559,"date":"2020-07-25T06:32:04","date_gmt":"2020-07-25T04:32:04","guid":{"rendered":"https:\/\/toilesfilantesproductions.com\/?page_id=559"},"modified":"2020-07-25T07:01:35","modified_gmt":"2020-07-25T05:01:35","slug":"on-a-tout-fait-pour-aller-a-cannes","status":"publish","type":"page","link":"https:\/\/toilesfilantesproductions.com\/index.php\/on-a-tout-fait-pour-aller-a-cannes\/","title":{"rendered":"On a tout fait pour aller \u00e0 Cannes !"},"content":{"rendered":"\t\t<div data-elementor-type=\"wp-page\" data-elementor-id=\"559\" class=\"elementor elementor-559\" data-elementor-settings=\"[]\">\n\t\t\t\t\t\t<div class=\"elementor-inner\">\n\t\t\t\t\t\t\t<div class=\"elementor-section-wrap\">\n\t\t\t\t\t\t\t<section class=\"elementor-section elementor-top-section elementor-element elementor-element-4287a35 elementor-section-boxed elementor-section-height-default elementor-section-height-default\" data-id=\"4287a35\" data-element_type=\"section\">\n\t\t\t\t\t\t<div class=\"elementor-container elementor-column-gap-default\">\n\t\t\t\t\t\t\t<div class=\"elementor-row\">\n\t\t\t\t\t<div class=\"elementor-column elementor-col-100 elementor-top-column elementor-element elementor-element-74baac8\" data-id=\"74baac8\" data-element_type=\"column\">\n\t\t\t<div class=\"elementor-column-wrap elementor-element-populated\">\n\t\t\t\t\t\t\t<div class=\"elementor-widget-wrap\">\n\t\t\t\t\t\t<div class=\"elementor-element elementor-element-77e2dd0 elementor-aspect-ratio-169 elementor-widget elementor-widget-video\" data-id=\"77e2dd0\" data-element_type=\"widget\" data-settings=\"{&quot;video_type&quot;:&quot;vimeo&quot;,&quot;aspect_ratio&quot;:&quot;169&quot;}\" data-widget_type=\"video.default\">\n\t\t\t\t<div class=\"elementor-widget-container\">\n\t\t\t\t\t<div class=\"elementor-wrapper elementor-fit-aspect-ratio elementor-open-inline\">\n\t\t\t<iframe class=\"elementor-video-iframe\" allowfullscreen title=\"Lecteur vid\u00e9o vimeo\" src=\"https:\/\/player.vimeo.com\/video\/279719719?color&amp;autopause=0&amp;loop=0&amp;muted=0&amp;title=1&amp;portrait=1&amp;byline=1#t=\"><\/iframe>\t\t<\/div>\n\t\t\t\t<\/div>\n\t\t\t\t<\/div>\n\t\t\t\t\t\t<\/div>\n\t\t\t\t\t<\/div>\n\t\t<\/div>\n\t\t\t\t\t\t\t\t<\/div>\n\t\t\t\t\t<\/div>\n\t\t<\/section>\n\t\t\t\t<section class=\"elementor-section elementor-top-section elementor-element elementor-element-fc129cd elementor-section-boxed elementor-section-height-default elementor-section-height-default\" data-id=\"fc129cd\" data-element_type=\"section\">\n\t\t\t\t\t\t<div class=\"elementor-container elementor-column-gap-default\">\n\t\t\t\t\t\t\t<div class=\"elementor-row\">\n\t\t\t\t\t<div class=\"elementor-column elementor-col-100 elementor-top-column elementor-element elementor-element-b872650\" data-id=\"b872650\" data-element_type=\"column\">\n\t\t\t<div class=\"elementor-column-wrap elementor-element-populated\">\n\t\t\t\t\t\t\t<div class=\"elementor-widget-wrap\">\n\t\t\t\t\t\t<div class=\"elementor-element elementor-element-54dddf5 elementor-widget elementor-widget-text-editor\" data-id=\"54dddf5\" data-element_type=\"widget\" data-widget_type=\"text-editor.default\">\n\t\t\t\t<div class=\"elementor-widget-container\">\n\t\t\t\t\t<div class=\"elementor-text-editor elementor-clearfix\"><p>Trois jeunes s\u0153urs de la cit\u00e9 des &#8220;Grands-P\u00eachers&#8221; doivent \u00e0 tout prix un moyen de se faire de l&#8217;argent pour aider leur maman \u00e0 payer le loyer et \u00e9viter de se faire expulser de leur appartement.<\/p><\/div>\n\t\t\t\t<\/div>\n\t\t\t\t<\/div>\n\t\t\t\t\t\t<\/div>\n\t\t\t\t\t<\/div>\n\t\t<\/div>\n\t\t\t\t\t\t\t\t<\/div>\n\t\t\t\t\t<\/div>\n\t\t<\/section>\n\t\t\t\t<section class=\"elementor-section elementor-top-section elementor-element elementor-element-7b43d59 elementor-section-boxed elementor-section-height-default elementor-section-height-default\" data-id=\"7b43d59\" data-element_type=\"section\">\n\t\t\t\t\t\t<div class=\"elementor-container elementor-column-gap-default\">\n\t\t\t\t\t\t\t<div class=\"elementor-row\">\n\t\t\t\t\t<div class=\"elementor-column elementor-col-100 elementor-top-column elementor-element elementor-element-3c56891\" data-id=\"3c56891\" data-element_type=\"column\">\n\t\t\t<div class=\"elementor-column-wrap elementor-element-populated\">\n\t\t\t\t\t\t\t<div class=\"elementor-widget-wrap\">\n\t\t\t\t\t\t<div class=\"elementor-element elementor-element-eb78c4e elementor-widget elementor-widget-image-gallery\" data-id=\"eb78c4e\" data-element_type=\"widget\" data-widget_type=\"image-gallery.default\">\n\t\t\t\t<div class=\"elementor-widget-container\">\n\t\t\t\t\t<div class=\"elementor-image-gallery\">\n\t\t\t<div id='gallery-1' class='gallery galleryid-559 gallery-columns-3 gallery-size-full'><figure class='gallery-item'>\n\t\t\t<div class='gallery-icon landscape'>\n\t\t\t\t<a data-elementor-open-lightbox=\"yes\" data-elementor-lightbox-slideshow=\"eb78c4e\" data-elementor-lightbox-title=\"Les-petites-voleuses-parking-650\" href='https:\/\/toilesfilantesproductions.com\/wp-content\/uploads\/2020\/07\/Les-petites-voleuses-parking-650.jpg'><img loading=\"lazy\" decoding=\"async\" width=\"650\" height=\"366\" src=\"https:\/\/toilesfilantesproductions.com\/wp-content\/uploads\/2020\/07\/Les-petites-voleuses-parking-650.jpg\" class=\"attachment-full size-full\" alt=\"\" srcset=\"https:\/\/toilesfilantesproductions.com\/wp-content\/uploads\/2020\/07\/Les-petites-voleuses-parking-650.jpg 650w, https:\/\/toilesfilantesproductions.com\/wp-content\/uploads\/2020\/07\/Les-petites-voleuses-parking-650-300x169.jpg 300w\" sizes=\"(max-width: 650px) 85vw, 650px\" \/><\/a>\n\t\t\t<\/div><\/figure><figure class='gallery-item'>\n\t\t\t<div class='gallery-icon landscape'>\n\t\t\t\t<a data-elementor-open-lightbox=\"yes\" data-elementor-lightbox-slideshow=\"eb78c4e\" data-elementor-lightbox-title=\"les-petites-voleuses-Fatou-650\" href='https:\/\/toilesfilantesproductions.com\/wp-content\/uploads\/2020\/07\/les-petites-voleuses-Fatou-650.jpg'><img loading=\"lazy\" decoding=\"async\" width=\"650\" height=\"366\" src=\"https:\/\/toilesfilantesproductions.com\/wp-content\/uploads\/2020\/07\/les-petites-voleuses-Fatou-650.jpg\" class=\"attachment-full size-full\" alt=\"\" srcset=\"https:\/\/toilesfilantesproductions.com\/wp-content\/uploads\/2020\/07\/les-petites-voleuses-Fatou-650.jpg 650w, https:\/\/toilesfilantesproductions.com\/wp-content\/uploads\/2020\/07\/les-petites-voleuses-Fatou-650-300x169.jpg 300w\" sizes=\"(max-width: 650px) 85vw, 650px\" \/><\/a>\n\t\t\t<\/div><\/figure><figure class='gallery-item'>\n\t\t\t<div class='gallery-icon landscape'>\n\t\t\t\t<a data-elementor-open-lightbox=\"yes\" data-elementor-lightbox-slideshow=\"eb78c4e\" data-elementor-lightbox-title=\"Les-petites-voleuses-dealer-650\" href='https:\/\/toilesfilantesproductions.com\/wp-content\/uploads\/2020\/07\/Les-petites-voleuses-dealer-650.jpg'><img loading=\"lazy\" decoding=\"async\" width=\"650\" height=\"366\" src=\"https:\/\/toilesfilantesproductions.com\/wp-content\/uploads\/2020\/07\/Les-petites-voleuses-dealer-650.jpg\" class=\"attachment-full size-full\" alt=\"\" srcset=\"https:\/\/toilesfilantesproductions.com\/wp-content\/uploads\/2020\/07\/Les-petites-voleuses-dealer-650.jpg 650w, https:\/\/toilesfilantesproductions.com\/wp-content\/uploads\/2020\/07\/Les-petites-voleuses-dealer-650-300x169.jpg 300w\" sizes=\"(max-width: 650px) 85vw, 650px\" \/><\/a>\n\t\t\t<\/div><\/figure>\n\t\t<\/div>\n\t\t<\/div>\n\t\t\t\t<\/div>\n\t\t\t\t<\/div>\n\t\t\t\t\t\t<\/div>\n\t\t\t\t\t<\/div>\n\t\t<\/div>\n\t\t\t\t\t\t\t\t<\/div>\n\t\t\t\t\t<\/div>\n\t\t<\/section>\n\t\t\t\t\t\t<\/div>\n\t\t\t\t\t\t<\/div>\n\t\t\t\t\t<\/div>\n\t\t","protected":false},"excerpt":{"rendered":"<p>https:\/\/vimeo.com\/279719719 Trois jeunes s\u0153urs de la cit\u00e9 des &#8220;Grands-P\u00eachers&#8221; doivent \u00e0 tout prix un moyen de se faire de l&#8217;argent pour aider leur maman \u00e0 payer le loyer et \u00e9viter de se faire expulser de leur appartement.<\/p>\n","protected":false},"author":1,"featured_media":0,"parent":0,"menu_order":0,"comment_status":"closed","ping_status":"closed","template":"","meta":{"footnotes":""},"yoast_head":"<!-- This site is optimized with the Yoast SEO plugin v15.9 - https:\/\/yoast.com\/wordpress\/plugins\/seo\/ -->\n<title>On a tout fait pour aller \u00e0 Cannes ! &mdash; Toiles Filantes Productions<\/title>\n<meta name=\"robots\" content=\"index, follow, max-snippet:-1, max-image-preview:large, max-video-preview:-1\" \/>\n<link rel=\"canonical\" href=\"https:\/\/toilesfilantesproductions.com\/index.php\/on-a-tout-fait-pour-aller-a-cannes\/\" \/>\n<meta property=\"og:locale\" content=\"fr_FR\" \/>\n<meta property=\"og:type\" content=\"article\" \/>\n<meta property=\"og:title\" content=\"On a tout fait pour aller \u00e0 Cannes ! &mdash; Toiles Filantes Productions\" \/>\n<meta property=\"og:description\" content=\"https:\/\/vimeo.com\/279719719 Trois jeunes s\u0153urs de la cit\u00e9 des &#8220;Grands-P\u00eachers&#8221; doivent \u00e0 tout prix un moyen de se faire de l&#8217;argent pour aider leur maman \u00e0 payer le loyer et \u00e9viter de se faire expulser de leur appartement.\" \/>\n<meta property=\"og:url\" content=\"https:\/\/toilesfilantesproductions.com\/index.php\/on-a-tout-fait-pour-aller-a-cannes\/\" \/>\n<meta property=\"og:site_name\" content=\"Toiles Filantes Productions\" \/>\n<meta property=\"article:modified_time\" content=\"2020-07-25T05:01:35+00:00\" \/>\n<meta property=\"og:image\" content=\"https:\/\/toilesfilantesproductions.com\/wp-content\/uploads\/2020\/07\/Les-petites-voleuses-parking-650.jpg\" \/>\n<meta name=\"twitter:card\" content=\"summary_large_image\" \/>\n<script type=\"application\/ld+json\" class=\"yoast-schema-graph\">{\"@context\":\"https:\/\/schema.org\",\"@graph\":[{\"@type\":\"Organization\",\"@id\":\"https:\/\/toilesfilantesproductions.com\/#organization\",\"name\":\"Toiles Filantes Productions\",\"url\":\"https:\/\/toilesfilantesproductions.com\/\",\"sameAs\":[],\"logo\":{\"@type\":\"ImageObject\",\"@id\":\"https:\/\/toilesfilantesproductions.com\/#logo\",\"inLanguage\":\"fr-FR\",\"url\":\"https:\/\/toilesfilantesproductions.com\/wp-content\/uploads\/2019\/12\/logo-TFP-production-audiovisuelle-drome.png\",\"width\":400,\"height\":218,\"caption\":\"Toiles Filantes Productions\"},\"image\":{\"@id\":\"https:\/\/toilesfilantesproductions.com\/#logo\"}},{\"@type\":\"WebSite\",\"@id\":\"https:\/\/toilesfilantesproductions.com\/#website\",\"url\":\"https:\/\/toilesfilantesproductions.com\/\",\"name\":\"Toiles Filantes Productions\",\"description\":\"Toiles Filantes Productions r\\u00e9unit des professionnels de l&#039;audiovisuel et vous propose des r\\u00e9alisations de clips de promotion, films institutionnels\\u2026\",\"publisher\":{\"@id\":\"https:\/\/toilesfilantesproductions.com\/#organization\"},\"potentialAction\":[{\"@type\":\"SearchAction\",\"target\":\"https:\/\/toilesfilantesproductions.com\/?s={search_term_string}\",\"query-input\":\"required name=search_term_string\"}],\"inLanguage\":\"fr-FR\"},{\"@type\":\"ImageObject\",\"@id\":\"https:\/\/toilesfilantesproductions.com\/index.php\/on-a-tout-fait-pour-aller-a-cannes\/#primaryimage\",\"inLanguage\":\"fr-FR\",\"url\":\"https:\/\/toilesfilantesproductions.com\/wp-content\/uploads\/2020\/07\/Les-petites-voleuses-parking-650.jpg\"},{\"@type\":\"WebPage\",\"@id\":\"https:\/\/toilesfilantesproductions.com\/index.php\/on-a-tout-fait-pour-aller-a-cannes\/#webpage\",\"url\":\"https:\/\/toilesfilantesproductions.com\/index.php\/on-a-tout-fait-pour-aller-a-cannes\/\",\"name\":\"On a tout fait pour aller \\u00e0 Cannes ! &mdash; Toiles Filantes Productions\",\"isPartOf\":{\"@id\":\"https:\/\/toilesfilantesproductions.com\/#website\"},\"primaryImageOfPage\":{\"@id\":\"https:\/\/toilesfilantesproductions.com\/index.php\/on-a-tout-fait-pour-aller-a-cannes\/#primaryimage\"},\"datePublished\":\"2020-07-25T04:32:04+00:00\",\"dateModified\":\"2020-07-25T05:01:35+00:00\",\"breadcrumb\":{\"@id\":\"https:\/\/toilesfilantesproductions.com\/index.php\/on-a-tout-fait-pour-aller-a-cannes\/#breadcrumb\"},\"inLanguage\":\"fr-FR\",\"potentialAction\":[{\"@type\":\"ReadAction\",\"target\":[\"https:\/\/toilesfilantesproductions.com\/index.php\/on-a-tout-fait-pour-aller-a-cannes\/\"]}]},{\"@type\":\"BreadcrumbList\",\"@id\":\"https:\/\/toilesfilantesproductions.com\/index.php\/on-a-tout-fait-pour-aller-a-cannes\/#breadcrumb\",\"itemListElement\":[{\"@type\":\"ListItem\",\"position\":1,\"item\":{\"@type\":\"WebPage\",\"@id\":\"https:\/\/toilesfilantesproductions.com\/\",\"url\":\"https:\/\/toilesfilantesproductions.com\/\",\"name\":\"Accueil\"}},{\"@type\":\"ListItem\",\"position\":2,\"item\":{\"@type\":\"WebPage\",\"@id\":\"https:\/\/toilesfilantesproductions.com\/index.php\/on-a-tout-fait-pour-aller-a-cannes\/\",\"url\":\"https:\/\/toilesfilantesproductions.com\/index.php\/on-a-tout-fait-pour-aller-a-cannes\/\",\"name\":\"On a tout fait pour aller \\u00e0 Cannes !\"}}]}]}<\/script>\n<!-- \/ Yoast SEO plugin. -->","_links":{"self":[{"href":"https:\/\/toilesfilantesproductions.com\/index.php\/wp-json\/wp\/v2\/pages\/559"}],"collection":[{"href":"https:\/\/toilesfilantesproductions.com\/index.php\/wp-json\/wp\/v2\/pages"}],"about":[{"href":"https:\/\/toilesfilantesproductions.com\/index.php\/wp-json\/wp\/v2\/types\/page"}],"author":[{"embeddable":true,"href":"https:\/\/toilesfilantesproductions.com\/index.php\/wp-json\/wp\/v2\/users\/1"}],"replies":[{"embeddable":true,"href":"https:\/\/toilesfilantesproductions.com\/index.php\/wp-json\/wp\/v2\/comments?post=559"}],"version-history":[{"count":5,"href":"https:\/\/toilesfilantesproductions.com\/index.php\/wp-json\/wp\/v2\/pages\/559\/revisions"}],"predecessor-version":[{"id":577,"href":"https:\/\/toilesfilantesproductions.com\/index.php\/wp-json\/wp\/v2\/pages\/559\/revisions\/577"}],"wp:attachment":[{"href":"https:\/\/toilesfilantesproductions.com\/index.php\/wp-json\/wp\/v2\/media?parent=559"}],"curies":[{"name":"wp","href":"https:\/\/api.w.org\/{rel}","templated":true}]}}