{"id":7,"date":"2019-12-05T12:27:32","date_gmt":"2019-12-05T11:27:32","guid":{"rendered":"http:\/\/toilesfilantesproductions.com\/?page_id=7"},"modified":"2020-05-19T13:59:05","modified_gmt":"2020-05-19T11:59:05","slug":"contacts","status":"publish","type":"page","link":"https:\/\/toilesfilantesproductions.com\/index.php\/contacts\/","title":{"rendered":"contacts"},"content":{"rendered":"\t\t<div data-elementor-type=\"wp-page\" data-elementor-id=\"7\" class=\"elementor elementor-7\" data-elementor-settings=\"[]\">\n\t\t\t\t\t\t<div class=\"elementor-inner\">\n\t\t\t\t\t\t\t<div class=\"elementor-section-wrap\">\n\t\t\t\t\t\t\t<section class=\"elementor-section elementor-top-section elementor-element elementor-element-7b10d14 elementor-section-boxed elementor-section-height-default elementor-section-height-default\" data-id=\"7b10d14\" data-element_type=\"section\">\n\t\t\t\t\t\t<div class=\"elementor-container elementor-column-gap-default\">\n\t\t\t\t\t\t\t<div class=\"elementor-row\">\n\t\t\t\t\t<div class=\"elementor-column elementor-col-50 elementor-top-column elementor-element elementor-element-d657b68\" data-id=\"d657b68\" data-element_type=\"column\">\n\t\t\t<div class=\"elementor-column-wrap elementor-element-populated\">\n\t\t\t\t\t\t\t<div class=\"elementor-widget-wrap\">\n\t\t\t\t\t\t<div class=\"elementor-element elementor-element-f2d81ba eael-contact-form-7-button-custom elementor-widget elementor-widget-eael-contact-form-7\" data-id=\"f2d81ba\" data-element_type=\"widget\" data-widget_type=\"eael-contact-form-7.default\">\n\t\t\t\t<div class=\"elementor-widget-container\">\n\t\t\t<div class=\"eael-contact-form-7-wrapper\">\n                <div class=\"eael-contact-form eael-contact-form-7 eael-contact-form-f2d81ba placeholder-show eael-contact-form-align-center\"><div role=\"form\" class=\"wpcf7\" id=\"wpcf7-f51-o1\" lang=\"fr-FR\" dir=\"ltr\">\n<div class=\"screen-reader-response\"><p role=\"status\" aria-live=\"polite\" aria-atomic=\"true\"><\/p> <ul><\/ul><\/div>\n<form action=\"\/index.php\/wp-json\/wp\/v2\/pages\/7#wpcf7-f51-o1\" method=\"post\" class=\"wpcf7-form init\" novalidate=\"novalidate\" data-status=\"init\">\n<div style=\"display: none;\">\n<input type=\"hidden\" name=\"_wpcf7\" value=\"51\" \/>\n<input type=\"hidden\" name=\"_wpcf7_version\" value=\"5.4\" \/>\n<input type=\"hidden\" name=\"_wpcf7_locale\" value=\"fr_FR\" \/>\n<input type=\"hidden\" name=\"_wpcf7_unit_tag\" value=\"wpcf7-f51-o1\" \/>\n<input type=\"hidden\" name=\"_wpcf7_container_post\" value=\"0\" \/>\n<input type=\"hidden\" name=\"_wpcf7_posted_data_hash\" value=\"\" \/>\n<\/div>\n<p><label> Votre nom (obligatoire)<br \/>\n    <span class=\"wpcf7-form-control-wrap your-name\"><input type=\"text\" name=\"your-name\" value=\"\" size=\"40\" class=\"wpcf7-form-control wpcf7-text wpcf7-validates-as-required\" aria-required=\"true\" aria-invalid=\"false\" \/><\/span> <\/label><\/p>\n<p><label> Votre adresse de messagerie (obligatoire)<br \/>\n    <span class=\"wpcf7-form-control-wrap your-email\"><input type=\"email\" name=\"your-email\" value=\"\" size=\"40\" class=\"wpcf7-form-control wpcf7-text wpcf7-email wpcf7-validates-as-required wpcf7-validates-as-email\" aria-required=\"true\" aria-invalid=\"false\" \/><\/span> <\/label><\/p>\n<p><label> Objet<br \/>\n    <span class=\"wpcf7-form-control-wrap your-subject\"><input type=\"text\" name=\"your-subject\" value=\"\" size=\"40\" class=\"wpcf7-form-control wpcf7-text\" aria-invalid=\"false\" \/><\/span> <\/label><\/p>\n<p><label> Votre message<br \/>\n    <span class=\"wpcf7-form-control-wrap your-message\"><textarea name=\"your-message\" cols=\"40\" rows=\"10\" class=\"wpcf7-form-control wpcf7-textarea\" aria-invalid=\"false\"><\/textarea><\/span> <\/label><\/p>\n<p><input type=\"submit\" value=\"Envoyer\" class=\"wpcf7-form-control wpcf7-submit\" \/><\/p>\n<div class=\"wpcf7-response-output\" aria-hidden=\"true\"><\/div><\/form><\/div><\/div>\n            <\/div>\t\t<\/div>\n\t\t\t\t<\/div>\n\t\t\t\t\t\t<\/div>\n\t\t\t\t\t<\/div>\n\t\t<\/div>\n\t\t\t\t<div class=\"elementor-column elementor-col-50 elementor-top-column elementor-element elementor-element-11c8851\" data-id=\"11c8851\" data-element_type=\"column\">\n\t\t\t<div class=\"elementor-column-wrap elementor-element-populated\">\n\t\t\t\t\t\t\t<div class=\"elementor-widget-wrap\">\n\t\t\t\t\t\t<div class=\"elementor-element elementor-element-ec2d432 elementor-widget elementor-widget-text-editor\" data-id=\"ec2d432\" data-element_type=\"widget\" data-widget_type=\"text-editor.default\">\n\t\t\t\t<div class=\"elementor-widget-container\">\n\t\t\t\t\t<div class=\"elementor-text-editor elementor-clearfix\"><p><span style=\"font-family: Nunito;\"><a href=\"mailto:contact@toilesfilantesproductions.com\">contact@toilesfilantesproductions.com<\/a><\/span><\/p><p><span style=\"font-family: Nunito;\">Toiles Filantes Productions<\/span><br \/><span style=\"font-family: Nunito;\">BP 223 26400 Crest | France<\/span><\/p><p><span style=\"font-family: Nunito;\"><strong>Camille Arnaud<br \/><\/strong><span style=\"font-size: 10pt;\">Paris<\/span><strong><br \/><\/strong>06 22 39 73 03<\/span><\/p><p><span style=\"font-family: Nunito;\"><strong>Thorsten Kunisch<\/strong><\/span><br \/><span style=\"font-size: 10pt; font-family: Nunito;\">D\u00fcsseldorf (Allemagne) &amp; Soyans (Dr\u00f4me)<\/span><br \/><span style=\"font-family: Nunito;\">06 83 78 81 95<\/span><\/p><p><span style=\"font-family: Nunito;\"><strong>Matthieu Quillet<br \/><\/strong><\/span><span style=\"font-size: small;\">Saint-\u00c9tienne-de-Valoux (Ard\u00e8che)<\/span><br \/><span style=\"font-family: Nunito;\">06 99 61 74 90<\/span><\/p><p><span style=\"font-family: Nunito;\"><strong>Laurie Sanquer<\/strong><\/span><br \/><span style=\"font-family: Nunito; font-size: 10pt;\">Saillans (Dr\u00f4me)<\/span><br \/><span style=\"font-family: Nunito;\">06 45 16 66 10<\/span><\/p><\/div>\n\t\t\t\t<\/div>\n\t\t\t\t<\/div>\n\t\t\t\t\t\t<\/div>\n\t\t\t\t\t<\/div>\n\t\t<\/div>\n\t\t\t\t\t\t\t\t<\/div>\n\t\t\t\t\t<\/div>\n\t\t<\/section>\n\t\t\t\t\t\t<\/div>\n\t\t\t\t\t\t<\/div>\n\t\t\t\t\t<\/div>\n\t\t","protected":false},"excerpt":{"rendered":"<p>Votre nom (obligatoire) Votre adresse de messagerie (obligatoire) Objet Votre message contact@toilesfilantesproductions.com Toiles Filantes ProductionsBP 223 26400 Crest | France Camille ArnaudParis06 22 39 73 03 Thorsten KunischD\u00fcsseldorf (Allemagne) &amp; Soyans (Dr\u00f4me)06 83 78 81 95 Matthieu QuilletSaint-\u00c9tienne-de-Valoux (Ard\u00e8che)06 99 61 74 90 Laurie SanquerSaillans (Dr\u00f4me)06 45 16 66 10<\/p>\n","protected":false},"author":1,"featured_media":0,"parent":0,"menu_order":0,"comment_status":"closed","ping_status":"closed","template":"","meta":{"footnotes":""},"yoast_head":"<!-- This site is optimized with the Yoast SEO plugin v15.9 - https:\/\/yoast.com\/wordpress\/plugins\/seo\/ -->\n<title>contacts &mdash; Toiles Filantes Productions<\/title>\n<meta name=\"robots\" content=\"index, follow, max-snippet:-1, max-image-preview:large, max-video-preview:-1\" \/>\n<link rel=\"canonical\" href=\"https:\/\/toilesfilantesproductions.com\/index.php\/contacts\/\" \/>\n<meta property=\"og:locale\" content=\"fr_FR\" \/>\n<meta property=\"og:type\" content=\"article\" \/>\n<meta property=\"og:title\" content=\"contacts &mdash; Toiles Filantes Productions\" \/>\n<meta property=\"og:description\" content=\"Votre nom (obligatoire) Votre adresse de messagerie (obligatoire) Objet Votre message contact@toilesfilantesproductions.com Toiles Filantes ProductionsBP 223 26400 Crest | France Camille ArnaudParis06 22 39 73 03 Thorsten KunischD\u00fcsseldorf (Allemagne) &amp; Soyans (Dr\u00f4me)06 83 78 81 95 Matthieu QuilletSaint-\u00c9tienne-de-Valoux (Ard\u00e8che)06 99 61 74 90 Laurie SanquerSaillans (Dr\u00f4me)06 45 16 66 10\" \/>\n<meta property=\"og:url\" content=\"https:\/\/toilesfilantesproductions.com\/index.php\/contacts\/\" \/>\n<meta property=\"og:site_name\" content=\"Toiles Filantes Productions\" \/>\n<meta property=\"article:modified_time\" content=\"2020-05-19T11:59:05+00:00\" \/>\n<meta name=\"twitter:card\" content=\"summary_large_image\" \/>\n<script type=\"application\/ld+json\" class=\"yoast-schema-graph\">{\"@context\":\"https:\/\/schema.org\",\"@graph\":[{\"@type\":\"Organization\",\"@id\":\"https:\/\/toilesfilantesproductions.com\/#organization\",\"name\":\"Toiles Filantes Productions\",\"url\":\"https:\/\/toilesfilantesproductions.com\/\",\"sameAs\":[],\"logo\":{\"@type\":\"ImageObject\",\"@id\":\"https:\/\/toilesfilantesproductions.com\/#logo\",\"inLanguage\":\"fr-FR\",\"url\":\"https:\/\/toilesfilantesproductions.com\/wp-content\/uploads\/2019\/12\/logo-TFP-production-audiovisuelle-drome.png\",\"width\":400,\"height\":218,\"caption\":\"Toiles Filantes Productions\"},\"image\":{\"@id\":\"https:\/\/toilesfilantesproductions.com\/#logo\"}},{\"@type\":\"WebSite\",\"@id\":\"https:\/\/toilesfilantesproductions.com\/#website\",\"url\":\"https:\/\/toilesfilantesproductions.com\/\",\"name\":\"Toiles Filantes Productions\",\"description\":\"Toiles Filantes Productions r\\u00e9unit des professionnels de l&#039;audiovisuel et vous propose des r\\u00e9alisations de clips de promotion, films institutionnels\\u2026\",\"publisher\":{\"@id\":\"https:\/\/toilesfilantesproductions.com\/#organization\"},\"potentialAction\":[{\"@type\":\"SearchAction\",\"target\":\"https:\/\/toilesfilantesproductions.com\/?s={search_term_string}\",\"query-input\":\"required name=search_term_string\"}],\"inLanguage\":\"fr-FR\"},{\"@type\":\"WebPage\",\"@id\":\"https:\/\/toilesfilantesproductions.com\/index.php\/contacts\/#webpage\",\"url\":\"https:\/\/toilesfilantesproductions.com\/index.php\/contacts\/\",\"name\":\"contacts &mdash; Toiles Filantes Productions\",\"isPartOf\":{\"@id\":\"https:\/\/toilesfilantesproductions.com\/#website\"},\"datePublished\":\"2019-12-05T11:27:32+00:00\",\"dateModified\":\"2020-05-19T11:59:05+00:00\",\"breadcrumb\":{\"@id\":\"https:\/\/toilesfilantesproductions.com\/index.php\/contacts\/#breadcrumb\"},\"inLanguage\":\"fr-FR\",\"potentialAction\":[{\"@type\":\"ReadAction\",\"target\":[\"https:\/\/toilesfilantesproductions.com\/index.php\/contacts\/\"]}]},{\"@type\":\"BreadcrumbList\",\"@id\":\"https:\/\/toilesfilantesproductions.com\/index.php\/contacts\/#breadcrumb\",\"itemListElement\":[{\"@type\":\"ListItem\",\"position\":1,\"item\":{\"@type\":\"WebPage\",\"@id\":\"https:\/\/toilesfilantesproductions.com\/\",\"url\":\"https:\/\/toilesfilantesproductions.com\/\",\"name\":\"Accueil\"}},{\"@type\":\"ListItem\",\"position\":2,\"item\":{\"@type\":\"WebPage\",\"@id\":\"https:\/\/toilesfilantesproductions.com\/index.php\/contacts\/\",\"url\":\"https:\/\/toilesfilantesproductions.com\/index.php\/contacts\/\",\"name\":\"contacts\"}}]}]}<\/script>\n<!-- \/ Yoast SEO plugin. -->","_links":{"self":[{"href":"https:\/\/toilesfilantesproductions.com\/index.php\/wp-json\/wp\/v2\/pages\/7"}],"collection":[{"href":"https:\/\/toilesfilantesproductions.com\/index.php\/wp-json\/wp\/v2\/pages"}],"about":[{"href":"https:\/\/toilesfilantesproductions.com\/index.php\/wp-json\/wp\/v2\/types\/page"}],"author":[{"embeddable":true,"href":"https:\/\/toilesfilantesproductions.com\/index.php\/wp-json\/wp\/v2\/users\/1"}],"replies":[{"embeddable":true,"href":"https:\/\/toilesfilantesproductions.com\/index.php\/wp-json\/wp\/v2\/comments?post=7"}],"version-history":[{"count":13,"href":"https:\/\/toilesfilantesproductions.com\/index.php\/wp-json\/wp\/v2\/pages\/7\/revisions"}],"predecessor-version":[{"id":551,"href":"https:\/\/toilesfilantesproductions.com\/index.php\/wp-json\/wp\/v2\/pages\/7\/revisions\/551"}],"wp:attachment":[{"href":"https:\/\/toilesfilantesproductions.com\/index.php\/wp-json\/wp\/v2\/media?parent=7"}],"curies":[{"name":"wp","href":"https:\/\/api.w.org\/{rel}","templated":true}]}}